{"id":872,"date":"2019-06-17T03:37:49","date_gmt":"2019-06-17T01:37:49","guid":{"rendered":"https:\/\/emprowear.com\/?post_type=product&#038;p=872"},"modified":"2024-03-12T17:02:55","modified_gmt":"2024-03-12T16:02:55","slug":"toptan-glossy-gel","status":"publish","type":"product","link":"https:\/\/emprowear.com\/es_es\/tienda\/toptan-glossy-gel\/","title":{"rendered":"Toptan + Glossy Gel"},"content":{"rendered":"<p><strong>El aut\u00e9ntico tinte de competici\u00f3n TOP TAN<\/strong><br \/>\nHay muchos tintes en el mercado pero TOP TAN es la f\u00f3rmula m\u00e1s efectiva que existe y no tiene ACETONA. TOP TAN es un tinte que se adapta con facilidad a tu piel. Ser\u00e1 suficiente que lo uses solamente 1 d\u00eda antes de la competici\u00f3n para conseguir resultados espectaculares. Apl\u00edcalo de manera uniforme sobre la piel con su aplicador especial. Y si adem\u00e1s repites la aplicaci\u00f3n unas 3 horas despu\u00e9s de la primera pasada el resultado ser\u00e1 fant\u00e1stico. Lo puedes usar el mismo d\u00eda de la competici\u00f3n. Y recuerda que cuanto m\u00e1s lo apliques m\u00e1s oscura quedar\u00e1 la piel.<\/p>\n<p><strong>\u00bfPor qu\u00e9 comprar TOP TAN?<\/strong><br \/>\nPorque es el tinte m\u00e1s profesional para tus competiciones de bodybuilding. Es la manera m\u00e1s precisa de conseguir el bronceado perfecto.<\/p>\n<p><strong>\u00bfC\u00f3mo aplicar TOP TAN?<\/strong><br \/>\nEl tinte TOP TAN se adapta a tu piel. Simplemente utiliza el aplicador de manera uniforme por toda tu piel. Puedes insistir en las zonas que quieres que tomen un color todav\u00eda m\u00e1s oscuro.<\/p>\n<p>El <strong>GLOSSY GEL de TOP TAN<\/strong> es una f\u00f3rmula efectiva, que se adapta con facilidad a la piel. Es suficiente utilizarlo tan solo momentos antes de la competici\u00f3n.<\/p>\n<p>Se aplica uniformemente sobre la piel con un rodillo o las propias manos.<\/p>\n<p><strong>INGREDIENTES TINTE TOPTAN:\u00a0\u00a0<\/strong>Agua, Alchohol, Dihydroxycetona, perfume, Trideceth-9, Fenoxietanol, PEG-40,Aceite de ricino de hidrogenado, CL 12985. 14720,4251, Metildibromo glutaronitrilo<\/p>\n<p><strong>INGREDIENTES GLOSSY TOPTAN:<\/strong> Parafina, polietileno<\/p>\n<hr \/>\n<p><strong>No se admiten devoluciones de los tintes o glossy.<\/strong><\/p>\n<p><strong>Returns of dyes or glossy are not accepted.<\/strong><\/p>\n<p><strong>\u00bfTienes dudas?<\/strong><br \/>\nCons\u00faltalas todas desde nuestra p\u00e1gina de preguntas frecuentes haciendo click <a href=\"https:\/\/emprowear.com\/preguntas-frecuentes\">aqu\u00ed<\/a>. O bien cons\u00faltanos directamente a nuestro tel\u00e9fono de contacto haciendo click en el icono de WhatsApp.<\/p>\n","protected":false},"excerpt":{"rendered":"<p>El aut\u00e9ntico tinte de competici\u00f3n TOP TAN Hay muchos tintes en el mercado pero TOP TAN es la f\u00f3rmula m\u00e1s efectiva que existe y no tiene ACETONA. TOP TAN es un tinte que se adapta con facilidad a tu piel. Ser\u00e1 suficiente que lo uses solamente 1 d\u00eda antes de la competici\u00f3n para conseguir resultados [&hellip;]<\/p>\n","protected":false},"featured_media":873,"template":"","meta":[],"product_brand":[],"product_cat":[78,242],"product_tag":[166,173,170,165],"class_list":{"0":"post-872","1":"product","2":"type-product","3":"status-publish","4":"has-post-thumbnail","6":"product_cat-especial-competicion","7":"product_cat-tintes-de-competicion","8":"product_tag-bronceado","9":"product_tag-competicion","10":"product_tag-tinte","11":"product_tag-toptan","13":"first","14":"instock","15":"sale","16":"taxable","17":"shipping-taxable","18":"purchasable","19":"product-type-simple"},"_links":{"self":[{"href":"https:\/\/emprowear.com\/es_es\/wp-json\/wp\/v2\/product\/872","targetHints":{"allow":["GET"]}}],"collection":[{"href":"https:\/\/emprowear.com\/es_es\/wp-json\/wp\/v2\/product"}],"about":[{"href":"https:\/\/emprowear.com\/es_es\/wp-json\/wp\/v2\/types\/product"}],"wp:featuredmedia":[{"embeddable":true,"href":"https:\/\/emprowear.com\/es_es\/wp-json\/wp\/v2\/media\/873"}],"wp:attachment":[{"href":"https:\/\/emprowear.com\/es_es\/wp-json\/wp\/v2\/media?parent=872"}],"wp:term":[{"taxonomy":"product_brand","embeddable":true,"href":"https:\/\/emprowear.com\/es_es\/wp-json\/wp\/v2\/product_brand?post=872"},{"taxonomy":"product_cat","embeddable":true,"href":"https:\/\/emprowear.com\/es_es\/wp-json\/wp\/v2\/product_cat?post=872"},{"taxonomy":"product_tag","embeddable":true,"href":"https:\/\/emprowear.com\/es_es\/wp-json\/wp\/v2\/product_tag?post=872"}],"curies":[{"name":"wp","href":"https:\/\/api.w.org\/{rel}","templated":true}]}}