{"id":863,"date":"2019-06-17T03:22:47","date_gmt":"2019-06-17T01:22:47","guid":{"rendered":"https:\/\/emprowear.com\/?post_type=product&#038;p=863"},"modified":"2026-04-10T09:35:11","modified_gmt":"2026-04-10T07:35:11","slug":"toptan","status":"publish","type":"product","link":"https:\/\/emprowear.com\/es_es\/tienda\/toptan\/","title":{"rendered":"Toptan"},"content":{"rendered":"<p>Toptan. para los culturistas m\u00e1s exigentes.<\/p>\n<p><strong>\u00a1Consigue un bronceado perfecto para las competiciones!<\/strong><br \/>\nTinte Oficial para el Mr. Olympia Amateur Spain y Homologado por la IFBB PRO SPAIN para ser usado en sus campeonatos.<\/p>\n<p><strong>El aut\u00e9ntico tinte de competici\u00f3n TOPTAN<\/strong><br \/>\nHay muchos tintes en el mercado pero TOPTAN es la f\u00f3rmula m\u00e1s efectiva que existe y no tiene ACETONA. TOPTAN es un tinte que se adapta con facilidad a tu piel. Ser\u00e1 suficiente que lo uses solamente 1 d\u00eda antes de la competici\u00f3n para conseguir resultados espectaculares. Apl\u00edcalo de manera uniforme sobre la piel con su aplicador especial. Y si adem\u00e1s repites la aplicaci\u00f3n unas 3 horas despu\u00e9s de la primera pasada el resultado ser\u00e1 fant\u00e1stico. Lo puedes usar el mismo d\u00eda de la competici\u00f3n. Y recuerda que cuanto m\u00e1s lo apliques m\u00e1s oscura quedar\u00e1 la piel.<\/p>\n<p><strong>\u00bfPor qu\u00e9 comprar TOPTAN?<\/strong><br \/>\nPorque es el tinte m\u00e1s profesional para tus competiciones de bodybuilding. Es la manera m\u00e1s precisa de conseguir el bronceado perfecto.<\/p>\n<p><strong>\u00bfC\u00f3mo aplicar TOPTAN?<\/strong><br \/>\nEl tinte TOP TAN se adapta a tu piel. Simplemente utiliza el aplicador de manera uniforme por toda tu piel. Puedes insistir en las zonas que quieres que tomen un color todav\u00eda m\u00e1s oscuro.<\/p>\n<p><strong>Otros productos TOPTAN: GLOSSY<\/strong><br \/>\nEl Glossy Gel de Toptan te dar\u00e1 un acabado perfecto.<\/p>\n<hr \/>\n<p><strong>No se admiten devoluciones de los tintes o glossy.<\/strong><\/p>\n<p><strong>Returns of dyes or glossy are not accepted.<\/strong><\/p>\n<p><strong>\u00bfTienes dudas?<\/strong><br \/>\nCons\u00faltalas todas desde nuestra p\u00e1gina de preguntas frecuentes haciendo click <a href=\"https:\/\/emprowear.com\/preguntas-frecuentes\">aqu\u00ed<\/a>. O bien cons\u00faltanos directamente a nuestro tel\u00e9fono de contacto haciendo click en el icono de WhatsApp.<\/p>\n","protected":false},"excerpt":{"rendered":"<p>Tinte de competici\u00f3n oficial para el Mr. Olympia Amateur Spain.<\/p>\n","protected":false},"featured_media":866,"template":"","meta":[],"product_brand":[],"product_cat":[78,242],"product_tag":[],"class_list":{"0":"post-863","1":"product","2":"type-product","3":"status-publish","4":"has-post-thumbnail","6":"product_cat-especial-competicion","7":"product_cat-tintes-de-competicion","9":"first","10":"instock","11":"taxable","12":"shipping-taxable","13":"purchasable","14":"product-type-simple"},"_links":{"self":[{"href":"https:\/\/emprowear.com\/es_es\/wp-json\/wp\/v2\/product\/863","targetHints":{"allow":["GET"]}}],"collection":[{"href":"https:\/\/emprowear.com\/es_es\/wp-json\/wp\/v2\/product"}],"about":[{"href":"https:\/\/emprowear.com\/es_es\/wp-json\/wp\/v2\/types\/product"}],"wp:featuredmedia":[{"embeddable":true,"href":"https:\/\/emprowear.com\/es_es\/wp-json\/wp\/v2\/media\/866"}],"wp:attachment":[{"href":"https:\/\/emprowear.com\/es_es\/wp-json\/wp\/v2\/media?parent=863"}],"wp:term":[{"taxonomy":"product_brand","embeddable":true,"href":"https:\/\/emprowear.com\/es_es\/wp-json\/wp\/v2\/product_brand?post=863"},{"taxonomy":"product_cat","embeddable":true,"href":"https:\/\/emprowear.com\/es_es\/wp-json\/wp\/v2\/product_cat?post=863"},{"taxonomy":"product_tag","embeddable":true,"href":"https:\/\/emprowear.com\/es_es\/wp-json\/wp\/v2\/product_tag?post=863"}],"curies":[{"name":"wp","href":"https:\/\/api.w.org\/{rel}","templated":true}]}}