{"id":21316,"date":"2026-04-28T11:52:20","date_gmt":"2026-04-28T09:52:20","guid":{"rendered":"https:\/\/emprowear.com\/?post_type=product&#038;p=21316"},"modified":"2026-04-28T11:55:03","modified_gmt":"2026-04-28T09:55:03","slug":"sobrecamisa-cuadros-olympia-amateur-ii","status":"publish","type":"product","link":"https:\/\/emprowear.com\/es_es\/tienda\/sobrecamisa-cuadros-olympia-amateur-ii\/","title":{"rendered":"SOBRECAMISA CUADROS OLYMPIA AMATEUR II"},"content":{"rendered":"<p>&nbsp;<\/p>\n<p>La SOBRECAMISA es la liga por excelencia del f\u00fatbol americano a nivel mundial desde 1920.<\/p>\n<p>En Emprowear hemos realizado unas r\u00e9plicas de las que llevan los profesionales y la afici\u00f3n que van a apoyarlos a los partidos. Son prendas anchas, traspirables, que no cogen olor a sudor, no hace falta plancharlas. Con un corte que te permite darlo todo en el entrenamiento y con un dise\u00f1o que te aseguramos que causa sensaci\u00f3n. Ideal para vestir de modo casual porque a la vez, se ve elegante. Es como si no llevaras nada puesto. Su impresi\u00f3n a sublimaci\u00f3n es de alta calidad, por lo que resistir\u00e1 todos lo lavados que le hagas sin perder su color.<\/p>\n<p>Caracter\u00edsticas:<\/p>\n<p>. Transpirable, absorbe la humedad, no coge olor, se seca r\u00e1pidamente<\/p>\n<p>. Confeccionada en un material de rejilla 100% Poli\u00e9ster<\/p>\n<p>. Adecuada para cualquier tipo de deporte o ropa casual.<\/p>\n<p>Un buen regalo para amigos, familiares.<\/p>\n<p>&nbsp;<\/p>\n<p>&nbsp;<\/p>\n<p>&nbsp;<\/p>\n<hr \/>\n<p>Recuerda que todas las <strong>devoluciones son gratuitas<\/strong>, haz tu pedido y si hay cualquier problema <strong>te devolvemos el dinero y mandaremos a alguien a que vaya a recoger el paquete.<\/strong><br \/>\n\u00a1100% Garantizado!<\/p>\n<p><strong>\u00bfTienes dudas?<\/strong><br \/>\nCons\u00faltalas todas desde nuestra p\u00e1gina de preguntas frecuentes haciendo click <a href=\"https:\/\/emprowear.com\/preguntas-frecuentes\">aqu\u00ed<\/a>. O bien cons\u00faltanos directamente a nuestro tel\u00e9fono de contacto haciendo click en el icono de WhatsApp.<\/p>\n","protected":false},"excerpt":{"rendered":"<p>Nueva SOBRECAMISA CUADROS OLYMPIA AMATEUR II<\/p>\n<p>&nbsp;<\/p>\n<p>&nbsp;<\/p>\n","protected":false},"featured_media":21303,"template":"","meta":[],"product_brand":[],"product_cat":[77,154,244,153,156],"product_tag":[95,97,209,96,199,98],"class_list":{"0":"post-21316","1":"product","2":"type-product","3":"status-publish","4":"has-post-thumbnail","6":"product_cat-camisetas","7":"product_cat-top-sellers","8":"product_cat-merchandasing-competiciones","9":"product_cat-nuevos-productos","10":"product_cat-olympia","11":"product_tag-camiseta","12":"product_tag-empro","13":"product_tag-empro-classic","14":"product_tag-emprowear","15":"product_tag-nfl","16":"product_tag-olympia","18":"first","19":"instock","20":"taxable","21":"shipping-taxable","22":"purchasable","23":"product-type-variable"},"_links":{"self":[{"href":"https:\/\/emprowear.com\/es_es\/wp-json\/wp\/v2\/product\/21316","targetHints":{"allow":["GET"]}}],"collection":[{"href":"https:\/\/emprowear.com\/es_es\/wp-json\/wp\/v2\/product"}],"about":[{"href":"https:\/\/emprowear.com\/es_es\/wp-json\/wp\/v2\/types\/product"}],"wp:featuredmedia":[{"embeddable":true,"href":"https:\/\/emprowear.com\/es_es\/wp-json\/wp\/v2\/media\/21303"}],"wp:attachment":[{"href":"https:\/\/emprowear.com\/es_es\/wp-json\/wp\/v2\/media?parent=21316"}],"wp:term":[{"taxonomy":"product_brand","embeddable":true,"href":"https:\/\/emprowear.com\/es_es\/wp-json\/wp\/v2\/product_brand?post=21316"},{"taxonomy":"product_cat","embeddable":true,"href":"https:\/\/emprowear.com\/es_es\/wp-json\/wp\/v2\/product_cat?post=21316"},{"taxonomy":"product_tag","embeddable":true,"href":"https:\/\/emprowear.com\/es_es\/wp-json\/wp\/v2\/product_tag?post=21316"}],"curies":[{"name":"wp","href":"https:\/\/api.w.org\/{rel}","templated":true}]}}