{"id":21103,"date":"2026-03-27T12:20:12","date_gmt":"2026-03-27T11:20:12","guid":{"rendered":"https:\/\/emprowear.com\/?post_type=product&#038;p=21103"},"modified":"2026-03-31T15:53:12","modified_gmt":"2026-03-31T13:53:12","slug":"oversize-o-1965-black-red","status":"publish","type":"product","link":"https:\/\/emprowear.com\/es_es\/tienda\/oversize-o-1965-black-red\/","title":{"rendered":"Oversize O 1965 Black-Red"},"content":{"rendered":"<p data-start=\"104\" data-end=\"149\"><strong data-start=\"104\" data-end=\"149\">Camiseta Oversize Joe Weider Olympia 1965<\/strong><\/p>\n<p data-start=\"151\" data-end=\"262\">Revive la esencia del culturismo cl\u00e1sico con esta camiseta oversize inspirada en el legendario Olympia de 1965.<\/p>\n<p data-start=\"264\" data-end=\"516\">Dise\u00f1ada para quienes viven el fitness con actitud, esta prenda combina un estilo vintage ic\u00f3nico con un fit moderno y c\u00f3modo. Su corte oversize ofrece m\u00e1xima libertad de movimiento y un look actual, perfecto tanto para entrenar como para tu d\u00eda a d\u00eda.<\/p>\n<p data-start=\"518\" data-end=\"746\">El dise\u00f1o frontal destaca el hist\u00f3rico <em data-start=\"557\" data-end=\"582\">Joe Weider Olympia 1965<\/em>, s\u00edmbolo de una era que marc\u00f3 el inicio de la \u00e9lite del culturismo mundial. En la parte trasera, un gr\u00e1fico minimalista refuerza su identidad sin perder elegancia.<\/p>\n<p data-start=\"748\" data-end=\"768\"><strong data-start=\"748\" data-end=\"768\">Caracter\u00edsticas:<\/strong><\/p>\n<ul data-start=\"769\" data-end=\"930\">\n<li data-section-id=\"q15b28\" data-start=\"769\" data-end=\"809\">Corte oversize (fit amplio y c\u00f3modo)<\/li>\n<li data-section-id=\"18ned2m\" data-start=\"810\" data-end=\"836\">Tejido de alta calidad<\/li>\n<li data-section-id=\"1xqbaz1\" data-start=\"837\" data-end=\"870\">Dise\u00f1o exclusivo Olympia 1965<\/li>\n<li data-section-id=\"1x0ndfi\" data-start=\"871\" data-end=\"898\">Estilo urbano + fitness<\/li>\n<li data-section-id=\"1tpjuib\" data-start=\"899\" data-end=\"930\">Ideal para gym o streetwear<\/li>\n<\/ul>\n<p data-start=\"932\" data-end=\"976\">&#x1f525; Lleva contigo la historia del culturismo.<\/p>\n<p>&nbsp;<\/p>\n<p>Confeccionada 50% Algod\u00f3n y 50% Poli\u00e9ster<\/p>\n<p>El color de la prenda puede tener una peque\u00f1a diferencia respecto a la imagen debido al formato y la iluminaci\u00f3n.<\/p>\n<p>The color of the garment may have a small difference from the image due to the format and lighting.<\/p>\n<p><strong>Consejos para lavar las prendas subliminadas<\/strong><\/p>\n<ul>\n<li>importante\u00a0<strong>separar los colores oscuros de los claros<\/strong>.<\/li>\n<li><strong>Lavar las camisetas del rev\u00e9s<\/strong>, as\u00ed el estampado no rozar\u00e1 con el tambor de la lavadora.<\/li>\n<li><strong>Lavar en agua fr\u00eda<\/strong>: no m\u00e1s de 30\u00baC.<\/li>\n<li><strong>No lavar en seco<\/strong>.<\/li>\n<li><strong>No usar lej\u00eda<\/strong>\u00a0ni jabones abrasivos y evitar el uso de suavizantes.<\/li>\n<\/ul>\n<ul>\n<li><strong>No utilizar secadora<\/strong>, preferiblemente.<\/li>\n<li><strong>No estrujar las prendas<\/strong>.<\/li>\n<li><strong>Planchar del rev\u00e9s<\/strong>, a m\u00e1ximo 110\u00baC y evitando utilizar vapor.<\/li>\n<li><strong>No dormir con camisetas personalizadas<\/strong>\u00a0para evitar el desgaste.<\/li>\n<\/ul>\n<p>&nbsp;<\/p>\n<p><strong>Tips for washing subliminated garments<\/strong><\/p>\n<p>&nbsp;<\/p>\n<ul>\n<li>Important to <strong>separate dark colors from light ones.<\/strong><\/li>\n<li><strong>Wash the t-shirts inside out<\/strong>, so the print will not rub against the washing machine drum.<\/li>\n<li><strong>Wash in cold water<\/strong>: no more than 30\u00baC.<\/li>\n<li><strong>Do not dry clean.<\/strong><\/li>\n<li><strong>Do not use bleach<\/strong> or abrasive soaps and avoid the use of fabric softeners.<\/li>\n<li><strong>Preferably do not use a dryer.<\/strong><\/li>\n<li><strong>Do not wring the clothes.<\/strong><\/li>\n<li><strong>Iron inside out<\/strong>, at a maximum of 110\u00baC and avoiding using steam.<\/li>\n<li><strong>Do not sleep with personalized<\/strong> t-shirts to avoid wear and tear.<\/li>\n<\/ul>\n<p>&nbsp;<\/p>\n<p>&nbsp;<\/p>\n<hr \/>\n<p>Recuerda que todas las <strong>devoluciones son gratuitas<\/strong>, haz tu pedido y si hay cualquier problema <strong>te devolvemos el dinero y mandaremos a alguien a que vaya a recoger el paquete.<\/strong><br \/>\n\u00a1100% Garantizado!<\/p>\n<p><strong>\u00bfTienes dudas?<\/strong><br \/>\nCons\u00faltalas todas desde nuestra p\u00e1gina de preguntas frecuentes haciendo click <a href=\"https:\/\/emprowear.com\/preguntas-frecuentes\">aqu\u00ed<\/a>. O bien cons\u00faltanos directamente a nuestro tel\u00e9fono de contacto haciendo click en el icono de WhatsApp.<\/p>\n<p><strong>ESTE PRODUCTO NO EST\u00c1 HABILITADO PARA LA VENTA ONLINE SOLO SE PODR\u00c1 COMPRAR PARA LA RESERVA Y SER RECOGIDO EN LA SEMANA DEL OLYMPIA AMATEUR SPAIN EN JUNIO DE 2025. Si no pudiera asistir a este evento p\u00f3ngase en contacto a trav\u00e9s del whatsapp +34 652 87 22 35<\/strong><\/p>\n","protected":false},"excerpt":{"rendered":"<p>Camiseta Oversize serie Olympia 1965<\/p>\n<p>50% algod\u00f3n 50% poli\u00e9ster<\/p>\n","protected":false},"featured_media":21112,"template":"","meta":[],"product_brand":[],"product_cat":[77,154,244,288],"product_tag":[95,97,96,98,94,318],"class_list":{"0":"post-21103","1":"product","2":"type-product","3":"status-publish","4":"has-post-thumbnail","6":"product_cat-camisetas","7":"product_cat-top-sellers","8":"product_cat-merchandasing-competiciones","9":"product_cat-serie-olympia-1965","10":"product_tag-camiseta","11":"product_tag-empro","12":"product_tag-emprowear","13":"product_tag-olympia","14":"product_tag-oversize","15":"product_tag-weider","17":"first","18":"instock","19":"taxable","20":"shipping-taxable","21":"purchasable","22":"product-type-variable"},"_links":{"self":[{"href":"https:\/\/emprowear.com\/es_es\/wp-json\/wp\/v2\/product\/21103","targetHints":{"allow":["GET"]}}],"collection":[{"href":"https:\/\/emprowear.com\/es_es\/wp-json\/wp\/v2\/product"}],"about":[{"href":"https:\/\/emprowear.com\/es_es\/wp-json\/wp\/v2\/types\/product"}],"wp:featuredmedia":[{"embeddable":true,"href":"https:\/\/emprowear.com\/es_es\/wp-json\/wp\/v2\/media\/21112"}],"wp:attachment":[{"href":"https:\/\/emprowear.com\/es_es\/wp-json\/wp\/v2\/media?parent=21103"}],"wp:term":[{"taxonomy":"product_brand","embeddable":true,"href":"https:\/\/emprowear.com\/es_es\/wp-json\/wp\/v2\/product_brand?post=21103"},{"taxonomy":"product_cat","embeddable":true,"href":"https:\/\/emprowear.com\/es_es\/wp-json\/wp\/v2\/product_cat?post=21103"},{"taxonomy":"product_tag","embeddable":true,"href":"https:\/\/emprowear.com\/es_es\/wp-json\/wp\/v2\/product_tag?post=21103"}],"curies":[{"name":"wp","href":"https:\/\/api.w.org\/{rel}","templated":true}]}}