{"id":20830,"date":"2026-02-26T13:24:03","date_gmt":"2026-02-26T12:24:03","guid":{"rendered":"https:\/\/emprowear.com\/?post_type=product&#038;p=20830"},"modified":"2026-03-06T09:58:33","modified_gmt":"2026-03-06T08:58:33","slug":"bolsa-de-rafia-empro","status":"publish","type":"product","link":"https:\/\/emprowear.com\/es_es\/tienda\/bolsa-de-rafia-empro\/","title":{"rendered":"BOLSA DE RAFIA EMPRO"},"content":{"rendered":"<h3>&#x1f525; Dise\u00f1o con car\u00e1cter<\/h3>\n<p>Con un estilo alineado con el mundo del culturismo y la mentalidad fuerte que representa nuestra marca. Un bolso que transmite identidad y determinaci\u00f3n.<\/p>\n<h3>&#x1f3cb;&#xfe0f; M\u00e1xima capacidad (42&#215;47 cm)<\/h3>\n<p>Espacio de sobra para:<\/p>\n<ul>\n<li>Tu ropa y accesorios de gimnasio<\/li>\n<li>Compra semanal<\/li>\n<li>Suplementaci\u00f3n y comida preparada<\/li>\n<li>Toalla, zapatillas, sudadera<\/li>\n<li>Uso diario, viajes cortos y mucho m\u00e1s<\/li>\n<\/ul>\n<p>Un solo bolso. Infinitas posibilidades.<\/p>\n<h3>&#x1f4a7; Resistente al agua<\/h3>\n<p>Fabricado con material duradero y resistente al agua.<br \/>\nProtege lo que llevas dentro, incluso en d\u00edas de lluvia o entrenamientos intensos.<\/p>\n<h3>&#x1f6e1;&#xfe0f; Alta resistencia<\/h3>\n<p>Dise\u00f1ado para soportar peso y uso frecuente. No se deforma, no se rompe f\u00e1cilmente y mantiene su estructura. Est\u00e1 hecho para durar.<\/p>\n<hr \/>\n<h2>No es una bolsa. Es una declaraci\u00f3n.<\/h2>\n<p>Si formas parte del estilo de vida fitness, sabes que cada detalle cuenta.<br \/>\nEste bolso representa funcionalidad, resistencia y mentalidad fuerte.<\/p>\n<h3>&#x2714; Vers\u00e1til<\/h3>\n<h3>&#x2714; Amplio<\/h3>\n<h3>&#x2714; Resistente<\/h3>\n<h3>&#x2714; Dise\u00f1o exclusivo<\/h3>\n<p>Haz que te acompa\u00f1e al gimnasio, a la compra o donde quieras.<br \/>\nPorque tu estilo de vida no es com\u00fan\u2026 tu bolso tampoco deber\u00eda serlo.<\/p>\n","protected":false},"excerpt":{"rendered":"<h2>BOLSO RAFIA 42&#215;47 &#x1f4aa;<\/h2>\n<h3>FUERZA, ESTILO Y CAPACIDAD SIN L\u00cdMITES<\/h3>\n<p>No es la t\u00edpica bolsa de supermercado.<br \/>\nEs actitud. Es resistencia. Es tu d\u00eda a d\u00eda dentro y fuera del gimnasio.<\/p>\n","protected":false},"featured_media":20831,"template":"","meta":[],"product_brand":[],"product_cat":[56,51,224],"product_tag":[274,273,275,97,96,98],"class_list":{"0":"post-20830","1":"product","2":"type-product","3":"status-publish","4":"has-post-thumbnail","6":"product_cat-accessories","7":"product_cat-complementos-outfit","8":"product_cat-mochilas-y-parches","9":"product_tag-bolsa","10":"product_tag-bolso","11":"product_tag-compra","12":"product_tag-empro","13":"product_tag-emprowear","14":"product_tag-olympia","16":"first","17":"instock","18":"taxable","19":"shipping-taxable","20":"purchasable","21":"product-type-simple"},"_links":{"self":[{"href":"https:\/\/emprowear.com\/es_es\/wp-json\/wp\/v2\/product\/20830","targetHints":{"allow":["GET"]}}],"collection":[{"href":"https:\/\/emprowear.com\/es_es\/wp-json\/wp\/v2\/product"}],"about":[{"href":"https:\/\/emprowear.com\/es_es\/wp-json\/wp\/v2\/types\/product"}],"wp:featuredmedia":[{"embeddable":true,"href":"https:\/\/emprowear.com\/es_es\/wp-json\/wp\/v2\/media\/20831"}],"wp:attachment":[{"href":"https:\/\/emprowear.com\/es_es\/wp-json\/wp\/v2\/media?parent=20830"}],"wp:term":[{"taxonomy":"product_brand","embeddable":true,"href":"https:\/\/emprowear.com\/es_es\/wp-json\/wp\/v2\/product_brand?post=20830"},{"taxonomy":"product_cat","embeddable":true,"href":"https:\/\/emprowear.com\/es_es\/wp-json\/wp\/v2\/product_cat?post=20830"},{"taxonomy":"product_tag","embeddable":true,"href":"https:\/\/emprowear.com\/es_es\/wp-json\/wp\/v2\/product_tag?post=20830"}],"curies":[{"name":"wp","href":"https:\/\/api.w.org\/{rel}","templated":true}]}}