{"id":20806,"date":"2026-02-19T12:37:14","date_gmt":"2026-02-19T11:37:14","guid":{"rendered":"https:\/\/emprowear.com\/?post_type=product&#038;p=20806"},"modified":"2026-03-04T13:02:59","modified_gmt":"2026-03-04T12:02:59","slug":"spray-tan-system","status":"publish","type":"product","link":"https:\/\/emprowear.com\/es_es\/tienda\/spray-tan-system\/","title":{"rendered":"Spray Tan System"},"content":{"rendered":"<h2>&#x2728; Pistola de Bronceado Profesional de Alto Rendimiento<\/h2>\n<p>Consigue un bronceado uniforme, natural y sin manchas con nuestra <strong>m\u00e1quina de bronceado en spray profesional<\/strong>, dise\u00f1ada para ofrecer resultados de sal\u00f3n con m\u00e1xima precisi\u00f3n y potencia constante.<\/p>\n<p>Ideal tanto para uso profesional en centros de est\u00e9tica como para quienes buscan un acabado impecable en casa.<\/p>\n<hr \/>\n<h3>&#x2b50; Potencia constante para un acabado perfecto<\/h3>\n<p>Gracias a su sistema de alimentaci\u00f3n directa, esta m\u00e1quina garantiza <strong>potencia estable y continua<\/strong>, asegurando una pulverizaci\u00f3n homog\u00e9nea durante toda la sesi\u00f3n.<\/p>\n<p>Obt\u00e9n un tono uniforme y profesional sin variaciones en el flujo.<\/p>\n<hr \/>\n<h3>&#x1f3af; Pulverizaci\u00f3n ultra fina y precisa<\/h3>\n<p>Equipada con boquilla de alta precisi\u00f3n, permite una atomizaci\u00f3n uniforme que:<\/p>\n<p>&#x2714; Evita manchas y acumulaciones<br \/>\n&#x2714; Reduce el desperdicio de producto<br \/>\n&#x2714; Ofrece un acabado suave y natural<br \/>\n&#x2714; Mejora la absorci\u00f3n en la piel<\/p>\n<hr \/>\n<h3>&#x2699;&#xfe0f; Motor de alto rendimiento<\/h3>\n<p>Su motor de \u00faltima generaci\u00f3n proporciona:<\/p>\n<ul>\n<li>Funcionamiento eficiente<\/li>\n<li>Aplicaci\u00f3n r\u00e1pida y uniforme<\/li>\n<li>Mayor durabilidad<\/li>\n<li>Rendimiento \u00f3ptimo para uso continuo<\/li>\n<\/ul>\n<p>&nbsp;<\/p>\n<hr \/>\n<h3>&#x23f1;&#xfe0f; Aplicaci\u00f3n r\u00e1pida y eficaz<\/h3>\n<p>Un bronceado de cuerpo completo puede realizarse en pocos minutos, gracias a su potencia y control preciso del flujo.<\/p>\n<p>Ideal para optimizar tiempos.<\/p>\n<hr \/>\n<p>&nbsp;<\/p>\n<hr \/>\n<h2>&#x1f31e; Resultados profesionales en cada aplicaci\u00f3n<\/h2>\n<p>Si buscas una m\u00e1quina fiable, potente y dise\u00f1ada para ofrecer un acabado uniforme y natural, esta pistola de bronceado es la herramienta que necesitas.<\/p>\n<p>&#x1f6d2; <strong>A\u00f1\u00e1dela ahora a tu equipo profesional.<\/strong><\/p>\n<hr \/>\n<h4>Caracter\u00edsticas:<\/h4>\n<ul>\n<li>Ligero, compacto y m\u00f3vil: \u00a1ll\u00e9velo a donde quiera que vaya!<\/li>\n<li>El potente flujo de aire del ventilador turbo rivaliza con las unidades de bronceado por aspersi\u00f3n de tama\u00f1o completo.<\/li>\n<li>La microboquilla de nebulizaci\u00f3n ofrece un brillo bronceado impecable y sin rayas.<\/li>\n<li>Sal\u00f3n silencioso, construcci\u00f3n de supresi\u00f3n de sonido.<\/li>\n<li>Cabezal rociador extra\u00edble con aguja\/boquilla de acero inoxidable resistente a la corrosi\u00f3n<\/li>\n<li>Patrones de rociado ajustables: abanico horizontal, abanico vertical y redondo.<\/li>\n<li>Sin mangueras, sin armarios voluminosos, sin pulverizador de pintura<\/li>\n<li>\u00a1Enchufe de interrupci\u00f3n del circuito de falla a tierra!<\/li>\n<\/ul>\n<p>&nbsp;<\/p>\n<hr \/>\n<p>Recuerda que todas las <strong>devoluciones son gratuitas<\/strong>, haz tu pedido y si hay cualquier problema <strong>te devolvemos el dinero y mandaremos a alguien a que vaya a recoger el paquete.<\/strong><br \/>\n\u00a1100% Garantizado!<\/p>\n<p><strong>\u00bfTienes dudas?<\/strong><br \/>\nCons\u00faltalas todas desde nuestra p\u00e1gina de preguntas frecuentes haciendo click <a href=\"https:\/\/emprowear.com\/preguntas-frecuentes\">aqu\u00ed<\/a>. O bien cons\u00faltanos directamente a nuestro tel\u00e9fono de contacto haciendo click en el icono de WhatsApp.<\/p>\n","protected":false},"excerpt":{"rendered":"<p>Ya puedes tener tu propia m\u00e1quina de bronceado en casa y evita el sufrimiento de largas horas al sol para lucir un bronceado perfecto.<\/p>\n<p>* Tinte no incluido<\/p>\n","protected":false},"featured_media":20807,"template":"","meta":[],"product_brand":[],"product_cat":[243,56,78],"product_tag":[169,166,173,168,171,167,163,170,164,165,172],"class_list":{"0":"post-20806","1":"product","2":"type-product","3":"status-publish","4":"has-post-thumbnail","6":"product_cat-accesorios-para-bronceado","7":"product_cat-accessories","8":"product_cat-especial-competicion","9":"product_tag-autobronceador","10":"product_tag-bronceado","11":"product_tag-competicion","12":"product_tag-morenito","13":"product_tag-pintura","14":"product_tag-sol","15":"product_tag-tanning","16":"product_tag-tinte","17":"product_tag-top-tan","18":"product_tag-toptan","19":"product_tag-verano","21":"first","22":"instock","23":"taxable","24":"shipping-taxable","25":"purchasable","26":"product-type-variable"},"_links":{"self":[{"href":"https:\/\/emprowear.com\/es_es\/wp-json\/wp\/v2\/product\/20806","targetHints":{"allow":["GET"]}}],"collection":[{"href":"https:\/\/emprowear.com\/es_es\/wp-json\/wp\/v2\/product"}],"about":[{"href":"https:\/\/emprowear.com\/es_es\/wp-json\/wp\/v2\/types\/product"}],"wp:featuredmedia":[{"embeddable":true,"href":"https:\/\/emprowear.com\/es_es\/wp-json\/wp\/v2\/media\/20807"}],"wp:attachment":[{"href":"https:\/\/emprowear.com\/es_es\/wp-json\/wp\/v2\/media?parent=20806"}],"wp:term":[{"taxonomy":"product_brand","embeddable":true,"href":"https:\/\/emprowear.com\/es_es\/wp-json\/wp\/v2\/product_brand?post=20806"},{"taxonomy":"product_cat","embeddable":true,"href":"https:\/\/emprowear.com\/es_es\/wp-json\/wp\/v2\/product_cat?post=20806"},{"taxonomy":"product_tag","embeddable":true,"href":"https:\/\/emprowear.com\/es_es\/wp-json\/wp\/v2\/product_tag?post=20806"}],"curies":[{"name":"wp","href":"https:\/\/api.w.org\/{rel}","templated":true}]}}