{"id":20257,"date":"2025-08-19T13:58:11","date_gmt":"2025-08-19T11:58:11","guid":{"rendered":"https:\/\/emprowear.com\/?post_type=product&#038;p=20257"},"modified":"2026-02-20T00:15:26","modified_gmt":"2026-02-19T23:15:26","slug":"bermuda-oficial-fit-empro-classic","status":"publish","type":"product","link":"https:\/\/emprowear.com\/es_es\/tienda\/bermuda-oficial-fit-empro-classic\/","title":{"rendered":"Bermuda Oficial FIT Empro Classic"},"content":{"rendered":"<p>Domina tu sala de entreno,la cancha y el d\u00eda a d\u00eda con nuestro pantal\u00f3n corto de baloncesto para mujer.<br \/>\nDise\u00f1ado para darte comodidad, frescura y libertad de movimiento, tanto en tus entrenamientos como en tus paseos.<br \/>\nSu estilo deportivo con corte femenino refleja la esencia de fuerza y actitud, mientras que la tela ligera asegura que te sientas siempre fresca y segura.<br \/>\nPodr\u00e1s tener toda la confianza de que nuestros tejidos no absorben el olor a sudor una vez lo hayas lavado.<br \/>\n\u2728 Dise\u00f1o vers\u00e1til: cancha + calle + sala de entrenamiento<br \/>\n\u2728 Comodidad y ligereza en cada movimiento<br \/>\n\u2728 Toque femenino con esencia competitiva<\/p>\n<p>Con <strong>Emprowear<\/strong>, no solo juegas\u2026 impones tu estilo.<\/p>\n<p><strong>CUIDADOS<\/strong><\/p>\n<p>Cuidar de tus prendas es cuidar el medioambiente.<\/p>\n<p>Lavar las prendas a bajas temperaturas y con programas de centrifugado suaves que son m\u00e1s delicados con las prendas, te ayudan a mantener el color, la forma y la estructura del tejido, al mismo tiempo que reduce el consumo de energ\u00eda.<\/p>\n<p>-Lavar a m\u00e1quina m\u00e1x. 30\u00bac. centrifugado corto.<\/p>\n<p>-No usar lej\u00eda\/blanqueador<\/p>\n<p>-Planchar m\u00e1ximo 110\u00baC<\/p>\n<p>-No limpiar en seco<\/p>\n<p>-No utilizar secadora<\/p>\n<p>&nbsp;<\/p>\n<p>&nbsp;<\/p>\n<p>&nbsp;<\/p>\n<hr \/>\n<p>Recuerda que todas las <strong>devoluciones son gratuitas<\/strong>, haz tu pedido y si hay cualquier problema <strong>te devolvemos el dinero y mandaremos a alguien a que vaya a recoger el paquete.<\/strong><br \/>\n\u00a1100% Garantizado!<\/p>\n<p><strong>\u00bfTienes dudas?<\/strong><br \/>\nCons\u00faltalas todas desde nuestra p\u00e1gina de preguntas frecuentes haciendo click <a href=\"https:\/\/emprowear.com\/preguntas-frecuentes\">aqu\u00ed<\/a>. O bien cons\u00faltanos directamente a nuestro tel\u00e9fono de contacto haciendo click en el icono de WhatsApp.<\/p>\n","protected":false},"excerpt":{"rendered":"<p>\u00abFUERZA FEMENINA CON ACTITUD IMPARABLE\u201d<\/p>\n<p>Bermuda FIT Oficial Serie Empro Classic<\/p>\n","protected":false},"featured_media":20162,"template":"","meta":[],"product_brand":[],"product_cat":[159,244,153,99],"product_tag":[258,97,96,199,98,317,316,259],"class_list":{"0":"post-20257","1":"product","2":"type-product","3":"status-publish","4":"has-post-thumbnail","6":"product_cat-empro-pro-classic","7":"product_cat-merchandasing-competiciones","8":"product_cat-nuevos-productos","9":"product_cat-pantalones-y-bermuda","10":"product_tag-bermuda","11":"product_tag-empro","12":"product_tag-emprowear","13":"product_tag-nfl","14":"product_tag-olympia","15":"product_tag-ropa-deportiva-mujer","16":"product_tag-ropa-deportiva-para-mujer","17":"product_tag-short","19":"first","20":"instock","21":"taxable","22":"shipping-taxable","23":"purchasable","24":"product-type-variable"},"_links":{"self":[{"href":"https:\/\/emprowear.com\/es_es\/wp-json\/wp\/v2\/product\/20257","targetHints":{"allow":["GET"]}}],"collection":[{"href":"https:\/\/emprowear.com\/es_es\/wp-json\/wp\/v2\/product"}],"about":[{"href":"https:\/\/emprowear.com\/es_es\/wp-json\/wp\/v2\/types\/product"}],"wp:featuredmedia":[{"embeddable":true,"href":"https:\/\/emprowear.com\/es_es\/wp-json\/wp\/v2\/media\/20162"}],"wp:attachment":[{"href":"https:\/\/emprowear.com\/es_es\/wp-json\/wp\/v2\/media?parent=20257"}],"wp:term":[{"taxonomy":"product_brand","embeddable":true,"href":"https:\/\/emprowear.com\/es_es\/wp-json\/wp\/v2\/product_brand?post=20257"},{"taxonomy":"product_cat","embeddable":true,"href":"https:\/\/emprowear.com\/es_es\/wp-json\/wp\/v2\/product_cat?post=20257"},{"taxonomy":"product_tag","embeddable":true,"href":"https:\/\/emprowear.com\/es_es\/wp-json\/wp\/v2\/product_tag?post=20257"}],"curies":[{"name":"wp","href":"https:\/\/api.w.org\/{rel}","templated":true}]}}