{"id":20205,"date":"2025-08-19T13:21:59","date_gmt":"2025-08-19T11:21:59","guid":{"rendered":"https:\/\/emprowear.com\/?post_type=product&#038;p=20205"},"modified":"2026-02-20T00:15:26","modified_gmt":"2026-02-19T23:15:26","slug":"falda-oficial-olympia-amateur","status":"publish","type":"product","link":"https:\/\/emprowear.com\/es_es\/tienda\/falda-oficial-olympia-amateur\/","title":{"rendered":"Falda Pantal\u00f3n Oficial OLYMPIA AMATEUR"},"content":{"rendered":"<p>\u2728 Falda Pantal\u00f3n de Lycra \u2728<br \/>\nLa prenda perfecta para mujeres activas que quieren sentirse c\u00f3modas, seguras y femeninas en todo momento.<br \/>\nIdeal para hacer deporte gracias a su tela de lycra que se adapta a tu cuerpo, permitiendo libertad de movimiento, y al mismo tiempo es perfecta para salir a pasear sin perder estilo.<br \/>\nSu dise\u00f1o combina la practicidad de un short con la elegancia de una falda, haci\u00e9ndote lucir sexy y confiada en cualquier ocasi\u00f3n.<\/p>\n<p>Ideal para entrenamientos exigentes, la lycra es durable y mantiene su forma, incluso tras m\u00faltiples lavados.<br \/>\nYa sea que te dediques al fitness, al running o simplemente disfrutes de un d\u00eda activo, esta falda pantal\u00f3n de lycra es la prenda que no puede faltar en tu armario deportivo.<\/p>\n<p>\u2714 Ajuste c\u00f3modo<br \/>\n\u2714 Tela el\u00e1stica y fresca<br \/>\n\u2714 Vers\u00e1til: deporte y tiempo libre<br \/>\n\u2714 Realza tu figura con un toque femenino<\/p>\n<p>Atr\u00e9vete a destacar con una prenda que lo tiene todo: comodidad, estilo y sensualidad.<\/p>\n<p>\u00a1Siente el movimiento con estilo y comodidad!<\/p>\n<p>El color de la prenda puede tener una peque\u00f1a diferencia respecto a la imagen debido al formato y la iluminaci\u00f3n.<\/p>\n<p>The color of the garment may have a small difference from the image due to the format and lighting<\/p>\n<p>&nbsp;<\/p>\n<p>CUIDADOS<\/p>\n<p>Cuidar de tus prendas es cuidar el medioambiente.<\/p>\n<p>Lavar las prendas a bajas temperaturas y con programas de centrifugado suaves que son m\u00e1s delicados con las prendas, te ayudan a mantener el color, la forma y la estructura del tejido, al mismo tiempo que reduce el consumo de energ\u00eda.<\/p>\n<p>-Lavar a m\u00e1quina m\u00e1x. 30\u00bac. centrifugado corto.<\/p>\n<p>&nbsp;<\/p>\n<p>&nbsp;<\/p>\n<p>&nbsp;<\/p>\n<p>&nbsp;<\/p>\n<hr \/>\n<p>Recuerda que todas las <strong>devoluciones son gratuitas<\/strong>, haz tu pedido y si hay cualquier problema <strong>te devolvemos el dinero y mandaremos a alguien a que vaya a recoger el paquete.<\/strong><br \/>\n\u00a1100% Garantizado!<\/p>\n<p><strong>\u00bfTienes dudas?<\/strong><br \/>\nCons\u00faltalas todas desde nuestra p\u00e1gina de preguntas frecuentes haciendo click <a href=\"https:\/\/emprowear.com\/preguntas-frecuentes\">aqu\u00ed<\/a>. O bien cons\u00faltanos directamente a nuestro tel\u00e9fono de contacto haciendo click en el icono de WhatsApp.<\/p>\n","protected":false},"excerpt":{"rendered":"<p>100% Lycra<\/p>\n<p>Porque sentirse c\u00f3moda no est\u00e1 peleado con verte incre\u00edble.<\/p>\n<p>&nbsp;<\/p>\n","protected":false},"featured_media":20189,"template":"","meta":[],"product_brand":[],"product_cat":[104,244,153,156,112],"product_tag":[95,97,209,96,199,98,317,316],"class_list":{"0":"post-20205","1":"product","2":"type-product","3":"status-publish","4":"has-post-thumbnail","6":"product_cat-leggins","7":"product_cat-merchandasing-competiciones","8":"product_cat-nuevos-productos","9":"product_cat-olympia","10":"product_cat-shorts","11":"product_tag-camiseta","12":"product_tag-empro","13":"product_tag-empro-classic","14":"product_tag-emprowear","15":"product_tag-nfl","16":"product_tag-olympia","17":"product_tag-ropa-deportiva-mujer","18":"product_tag-ropa-deportiva-para-mujer","20":"first","21":"instock","22":"taxable","23":"shipping-taxable","24":"purchasable","25":"product-type-variable"},"_links":{"self":[{"href":"https:\/\/emprowear.com\/es_es\/wp-json\/wp\/v2\/product\/20205","targetHints":{"allow":["GET"]}}],"collection":[{"href":"https:\/\/emprowear.com\/es_es\/wp-json\/wp\/v2\/product"}],"about":[{"href":"https:\/\/emprowear.com\/es_es\/wp-json\/wp\/v2\/types\/product"}],"wp:featuredmedia":[{"embeddable":true,"href":"https:\/\/emprowear.com\/es_es\/wp-json\/wp\/v2\/media\/20189"}],"wp:attachment":[{"href":"https:\/\/emprowear.com\/es_es\/wp-json\/wp\/v2\/media?parent=20205"}],"wp:term":[{"taxonomy":"product_brand","embeddable":true,"href":"https:\/\/emprowear.com\/es_es\/wp-json\/wp\/v2\/product_brand?post=20205"},{"taxonomy":"product_cat","embeddable":true,"href":"https:\/\/emprowear.com\/es_es\/wp-json\/wp\/v2\/product_cat?post=20205"},{"taxonomy":"product_tag","embeddable":true,"href":"https:\/\/emprowear.com\/es_es\/wp-json\/wp\/v2\/product_tag?post=20205"}],"curies":[{"name":"wp","href":"https:\/\/api.w.org\/{rel}","templated":true}]}}