{"id":20024,"date":"2025-07-22T12:14:56","date_gmt":"2025-07-22T10:14:56","guid":{"rendered":"https:\/\/emprowear.com\/?post_type=product&#038;p=20024"},"modified":"2026-04-24T02:07:15","modified_gmt":"2026-04-24T00:07:15","slug":"chaqueta-bomber-empro-classic-o","status":"publish","type":"product","link":"https:\/\/emprowear.com\/es_es\/tienda\/chaqueta-bomber-empro-classic-o\/","title":{"rendered":"Chaqueta Bomber Empro Classic O Black"},"content":{"rendered":"<p>NUEVO LANZAMIENTO EN PRIMICIA!!!<\/p>\n<p>Chaqueta Bomber Empro Classic O<br \/>\nLa Chaqueta Bomber Empro una chaqueta perfecta para cualquier ocasi\u00f3n. Ligera y c\u00f3moda.<\/p>\n<p>Solo un modelo exclusivo en Negro por fuera y Rojo por dentro, dise\u00f1ada con el logotipo del campeonato empro y en la espalda el logotipo en grande. Nuestra colecci\u00f3n sigue ampli\u00e1ndose. Podr\u00e1s combinarlas seg\u00fan tu gusto para obtener el mejor look<\/p>\n<p><strong>Historia de la chaqueta bomber<\/strong><\/p>\n<p>Su creador, Leslie Lorey Irvin, patent\u00f3 el dise\u00f1o de la primera chaqueta bomber en 1926 con la finalidad de proteger y de abrigar a los\u00a0<strong>aviadores\u00a0<\/strong>a altas cotas de vuelo y a muy bajas temperaturas. La\u00a0<strong>popularidad\u00a0<\/strong>de la chaqueta bomber fue en aumento y se identific\u00f3 tambi\u00e9n a sus portadores con los h\u00e9roes de guerra, por lo que su uso se extendi\u00f3 progresivamente al \u00e1mbito civil de forma natural. Los primeros modelos de chaquetas bomber estaban confeccionados con piel en la parte exterior y con borreguillo en el interior, pero estos materiales se fueron sustituyendo por otros m\u00e1s modernos y ligeros hasta llegar al nylon y al poli\u00e9ster actuales.<\/p>\n<p>100% Poliester<\/p>\n<p><strong>Cuidado de la prenda:<\/strong><\/p>\n<p>introducir la prenda en una bolsa de tela para la lavadora y que est\u00e9 al rev\u00e9s. No lavar con agua caliente y no hacer un centrifugado largo.<\/p>\n<p><strong>Garment care:<\/strong><\/p>\n<p>Put the garment in a cloth bag for the washing machine and turn it inside out. Do not wash with hot water and do not do a long spin.<\/p>\n<hr \/>\n<p>Recuerda que todas las <strong>devoluciones son gratuitas<\/strong>, haz tu pedido y si hay cualquier problema <strong>te devolvemos el dinero y mandaremos a alguien a que vaya a recoger el paquete.<\/strong><br \/>\n\u00a1100% Garantizado!<\/p>\n<p><strong>\u00bfTienes dudas?<\/strong><br \/>\nCons\u00faltalas todas desde nuestra p\u00e1gina de preguntas frecuentes haciendo click <a href=\"https:\/\/emprowear.com\/preguntas-frecuentes\">aqu\u00ed<\/a>. O bien cons\u00faltanos directamente a nuestro tel\u00e9fono de contacto haciendo click en el icono de WhatsApp.<\/p>\n","protected":false},"excerpt":{"rendered":"<p>La Chaqueta Bomber Empro Classic O una chaqueta perfecta para cualquier ocasi\u00f3n. Ligera y c\u00f3moda.<\/p>\n","protected":false},"featured_media":20032,"template":"","meta":[],"product_brand":[],"product_cat":[111,159,153,210],"product_tag":[108,226,225,133,132,135,142,140,143,134,109,138,139,141,110],"class_list":{"0":"post-20024","1":"product","2":"type-product","3":"status-publish","4":"has-post-thumbnail","6":"product_cat-bomber","7":"product_cat-empro-pro-classic","8":"product_cat-nuevos-productos","9":"product_cat-sixnine","10":"product_tag-bomber","11":"product_tag-bomber-blue","12":"product_tag-bomber-emproshow","13":"product_tag-bomber-jacket-girl","14":"product_tag-bomber-jacket-men","15":"product_tag-bomber-jacket-olympia","16":"product_tag-bomber-jacket-original","17":"product_tag-bomber-jacket-orlando","18":"product_tag-bomber-jacket-red","19":"product_tag-bomber-jacket-women","20":"product_tag-chaqueta","21":"product_tag-chaqueta-bomber-hombre","22":"product_tag-chaqueta-bomber-mujer","23":"product_tag-chaqueta-bomber-olympia-las-vegas","24":"product_tag-jacket","26":"first","27":"instock","28":"taxable","29":"shipping-taxable","30":"purchasable","31":"product-type-variable"},"_links":{"self":[{"href":"https:\/\/emprowear.com\/es_es\/wp-json\/wp\/v2\/product\/20024","targetHints":{"allow":["GET"]}}],"collection":[{"href":"https:\/\/emprowear.com\/es_es\/wp-json\/wp\/v2\/product"}],"about":[{"href":"https:\/\/emprowear.com\/es_es\/wp-json\/wp\/v2\/types\/product"}],"wp:featuredmedia":[{"embeddable":true,"href":"https:\/\/emprowear.com\/es_es\/wp-json\/wp\/v2\/media\/20032"}],"wp:attachment":[{"href":"https:\/\/emprowear.com\/es_es\/wp-json\/wp\/v2\/media?parent=20024"}],"wp:term":[{"taxonomy":"product_brand","embeddable":true,"href":"https:\/\/emprowear.com\/es_es\/wp-json\/wp\/v2\/product_brand?post=20024"},{"taxonomy":"product_cat","embeddable":true,"href":"https:\/\/emprowear.com\/es_es\/wp-json\/wp\/v2\/product_cat?post=20024"},{"taxonomy":"product_tag","embeddable":true,"href":"https:\/\/emprowear.com\/es_es\/wp-json\/wp\/v2\/product_tag?post=20024"}],"curies":[{"name":"wp","href":"https:\/\/api.w.org\/{rel}","templated":true}]}}