{"id":19613,"date":"2025-03-12T14:02:34","date_gmt":"2025-03-12T13:02:34","guid":{"rendered":"https:\/\/emprowear.com\/?post_type=product&#038;p=19613"},"modified":"2025-07-04T18:23:51","modified_gmt":"2025-07-04T16:23:51","slug":"bata-de-competicion-roja","status":"publish","type":"product","link":"https:\/\/emprowear.com\/es_es\/tienda\/bata-de-competicion-roja\/","title":{"rendered":"Bata de Competici\u00f3n Burdeos"},"content":{"rendered":"<p>Bata de competici\u00f3n dise\u00f1ada para atletas de fitness y culturismo. Confeccionada en poli\u00e9ster de alta calidad.<\/p>\n<p>Material: 100% Poli\u00e9ster<\/p>\n","protected":false},"excerpt":{"rendered":"<p>Bata de Competici\u00f3n para Fitness y Culturismo.<\/p>\n","protected":false},"featured_media":19630,"template":"","meta":[],"product_brand":[],"product_cat":[308,51,78,153],"product_tag":[307,297,173,295,294,296],"class_list":{"0":"post-19613","1":"product","2":"type-product","3":"status-publish","4":"has-post-thumbnail","6":"product_cat-batas-de-competicion","7":"product_cat-complementos-outfit","8":"product_cat-especial-competicion","9":"product_cat-nuevos-productos","10":"product_tag-bata-de-competicion","11":"product_tag-bikini","12":"product_tag-competicion","13":"product_tag-figure","14":"product_tag-fitness","15":"product_tag-wellness","17":"first","18":"instock","19":"sale","20":"taxable","21":"shipping-taxable","22":"purchasable","23":"product-type-variable"},"_links":{"self":[{"href":"https:\/\/emprowear.com\/es_es\/wp-json\/wp\/v2\/product\/19613","targetHints":{"allow":["GET"]}}],"collection":[{"href":"https:\/\/emprowear.com\/es_es\/wp-json\/wp\/v2\/product"}],"about":[{"href":"https:\/\/emprowear.com\/es_es\/wp-json\/wp\/v2\/types\/product"}],"wp:featuredmedia":[{"embeddable":true,"href":"https:\/\/emprowear.com\/es_es\/wp-json\/wp\/v2\/media\/19630"}],"wp:attachment":[{"href":"https:\/\/emprowear.com\/es_es\/wp-json\/wp\/v2\/media?parent=19613"}],"wp:term":[{"taxonomy":"product_brand","embeddable":true,"href":"https:\/\/emprowear.com\/es_es\/wp-json\/wp\/v2\/product_brand?post=19613"},{"taxonomy":"product_cat","embeddable":true,"href":"https:\/\/emprowear.com\/es_es\/wp-json\/wp\/v2\/product_cat?post=19613"},{"taxonomy":"product_tag","embeddable":true,"href":"https:\/\/emprowear.com\/es_es\/wp-json\/wp\/v2\/product_tag?post=19613"}],"curies":[{"name":"wp","href":"https:\/\/api.w.org\/{rel}","templated":true}]}}