{"id":19593,"date":"2025-03-11T13:52:35","date_gmt":"2025-03-11T12:52:35","guid":{"rendered":"https:\/\/emprowear.com\/?post_type=product&#038;p=19593"},"modified":"2026-05-10T11:08:33","modified_gmt":"2026-05-10T09:08:33","slug":"banador-classic-physique","status":"publish","type":"product","link":"https:\/\/emprowear.com\/es_es\/tienda\/banador-classic-physique\/","title":{"rendered":"Ba\u00f1ador Classic Physique"},"content":{"rendered":"<p data-start=\"0\" data-end=\"68\"><strong data-start=\"0\" data-end=\"61\">Ba\u00f1ador de Competici\u00f3n Men\u2019s Classic Physique \u2013 Dise\u00f1o Profesional<\/strong><\/p>\n<p data-start=\"70\" data-end=\"430\">Este ba\u00f1ador de competici\u00f3n para la categor\u00eda <strong data-start=\"116\" data-end=\"133\">Men\u2019s Classic<\/strong> est\u00e1 dise\u00f1ado para realzar la est\u00e9tica y proporciones musculares en el escenario. Fabricado con <strong data-start=\"230\" data-end=\"257\">tejidos de alta calidad<\/strong>, ofrece un ajuste perfecto, m\u00e1xima comodidad y libertad de movimiento. Su corte cumple con los est\u00e1ndares oficiales de competici\u00f3n, asegurando una presentaci\u00f3n impecable.<\/p>\n<p data-start=\"432\" data-end=\"483\" data-is-last-node=\"\" data-is-only-node=\"\"><strong data-start=\"432\" data-end=\"479\">Domina el escenario con estilo y confianza.<\/strong><\/p>\n","protected":false},"excerpt":{"rendered":"<p>Short Oficial Classic Physique para Competici\u00f3n<\/p>\n","protected":false},"featured_media":19599,"template":"","meta":[],"product_brand":[],"product_cat":[303,78],"product_tag":[306,304,305],"class_list":{"0":"post-19593","1":"product","2":"type-product","3":"status-publish","4":"has-post-thumbnail","6":"product_cat-banador-competicion","7":"product_cat-especial-competicion","8":"product_tag-banador-classic","9":"product_tag-banador-competicion","10":"product_tag-classic","12":"first","13":"instock","14":"taxable","15":"shipping-taxable","16":"purchasable","17":"product-type-variable"},"_links":{"self":[{"href":"https:\/\/emprowear.com\/es_es\/wp-json\/wp\/v2\/product\/19593","targetHints":{"allow":["GET"]}}],"collection":[{"href":"https:\/\/emprowear.com\/es_es\/wp-json\/wp\/v2\/product"}],"about":[{"href":"https:\/\/emprowear.com\/es_es\/wp-json\/wp\/v2\/types\/product"}],"wp:featuredmedia":[{"embeddable":true,"href":"https:\/\/emprowear.com\/es_es\/wp-json\/wp\/v2\/media\/19599"}],"wp:attachment":[{"href":"https:\/\/emprowear.com\/es_es\/wp-json\/wp\/v2\/media?parent=19593"}],"wp:term":[{"taxonomy":"product_brand","embeddable":true,"href":"https:\/\/emprowear.com\/es_es\/wp-json\/wp\/v2\/product_brand?post=19593"},{"taxonomy":"product_cat","embeddable":true,"href":"https:\/\/emprowear.com\/es_es\/wp-json\/wp\/v2\/product_cat?post=19593"},{"taxonomy":"product_tag","embeddable":true,"href":"https:\/\/emprowear.com\/es_es\/wp-json\/wp\/v2\/product_tag?post=19593"}],"curies":[{"name":"wp","href":"https:\/\/api.w.org\/{rel}","templated":true}]}}