{"id":19484,"date":"2025-02-12T19:09:48","date_gmt":"2025-02-12T18:09:48","guid":{"rendered":"https:\/\/emprowear.com\/?post_type=product&#038;p=19484"},"modified":"2025-11-30T12:46:07","modified_gmt":"2025-11-30T11:46:07","slug":"sandalia-de-competicion-atada-diamond","status":"publish","type":"product","link":"https:\/\/emprowear.com\/es_es\/tienda\/sandalia-de-competicion-atada-diamond\/","title":{"rendered":"Sandalia de Competici\u00f3n Atada Diamond modelo Lolita"},"content":{"rendered":"<p>Sandalia transparente y elegante, con un toque moderno. Incluye plataforma y tacon de pedrer\u00eda convirti\u00e9ndola en una pieza aun m\u00e1s sofisticada.<\/p>\n<p>Atada al tobillo para mayor comodidad y sujeci\u00f3n.<\/p>\n<p>Tacon de 13 cm y plataforma de 3 cm.<\/p>\n<p>La suela es de tela antideslizante y antisudor<\/p>\n","protected":false},"excerpt":{"rendered":"<p>Tacones modelo B<\/p>\n","protected":false},"featured_media":19533,"template":"","meta":[],"product_brand":[],"product_cat":[290,51,78],"product_tag":[297,227,166,173,295,294,236,239,240,293,291,292,241,170,165,296],"class_list":{"0":"post-19484","1":"product","2":"type-product","3":"status-publish","4":"has-post-thumbnail","6":"product_cat-calzado","7":"product_cat-complementos-outfit","8":"product_cat-especial-competicion","9":"product_tag-bikini","10":"product_tag-brillo","11":"product_tag-bronceado","12":"product_tag-competicion","13":"product_tag-figure","14":"product_tag-fitness","15":"product_tag-genesis","16":"product_tag-gloss","17":"product_tag-glossy","18":"product_tag-sandalias","19":"product_tag-tacon","20":"product_tag-tacones","21":"product_tag-tan","22":"product_tag-tinte","23":"product_tag-toptan","24":"product_tag-wellness","26":"first","27":"instock","28":"taxable","29":"shipping-taxable","30":"purchasable","31":"product-type-variable"},"_links":{"self":[{"href":"https:\/\/emprowear.com\/es_es\/wp-json\/wp\/v2\/product\/19484","targetHints":{"allow":["GET"]}}],"collection":[{"href":"https:\/\/emprowear.com\/es_es\/wp-json\/wp\/v2\/product"}],"about":[{"href":"https:\/\/emprowear.com\/es_es\/wp-json\/wp\/v2\/types\/product"}],"wp:featuredmedia":[{"embeddable":true,"href":"https:\/\/emprowear.com\/es_es\/wp-json\/wp\/v2\/media\/19533"}],"wp:attachment":[{"href":"https:\/\/emprowear.com\/es_es\/wp-json\/wp\/v2\/media?parent=19484"}],"wp:term":[{"taxonomy":"product_brand","embeddable":true,"href":"https:\/\/emprowear.com\/es_es\/wp-json\/wp\/v2\/product_brand?post=19484"},{"taxonomy":"product_cat","embeddable":true,"href":"https:\/\/emprowear.com\/es_es\/wp-json\/wp\/v2\/product_cat?post=19484"},{"taxonomy":"product_tag","embeddable":true,"href":"https:\/\/emprowear.com\/es_es\/wp-json\/wp\/v2\/product_tag?post=19484"}],"curies":[{"name":"wp","href":"https:\/\/api.w.org\/{rel}","templated":true}]}}