{"id":19341,"date":"2025-01-09T14:41:13","date_gmt":"2025-01-09T13:41:13","guid":{"rendered":"https:\/\/emprowear.com\/?post_type=product&#038;p=19341"},"modified":"2025-08-24T23:46:54","modified_gmt":"2025-08-24T21:46:54","slug":"tank-ifbb-pro-negro-privada","status":"publish","type":"product","link":"https:\/\/emprowear.com\/es_es\/tienda\/tank-ifbb-pro-negro-privada\/","title":{"rendered":"TANK IFBB PRO NEGRO IFBB"},"content":{"rendered":"<div class=\"product__description rte quick-add-hidden\">\n<p><strong>Caracter\u00edsticas<\/strong><\/p>\n<p>Corretras groradas para el apoyo<\/p>\n<p>Logotipo de texto de IFBB PRO en el logotipo de la insignia de IFBB en la parte delantera y exclusiva de la insignia de la espalda<\/p>\n<p><strong>FIT &amp; MATERIALES<\/strong><\/p>\n<p>Ajuste c\u00f3modamente apretado<\/p>\n<p>Estilo de culpa<\/p>\n<p>81% Nylon, 19% Elastane<\/p>\n<p><strong>ADOCION<\/strong><\/p>\n<p>Maureen lleva tama\u00f1o extra peque\u00f1o y la tila lleva tama\u00f1o peque\u00f1o<\/p>\n<\/div>\n","protected":false},"excerpt":{"rendered":"<p>Un b\u00e1sico elevado y de marca.<\/p>\n","protected":false},"featured_media":17908,"template":"","meta":[],"product_brand":[],"product_cat":[277,279],"product_tag":[180,283,103],"class_list":{"0":"post-19341","1":"product","2":"type-product","3":"status-publish","4":"has-post-thumbnail","6":"product_cat-ifbb-pro-apparel","7":"product_cat-ropa-mujer-ifbb-pro","8":"product_tag-ifbbpro","9":"product_tag-tank","10":"product_tag-top","12":"first","13":"instock","14":"taxable","15":"shipping-taxable","16":"purchasable","17":"product-type-variable"},"_links":{"self":[{"href":"https:\/\/emprowear.com\/es_es\/wp-json\/wp\/v2\/product\/19341","targetHints":{"allow":["GET"]}}],"collection":[{"href":"https:\/\/emprowear.com\/es_es\/wp-json\/wp\/v2\/product"}],"about":[{"href":"https:\/\/emprowear.com\/es_es\/wp-json\/wp\/v2\/types\/product"}],"wp:featuredmedia":[{"embeddable":true,"href":"https:\/\/emprowear.com\/es_es\/wp-json\/wp\/v2\/media\/17908"}],"wp:attachment":[{"href":"https:\/\/emprowear.com\/es_es\/wp-json\/wp\/v2\/media?parent=19341"}],"wp:term":[{"taxonomy":"product_brand","embeddable":true,"href":"https:\/\/emprowear.com\/es_es\/wp-json\/wp\/v2\/product_brand?post=19341"},{"taxonomy":"product_cat","embeddable":true,"href":"https:\/\/emprowear.com\/es_es\/wp-json\/wp\/v2\/product_cat?post=19341"},{"taxonomy":"product_tag","embeddable":true,"href":"https:\/\/emprowear.com\/es_es\/wp-json\/wp\/v2\/product_tag?post=19341"}],"curies":[{"name":"wp","href":"https:\/\/api.w.org\/{rel}","templated":true}]}}