{"id":18412,"date":"2024-10-24T13:37:18","date_gmt":"2024-10-24T11:37:18","guid":{"rendered":"https:\/\/emprowear.com\/?post_type=product&#038;p=18412"},"modified":"2025-07-11T12:35:03","modified_gmt":"2025-07-11T10:35:03","slug":"oversize-campeonato-de-espana-2024","status":"publish","type":"product","link":"https:\/\/emprowear.com\/es_es\/tienda\/oversize-campeonato-de-espana-2024\/","title":{"rendered":"OVERSIZE CAMPEONATO DE ESPA\u00d1A 2024"},"content":{"rendered":"<p>50% algod\u00f3n 50% poli\u00e9ster<\/p>\n<p>&nbsp;<\/p>\n<hr \/>\n<p>Recuerda que todas las <strong>devoluciones son gratuitas<\/strong>, haz tu pedido y si hay cualquier problema <strong>te devolvemos el dinero y mandaremos a alguien a que vaya a recoger el paquete.<\/strong><br \/>\n\u00a1100% Garantizado!<\/p>\n<p><strong>\u00bfTienes dudas?<\/strong><br \/>\nCons\u00faltalas todas desde nuestra p\u00e1gina de preguntas frecuentes haciendo click <a href=\"https:\/\/emprowear.com\/preguntas-frecuentes\">aqu\u00ed<\/a>. O bien cons\u00faltanos directamente a nuestro tel\u00e9fono de contacto haciendo click en el icono de WhatsApp.<\/p>\n","protected":false},"excerpt":{"rendered":"<p>NEW!! <strong>Camiseta Oversize Campeonato De Espa\u00f1a 2024<\/strong><\/p>\n<p>&nbsp;<\/p>\n","protected":false},"featured_media":18392,"template":"","meta":[],"product_brand":[],"product_cat":[77,162,244],"product_tag":[95,97,209,256,96,94],"class_list":{"0":"post-18412","1":"product","2":"type-product","3":"status-publish","4":"has-post-thumbnail","6":"product_cat-camisetas","7":"product_cat-campeonato","8":"product_cat-merchandasing-competiciones","9":"product_tag-camiseta","10":"product_tag-empro","11":"product_tag-empro-classic","12":"product_tag-emproclassic","13":"product_tag-emprowear","14":"product_tag-oversize","16":"first","17":"instock","18":"taxable","19":"shipping-taxable","20":"purchasable","21":"product-type-variable"},"_links":{"self":[{"href":"https:\/\/emprowear.com\/es_es\/wp-json\/wp\/v2\/product\/18412","targetHints":{"allow":["GET"]}}],"collection":[{"href":"https:\/\/emprowear.com\/es_es\/wp-json\/wp\/v2\/product"}],"about":[{"href":"https:\/\/emprowear.com\/es_es\/wp-json\/wp\/v2\/types\/product"}],"wp:featuredmedia":[{"embeddable":true,"href":"https:\/\/emprowear.com\/es_es\/wp-json\/wp\/v2\/media\/18392"}],"wp:attachment":[{"href":"https:\/\/emprowear.com\/es_es\/wp-json\/wp\/v2\/media?parent=18412"}],"wp:term":[{"taxonomy":"product_brand","embeddable":true,"href":"https:\/\/emprowear.com\/es_es\/wp-json\/wp\/v2\/product_brand?post=18412"},{"taxonomy":"product_cat","embeddable":true,"href":"https:\/\/emprowear.com\/es_es\/wp-json\/wp\/v2\/product_cat?post=18412"},{"taxonomy":"product_tag","embeddable":true,"href":"https:\/\/emprowear.com\/es_es\/wp-json\/wp\/v2\/product_tag?post=18412"}],"curies":[{"name":"wp","href":"https:\/\/api.w.org\/{rel}","templated":true}]}}