{"id":18075,"date":"2024-08-28T11:25:32","date_gmt":"2024-08-28T09:25:32","guid":{"rendered":"https:\/\/emprowear.com\/?post_type=product&#038;p=18075"},"modified":"2025-07-11T12:45:18","modified_gmt":"2025-07-11T10:45:18","slug":"bermuda-ben-weider-naturals-black","status":"publish","type":"product","link":"https:\/\/emprowear.com\/es_es\/tienda\/bermuda-ben-weider-naturals-black\/","title":{"rendered":"BERMUDA Ben Weider Naturals Black"},"content":{"rendered":"<p>La equipaci\u00f3n de baloncesto es una moda que no pasa. Ha pasado por muchos cambios, pero sigue siendo unas prendas que incluso las tribus urbanas utilizan.<\/p>\n<p>En <strong>Emprowear <\/strong>nos preocupamos por la calidad, comodidad y por supuesto por la moda. Por ello hemos creado una l\u00ednea de equipaci\u00f3n de baloncesto, pero adaptada a nuestro deporte.<\/p>\n<p>Nuestros pantalones de basket, est\u00e1n fabricados con un tejido transpirable que hace que mantenga la piel seca en los momentos m\u00e1s intensos. La tela de malla de con agujeros abiertos se siente liviana y transpirable, aleja el sudor de tu cuerpo para una evaporaci\u00f3n m\u00e1s r\u00e1pida, ayud\u00e1ndote a mantenerte fresco. Est\u00e1 fabricado con fibras de poli\u00e9ster 100 % y tiene un aspecto mate. Lleva bolsillos en los laterales para que puedas guardar las llaves, el m\u00f3vil, la cartera\u2026. Es resistente a los lavados sin que pierda la calidad del color y no coger\u00e1 olor. Su cintura es el\u00e1stica y lleva cord\u00f3n para que puedas adaptarla a tu cintura.<\/p>\n<p>&nbsp;<\/p>\n<p>&nbsp;<\/p>\n<hr \/>\n<p>Recuerda que todas las <strong>devoluciones son gratuitas<\/strong>, haz tu pedido y si hay cualquier problema <strong>te devolvemos el dinero y mandaremos a alguien a que vaya a recoger el paquete.<\/strong><br \/>\n\u00a1100% Garantizado!<\/p>\n<p><strong>\u00bfTienes dudas?<\/strong><br \/>\nCons\u00faltalas todas desde nuestra p\u00e1gina de preguntas frecuentes haciendo click <a href=\"https:\/\/emprowear.com\/preguntas-frecuentes\">aqu\u00ed<\/a>. O bien cons\u00faltanos directamente a nuestro tel\u00e9fono de contacto haciendo click en el icono de WhatsApp.<\/p>\n<p><strong>\u00a0<\/strong><\/p>\n","protected":false},"excerpt":{"rendered":"<p>Camiseta Oficial Competici\u00f3n Ben Weider Naturals<\/p>\n<p>Confeccionada en un material de rejilla calada<\/p>\n<p>100% Poliester<\/p>\n","protected":false},"featured_media":18084,"template":"","meta":[],"product_brand":[],"product_cat":[77,271,244],"product_tag":[202,95,97,272,96,203,204,205,199,98],"class_list":{"0":"post-18075","1":"product","2":"type-product","3":"status-publish","4":"has-post-thumbnail","6":"product_cat-camisetas","7":"product_cat-empro-naturals","8":"product_cat-merchandasing-competiciones","9":"product_tag-calado","10":"product_tag-camiseta","11":"product_tag-empro","12":"product_tag-empro-naturals","13":"product_tag-emprowear","14":"product_tag-entrenamiento","15":"product_tag-entreno","16":"product_tag-gym","17":"product_tag-nfl","18":"product_tag-olympia","20":"first","21":"instock","22":"taxable","23":"shipping-taxable","24":"purchasable","25":"product-type-variable"},"_links":{"self":[{"href":"https:\/\/emprowear.com\/es_es\/wp-json\/wp\/v2\/product\/18075","targetHints":{"allow":["GET"]}}],"collection":[{"href":"https:\/\/emprowear.com\/es_es\/wp-json\/wp\/v2\/product"}],"about":[{"href":"https:\/\/emprowear.com\/es_es\/wp-json\/wp\/v2\/types\/product"}],"wp:featuredmedia":[{"embeddable":true,"href":"https:\/\/emprowear.com\/es_es\/wp-json\/wp\/v2\/media\/18084"}],"wp:attachment":[{"href":"https:\/\/emprowear.com\/es_es\/wp-json\/wp\/v2\/media?parent=18075"}],"wp:term":[{"taxonomy":"product_brand","embeddable":true,"href":"https:\/\/emprowear.com\/es_es\/wp-json\/wp\/v2\/product_brand?post=18075"},{"taxonomy":"product_cat","embeddable":true,"href":"https:\/\/emprowear.com\/es_es\/wp-json\/wp\/v2\/product_cat?post=18075"},{"taxonomy":"product_tag","embeddable":true,"href":"https:\/\/emprowear.com\/es_es\/wp-json\/wp\/v2\/product_tag?post=18075"}],"curies":[{"name":"wp","href":"https:\/\/api.w.org\/{rel}","templated":true}]}}