{"id":17087,"date":"2024-04-26T12:08:09","date_gmt":"2024-04-26T10:08:09","guid":{"rendered":"https:\/\/emprowear.com\/?post_type=product&#038;p=17087"},"modified":"2025-11-27T11:02:38","modified_gmt":"2025-11-27T10:02:38","slug":"bermuda-empro-classic-serie-sixnine-black-red","status":"publish","type":"product","link":"https:\/\/emprowear.com\/es_es\/tienda\/bermuda-empro-classic-serie-sixnine-black-red\/","title":{"rendered":"Bermuda Algod\u00f3n Empro Classic Serie Sixnine Black-Red"},"content":{"rendered":"<p>Bermuda de la Serie Sixnine para Empro Classic<\/p>\n<p>Cada marca tiene su sello distintivo y, en nuestro caso, es la colecci\u00f3n Sixnine. Pero, oye, que no lo hemos decidido nosotros\u2026<\/p>\n<p>100% algod\u00f3n. Con el\u00e1sticos en los laterales y bolsillos con cremalleras. Todos los acabados estudiados hasta el \u00faltimo detalle y un dise\u00f1o \u00fanico que lo hace reconocible en todo el mundo.<\/p>\n<p>\u00bfPreparado para llevarte a casa nuestra prenda m\u00e1s elaborada?<\/p>\n<hr \/>\n<p>Recuerda que todas las <strong>devoluciones son gratuitas<\/strong>, haz tu pedido y si hay cualquier problema <strong>te devolvemos el dinero y mandaremos a alguien a que vaya a recoger el paquete.<\/strong><br \/>\n\u00a1100% Garantizado!<\/p>\n<p><strong>\u00bfTienes dudas?<\/strong><br \/>\nCons\u00faltalas todas desde nuestra p\u00e1gina de preguntas frecuentes haciendo click <a href=\"https:\/\/emprowear.com\/preguntas-frecuentes\">aqu\u00ed<\/a>. O bien cons\u00faltanos directamente a nuestro tel\u00e9fono de contacto haciendo click en el icono de WhatsApp.<\/p>\n","protected":false},"excerpt":{"rendered":"<p>Bermuda Empro Classic fabricada 100% algod\u00f3n de alta calidad.<\/p>\n","protected":false},"featured_media":17367,"template":"","meta":[],"product_brand":[],"product_cat":[159,244,112,210],"product_tag":[149,258,257,209,96,148,259,150],"class_list":{"0":"post-17087","1":"product","2":"type-product","3":"status-publish","4":"has-post-thumbnail","6":"product_cat-empro-pro-classic","7":"product_cat-merchandasing-competiciones","8":"product_cat-shorts","9":"product_cat-sixnine","10":"product_tag-149","11":"product_tag-bermuda","12":"product_tag-chandal","13":"product_tag-empro-classic","14":"product_tag-emprowear","15":"product_tag-emprowear69","16":"product_tag-short","17":"product_tag-sixnine","19":"first","20":"instock","21":"taxable","22":"shipping-taxable","23":"purchasable","24":"product-type-variable"},"_links":{"self":[{"href":"https:\/\/emprowear.com\/es_es\/wp-json\/wp\/v2\/product\/17087","targetHints":{"allow":["GET"]}}],"collection":[{"href":"https:\/\/emprowear.com\/es_es\/wp-json\/wp\/v2\/product"}],"about":[{"href":"https:\/\/emprowear.com\/es_es\/wp-json\/wp\/v2\/types\/product"}],"wp:featuredmedia":[{"embeddable":true,"href":"https:\/\/emprowear.com\/es_es\/wp-json\/wp\/v2\/media\/17367"}],"wp:attachment":[{"href":"https:\/\/emprowear.com\/es_es\/wp-json\/wp\/v2\/media?parent=17087"}],"wp:term":[{"taxonomy":"product_brand","embeddable":true,"href":"https:\/\/emprowear.com\/es_es\/wp-json\/wp\/v2\/product_brand?post=17087"},{"taxonomy":"product_cat","embeddable":true,"href":"https:\/\/emprowear.com\/es_es\/wp-json\/wp\/v2\/product_cat?post=17087"},{"taxonomy":"product_tag","embeddable":true,"href":"https:\/\/emprowear.com\/es_es\/wp-json\/wp\/v2\/product_tag?post=17087"}],"curies":[{"name":"wp","href":"https:\/\/api.w.org\/{rel}","templated":true}]}}