{"id":17080,"date":"2024-04-26T12:02:43","date_gmt":"2024-04-26T10:02:43","guid":{"rendered":"https:\/\/emprowear.com\/?post_type=product&#038;p=17080"},"modified":"2026-04-13T21:25:44","modified_gmt":"2026-04-13T19:25:44","slug":"chandal-empro-classic-serie-sixnine-con-capucha-black-white","status":"publish","type":"product","link":"https:\/\/emprowear.com\/es_es\/tienda\/chandal-empro-classic-serie-sixnine-con-capucha-black-white\/","title":{"rendered":"Chandal Empro Classic Serie Sixnine con Capucha Black-White"},"content":{"rendered":"<p>Chandal de la Serie Sixnine para Empro Classic<\/p>\n<p>Cada marca tiene su sello distintivo y, en nuestro caso, es la colecci\u00f3n Sixnine. Pero, oye, que no lo hemos decidido nosotros\u2026<\/p>\n<p>100% algod\u00f3n, bordados en espalda y manga. Con el\u00e1sticos en los laterales y bolsillos con cremalleras. Todos los acabados estudiados hasta el \u00faltimo detalle y un dise\u00f1o \u00fanico que lo hace reconocible en todo el mundo.<\/p>\n<p>\u00bfPreparado para llevarte a casa nuestra prenda m\u00e1s elaborada?<\/p>\n<hr \/>\n<p>Recuerda que todas las <strong>devoluciones son gratuitas<\/strong>, haz tu pedido y si hay cualquier problema <strong>te devolvemos el dinero y mandaremos a alguien a que vaya a recoger el paquete.<\/strong><br \/>\n\u00a1100% Garantizado!<\/p>\n<p><strong>\u00bfTienes dudas?<\/strong><br \/>\nCons\u00faltalas todas desde nuestra p\u00e1gina de preguntas frecuentes haciendo click <a href=\"https:\/\/emprowear.com\/preguntas-frecuentes\">aqu\u00ed<\/a>. O bien cons\u00faltanos directamente a nuestro tel\u00e9fono de contacto haciendo click en el icono de WhatsApp.<\/p>\n","protected":false},"excerpt":{"rendered":"<p>Chanda Empro Classic fabricada 100% algod\u00f3n de alta calidad.<\/p>\n","protected":false},"featured_media":17217,"template":"","meta":[],"product_brand":[],"product_cat":[93,159,244,210,80],"product_tag":[149,257,109,209,96,148,145,144,110,136,151,98,150,146,147],"class_list":{"0":"post-17080","1":"product","2":"type-product","3":"status-publish","4":"has-post-thumbnail","6":"product_cat-chandal","7":"product_cat-empro-pro-classic","8":"product_cat-merchandasing-competiciones","9":"product_cat-sixnine","10":"product_cat-sudaderas","11":"product_tag-149","12":"product_tag-chandal","13":"product_tag-chaqueta","14":"product_tag-empro-classic","15":"product_tag-emprowear","16":"product_tag-emprowear69","17":"product_tag-hoodie-olympia","18":"product_tag-hoodies","19":"product_tag-jacket","20":"product_tag-jacket-olympia","21":"product_tag-mrolympia","22":"product_tag-olympia","23":"product_tag-sixnine","24":"product_tag-sudadera","25":"product_tag-sudadera-olympia","27":"first","28":"instock","29":"taxable","30":"shipping-taxable","31":"purchasable","32":"product-type-variable"},"_links":{"self":[{"href":"https:\/\/emprowear.com\/es_es\/wp-json\/wp\/v2\/product\/17080","targetHints":{"allow":["GET"]}}],"collection":[{"href":"https:\/\/emprowear.com\/es_es\/wp-json\/wp\/v2\/product"}],"about":[{"href":"https:\/\/emprowear.com\/es_es\/wp-json\/wp\/v2\/types\/product"}],"wp:featuredmedia":[{"embeddable":true,"href":"https:\/\/emprowear.com\/es_es\/wp-json\/wp\/v2\/media\/17217"}],"wp:attachment":[{"href":"https:\/\/emprowear.com\/es_es\/wp-json\/wp\/v2\/media?parent=17080"}],"wp:term":[{"taxonomy":"product_brand","embeddable":true,"href":"https:\/\/emprowear.com\/es_es\/wp-json\/wp\/v2\/product_brand?post=17080"},{"taxonomy":"product_cat","embeddable":true,"href":"https:\/\/emprowear.com\/es_es\/wp-json\/wp\/v2\/product_cat?post=17080"},{"taxonomy":"product_tag","embeddable":true,"href":"https:\/\/emprowear.com\/es_es\/wp-json\/wp\/v2\/product_tag?post=17080"}],"curies":[{"name":"wp","href":"https:\/\/api.w.org\/{rel}","templated":true}]}}