{"id":16860,"date":"2024-02-08T14:33:17","date_gmt":"2024-02-08T13:33:17","guid":{"rendered":"https:\/\/emprowear.com\/?post_type=product&#038;p=16860"},"modified":"2026-03-25T14:16:25","modified_gmt":"2026-03-25T13:16:25","slug":"lipoxslim-3-0-crema-anticelulitica","status":"publish","type":"product","link":"https:\/\/emprowear.com\/es_es\/tienda\/lipoxslim-3-0-crema-anticelulitica\/","title":{"rendered":"LIPOXSLIM  3.0 Crema Anticelul\u00edtica"},"content":{"rendered":"<p>Nuestras investigaciones con los \u00faltimos activos cosm\u00e9ticos para eliminar la celulitis y reafirmar la piel, han dado como resultado la creaci\u00f3n de <strong>LIPOXSLIM 3.0.\u00a0<\/strong><\/p>\n<p><strong>Lipoxslim<\/strong> <strong>3.0<\/strong>. est\u00e1 dise\u00f1ada para abordar los principales factores que contribuyen a la aparici\u00f3n de la celulitis, incluida la acumulaci\u00f3n de grasa, la retenci\u00f3n de l\u00edquidos y la falta de elasticidad en la piel. Con una potente combinaci\u00f3n de ingredientes activos que trabaja en sinergia para reducir la apariencia de celulitis, tonificar y reafirmar adem\u00e1s de suavizar e hidratar la piel<\/p>\n<hr \/>\n<p>&nbsp;<\/p>\n<p><strong>\u00bfTienes dudas?<\/strong><br \/>\nCons\u00faltalas todas desde nuestra p\u00e1gina de preguntas frecuentes haciendo click <a href=\"https:\/\/emprowear.com\/preguntas-frecuentes\">aqu\u00ed<\/a>. O bien cons\u00faltanos directamente a nuestro tel\u00e9fono de contacto haciendo click en el icono de WhatsApp.<\/p>\n","protected":false},"excerpt":{"rendered":"<h2>Crema reductora anticelulitis<\/h2>\n<p>\u00a1Dile adi\u00f3s a la celulitis con nuestra revolucionaria crema anticelul\u00edtica!<\/p>\n","protected":false},"featured_media":16861,"template":"","meta":[],"product_brand":[],"product_cat":[184],"product_tag":[117,116,122,97,120,119,118,121],"class_list":{"0":"post-16860","1":"product","2":"type-product","3":"status-publish","4":"has-post-thumbnail","6":"product_cat-nutricion-deportiva","7":"product_tag-anti-grasa","8":"product_tag-anticelulitico","9":"product_tag-crema","10":"product_tag-empro","11":"product_tag-empronutrition","12":"product_tag-emprowerar","13":"product_tag-quema-grasa","14":"product_tag-slim","16":"first","17":"instock","18":"sale","19":"taxable","20":"shipping-taxable","21":"purchasable","22":"product-type-simple"},"_links":{"self":[{"href":"https:\/\/emprowear.com\/es_es\/wp-json\/wp\/v2\/product\/16860","targetHints":{"allow":["GET"]}}],"collection":[{"href":"https:\/\/emprowear.com\/es_es\/wp-json\/wp\/v2\/product"}],"about":[{"href":"https:\/\/emprowear.com\/es_es\/wp-json\/wp\/v2\/types\/product"}],"wp:featuredmedia":[{"embeddable":true,"href":"https:\/\/emprowear.com\/es_es\/wp-json\/wp\/v2\/media\/16861"}],"wp:attachment":[{"href":"https:\/\/emprowear.com\/es_es\/wp-json\/wp\/v2\/media?parent=16860"}],"wp:term":[{"taxonomy":"product_brand","embeddable":true,"href":"https:\/\/emprowear.com\/es_es\/wp-json\/wp\/v2\/product_brand?post=16860"},{"taxonomy":"product_cat","embeddable":true,"href":"https:\/\/emprowear.com\/es_es\/wp-json\/wp\/v2\/product_cat?post=16860"},{"taxonomy":"product_tag","embeddable":true,"href":"https:\/\/emprowear.com\/es_es\/wp-json\/wp\/v2\/product_tag?post=16860"}],"curies":[{"name":"wp","href":"https:\/\/api.w.org\/{rel}","templated":true}]}}