{"id":16830,"date":"2024-01-11T14:59:50","date_gmt":"2024-01-11T13:59:50","guid":{"rendered":"https:\/\/emprowear.com\/?post_type=product&#038;p=16830"},"modified":"2026-03-31T23:16:49","modified_gmt":"2026-03-31T21:16:49","slug":"pack-viaje-toptan-genesis-2-x-100ml","status":"publish","type":"product","link":"https:\/\/emprowear.com\/es_es\/tienda\/pack-viaje-toptan-genesis-2-x-100ml\/","title":{"rendered":"Pack Viaje Toptan G\u00e9nesis 2 x 100ml"},"content":{"rendered":"<p>Toptan G\u00e9nesis. Para los culturistas m\u00e1s exigentes.<\/p>\n<p><strong>\u00a1Consigue un bronceado perfecto para las competiciones!<\/strong><br \/>\nTinte Oficial para el Mr. Olympia Amateur Spain y Empro Classic y Homologado por la IFBB PRO LEAGUE y la FNFF para ser usado en sus campeonatos.<\/p>\n<p><strong>El aut\u00e9ntico tinte de competici\u00f3n TOPTAN<\/strong><br \/>\nHay muchos tintes en el mercado pero TOPTAN es la f\u00f3rmula m\u00e1s efectiva que existe y no tiene ACETONA. TOPTAN es un tinte que se adapta con facilidad a tu piel. Ser\u00e1 suficiente que lo uses solamente 1 d\u00eda antes de la competici\u00f3n para conseguir resultados espectaculares. Apl\u00edcalo de manera uniforme sobre la piel con su aplicador especial. Y si adem\u00e1s repites la aplicaci\u00f3n unas 3 horas despu\u00e9s de la primera pasada el resultado ser\u00e1 fant\u00e1stico. Lo puedes usar el mismo d\u00eda de la competici\u00f3n. Y recuerda que cuanto m\u00e1s lo apliques m\u00e1s oscura quedar\u00e1 la piel.<\/p>\n<p><strong>\u00bfPor qu\u00e9 comprar TOPTAN G\u00e9nesis?<\/strong><br \/>\nPorque es el tinte m\u00e1s profesional para tus competiciones de bodybuilding. Es la manera m\u00e1s precisa de conseguir el bronceado perfecto.<\/p>\n<p><strong>\u00bfC\u00f3mo aplicar TOPTAN?<\/strong><br \/>\nEl tinte TOPTAN se adapta a tu piel. Simplemente utiliza el aplicador de manera uniforme por toda tu piel. Puedes insistir en las zonas que quieres que tomen un color todav\u00eda m\u00e1s oscuro.<\/p>\n<p><strong>Otros productos TOPTAN: GLOSSY<\/strong><br \/>\nEl Glossy Gel de Toptan te dar\u00e1 un acabado perfecto.<\/p>\n<p><strong>INGREDIENTES \u00a0TINTE TOPTAN GENESIS:<\/strong> Agua, Alcoho Denat, Dihydroxyacetone, PEG-40 Cator oil, CL15985, CL42051, Phenoxyethanol, Parfum, Ethybexylglycerin, CL 1470, Courmatin, Geraniol, Citronellol, Linalool, Hexyl Cinnamal.<\/p>\n<hr \/>\n<p><strong>No se admiten devoluciones de los tintes o glossy.<\/strong><\/p>\n<p><strong>Returns of dyes or glossy are not accepted.<\/strong><\/p>\n<p><strong>\u00bfTienes dudas?<\/strong><br \/>\nCons\u00faltalas todas desde nuestra p\u00e1gina de preguntas frecuentes haciendo click <a href=\"https:\/\/emprowear.com\/preguntas-frecuentes\">aqu\u00ed<\/a>. O bien cons\u00faltanos directamente a nuestro tel\u00e9fono de contacto haciendo click en el icono de WhatsApp.<\/p>\n","protected":false},"excerpt":{"rendered":"<p><strong>Formato Viaje 2 x 100ml<\/strong><\/p>\n<p>Tinte de competici\u00f3n oficial para el Mr. Olympia Amateur Spain y Empro Classic<\/p>\n","protected":false},"featured_media":16825,"template":"","meta":[],"product_brand":[],"product_cat":[78,242],"product_tag":[166,238,236,170,237,165,235],"class_list":{"0":"post-16830","1":"product","2":"type-product","3":"status-publish","4":"has-post-thumbnail","6":"product_cat-especial-competicion","7":"product_cat-tintes-de-competicion","8":"product_tag-bronceado","9":"product_tag-formato-viaje","10":"product_tag-genesis","11":"product_tag-tinte","12":"product_tag-tinte-competicion","13":"product_tag-toptan","14":"product_tag-toptan-genesis","16":"first","17":"instock","18":"sale","19":"taxable","20":"shipping-taxable","21":"purchasable","22":"product-type-simple"},"_links":{"self":[{"href":"https:\/\/emprowear.com\/es_es\/wp-json\/wp\/v2\/product\/16830","targetHints":{"allow":["GET"]}}],"collection":[{"href":"https:\/\/emprowear.com\/es_es\/wp-json\/wp\/v2\/product"}],"about":[{"href":"https:\/\/emprowear.com\/es_es\/wp-json\/wp\/v2\/types\/product"}],"wp:featuredmedia":[{"embeddable":true,"href":"https:\/\/emprowear.com\/es_es\/wp-json\/wp\/v2\/media\/16825"}],"wp:attachment":[{"href":"https:\/\/emprowear.com\/es_es\/wp-json\/wp\/v2\/media?parent=16830"}],"wp:term":[{"taxonomy":"product_brand","embeddable":true,"href":"https:\/\/emprowear.com\/es_es\/wp-json\/wp\/v2\/product_brand?post=16830"},{"taxonomy":"product_cat","embeddable":true,"href":"https:\/\/emprowear.com\/es_es\/wp-json\/wp\/v2\/product_cat?post=16830"},{"taxonomy":"product_tag","embeddable":true,"href":"https:\/\/emprowear.com\/es_es\/wp-json\/wp\/v2\/product_tag?post=16830"}],"curies":[{"name":"wp","href":"https:\/\/api.w.org\/{rel}","templated":true}]}}