{"id":16729,"date":"2023-12-11T11:29:59","date_gmt":"2023-12-11T10:29:59","guid":{"rendered":"https:\/\/emprowear.com\/?post_type=product&#038;p=16729"},"modified":"2025-03-21T12:17:42","modified_gmt":"2025-03-21T11:17:42","slug":"norvell-oasis-airbrush-spray-tan-system","status":"publish","type":"product","link":"https:\/\/emprowear.com\/es_es\/tienda\/norvell-oasis-airbrush-spray-tan-system\/","title":{"rendered":"Norvell Oasis Airbrush Spray Tan System"},"content":{"rendered":"<h3>M\u00e1quina bronceadora port\u00e1til Norvell Oasis<\/h3>\n<p><strong>Norvell Oasis<\/strong>, una pistola de bronceado en aerosol de inspiraci\u00f3n profesional integrada con una potente mini turbina, es un dispositivo de bronceado en aerosol como ning\u00fan otro. Sin voluminosas turbinas de suelo, sin engorrosas mangueras, ni un pulverizador de pintura adaptado.<\/p>\n<p><strong> Oasis<\/strong> es una herramienta cosm\u00e9tica potente y compacta, tan f\u00e1cil de utilizar como un secador de pelo. Su elegante apariencia de spa y sus elegantes l\u00edneas de dise\u00f1o encajan en el hogar o en un sal\u00f3n sofisticado. Lo mejor de todo es que Oasis ofrece un rendimiento que rivaliza con las m\u00e1quinas de bronceado en aerosol de pie dedicadas.<\/p>\n<p>El <strong>Oasis<\/strong> cuenta con el cabezal rociador extra\u00edble FlexiMyst para una f\u00e1cil limpieza y flexibilidad. Este sistema modular de bronceado le permite organizar m\u00faltiples soluciones para sus sesiones diarias de bronceado o simplemente tener una copia de seguridad si es necesario. Simplemente suelte el pestillo, saque una cabeza e interc\u00e1mbiela por otra.<\/p>\n<p>El cabezal rociador <strong>FlexiMyst<\/strong> est\u00e1 fabricado seg\u00fan un est\u00e1ndar profesional exigente con todas las caracter\u00edsticas que usted exigir\u00eda. Se emplea una fina aguja y boquilla de acero inoxidable para una atomizaci\u00f3n precisa, durabilidad y resistencia a influencias corrosivas. Se encuentran disponibles patrones de rociado en abanico horizontal y vertical para una cobertura m\u00e1xima en un tiempo de aplicaci\u00f3n corto. No, aqu\u00ed no encontrar\u00e1 agujas y boquillas de pl\u00e1stico baratas. S\u00ed, este mecanismo de pulverizaci\u00f3n ofrecer\u00e1 resultados comparables a los de las unidades de suelo profesionales, pero con una libertad y flexibilidad sin precedentes.<\/p>\n<p>Una ingenier\u00eda bien pensada, desde la v\u00e1lvula de prevenci\u00f3n de reflujo en el cabezal rociador hasta los canales de aire de flujo central doble y el motor el\u00e9ctrico encerrado, ayuda a aislar el mecanismo de rociado de los componentes electr\u00f3nicos, un objetivo central del dise\u00f1o.<br \/>\nLa base de la unidad y la base de la botella de soluci\u00f3n forman una base s\u00f3lida y estable para que descanse la unidad. Simplemente si\u00e9ntalo sobre una superficie plana sin preocuparte de que se caiga. El frasco de soluci\u00f3n viene con una tapa para guardar el producto no utilizado. \u00a1Aseg\u00farese de comprar algunos extras para soluci\u00f3n adicional o l\u00edquido de limpieza!<\/p>\n<p>El gatillo de la unidad controla el flujo de fluido y la atomizaci\u00f3n para una aplicaci\u00f3n de niebla fina. Una perilla en el gatillo le permite establecer su posici\u00f3n de parada: la posici\u00f3n que crea que le dar\u00e1 el mejor resultado. Esto le permite pulverizar con resultados repetibles y consistentes.<br \/>\nHay un interruptor de encendido con bot\u00f3n en la base. Como caracter\u00edstica de seguridad, el cable de alimentaci\u00f3n tiene un enchufe GFCI (interruptor de circuito de falla a tierra). Cuando se utiliza con un tomacorriente adecuado, este enchufe protege contra descargas el\u00e9ctricas y sobrecalentamiento del circuito.<\/p>\n<h4>Caracter\u00edsticas:<\/h4>\n<ul>\n<li>Ligero, compacto y m\u00f3vil: \u00a1ll\u00e9velo a donde quiera que vaya!<\/li>\n<li>El potente flujo de aire del ventilador turbo rivaliza con las unidades de bronceado por aspersi\u00f3n de tama\u00f1o completo.<\/li>\n<li>La microboquilla de nebulizaci\u00f3n ofrece un brillo bronceado impecable y sin rayas.<\/li>\n<li>Sal\u00f3n silencioso, construcci\u00f3n de supresi\u00f3n de sonido.<\/li>\n<li>Cabezal rociador extra\u00edble con aguja\/boquilla de acero inoxidable resistente a la corrosi\u00f3n<\/li>\n<li>Patrones de rociado ajustables: abanico horizontal, abanico vertical y redondo.<\/li>\n<li>Sin mangueras, sin armarios voluminosos, sin pulverizador de pintura<\/li>\n<li>\u00a1Enchufe de interrupci\u00f3n del circuito de falla a tierra!<\/li>\n<\/ul>\n<h4>Especificaciones:<\/h4>\n<p>Potencia: 200 vatios<br \/>\nTama\u00f1o de la aguja\/boquilla: 0,5 mm<br \/>\nPeso: 2 libras<br \/>\nVoltaje: 110V<br \/>\nBoquilla: 0,5 mm<br \/>\nTaza: 320ml<\/p>\n<p>Obtenga un hermoso bronce tropical, aplicado impecablemente con el instrumento de bronceado en aerosol extraordinariamente compacto Oasis. R\u00edndete a la experiencia. D\u00e9jate transportar a las islas: la suave brisa tropical, la m\u00fasica isle\u00f1a, un ritmo m\u00e1s lento: \u00a1tiempo de isla! Rod\u00e9ate de paisajes ba\u00f1ados por el sol y costas acu\u00e1ticas. Ve a las islas o tr\u00e1elas a casa con el Oasis. Su hermoso bronceado, imbuido de los bronces del sol tropical, le dar\u00e1 ese aspecto de \u00abreci\u00e9n regresado de vacaciones\u00bb durante todo el a\u00f1o.<\/p>\n<p>&nbsp;<\/p>\n<hr \/>\n<p>Recuerda que todas las <strong>devoluciones son gratuitas<\/strong>, haz tu pedido y si hay cualquier problema <strong>te devolvemos el dinero y mandaremos a alguien a que vaya a recoger el paquete.<\/strong><br \/>\n\u00a1100% Garantizado!<\/p>\n<p><strong>\u00bfTienes dudas?<\/strong><br \/>\nCons\u00faltalas todas desde nuestra p\u00e1gina de preguntas frecuentes haciendo click <a href=\"https:\/\/emprowear.com\/preguntas-frecuentes\">aqu\u00ed<\/a>. O bien cons\u00faltanos directamente a nuestro tel\u00e9fono de contacto haciendo click en el icono de WhatsApp.<\/p>\n<p>&nbsp;<\/p>\n<p>&nbsp;<\/p>\n","protected":false},"excerpt":{"rendered":"<p>Ya puedes tener tu propia m\u00e1quina de bronceado en casa y evita el sufrimiento de largas horas al sol para lucir un bronceado perfecto.<\/p>\n","protected":false},"featured_media":16731,"template":"","meta":[],"product_brand":[],"product_cat":[243,56,78],"product_tag":[169,166,173,168,171,167,163,170,164,165,172],"class_list":{"0":"post-16729","1":"product","2":"type-product","3":"status-publish","4":"has-post-thumbnail","6":"product_cat-accesorios-para-bronceado","7":"product_cat-accessories","8":"product_cat-especial-competicion","9":"product_tag-autobronceador","10":"product_tag-bronceado","11":"product_tag-competicion","12":"product_tag-morenito","13":"product_tag-pintura","14":"product_tag-sol","15":"product_tag-tanning","16":"product_tag-tinte","17":"product_tag-top-tan","18":"product_tag-toptan","19":"product_tag-verano","21":"first","22":"instock","23":"taxable","24":"shipping-taxable","25":"purchasable","26":"product-type-simple"},"_links":{"self":[{"href":"https:\/\/emprowear.com\/es_es\/wp-json\/wp\/v2\/product\/16729","targetHints":{"allow":["GET"]}}],"collection":[{"href":"https:\/\/emprowear.com\/es_es\/wp-json\/wp\/v2\/product"}],"about":[{"href":"https:\/\/emprowear.com\/es_es\/wp-json\/wp\/v2\/types\/product"}],"wp:featuredmedia":[{"embeddable":true,"href":"https:\/\/emprowear.com\/es_es\/wp-json\/wp\/v2\/media\/16731"}],"wp:attachment":[{"href":"https:\/\/emprowear.com\/es_es\/wp-json\/wp\/v2\/media?parent=16729"}],"wp:term":[{"taxonomy":"product_brand","embeddable":true,"href":"https:\/\/emprowear.com\/es_es\/wp-json\/wp\/v2\/product_brand?post=16729"},{"taxonomy":"product_cat","embeddable":true,"href":"https:\/\/emprowear.com\/es_es\/wp-json\/wp\/v2\/product_cat?post=16729"},{"taxonomy":"product_tag","embeddable":true,"href":"https:\/\/emprowear.com\/es_es\/wp-json\/wp\/v2\/product_tag?post=16729"}],"curies":[{"name":"wp","href":"https:\/\/api.w.org\/{rel}","templated":true}]}}