{"id":16715,"date":"2023-11-29T12:55:44","date_gmt":"2023-11-29T11:55:44","guid":{"rendered":"https:\/\/emprowear.com\/?post_type=product&#038;p=16715"},"modified":"2024-12-19T17:16:09","modified_gmt":"2024-12-19T16:16:09","slug":"mochila-tactica-empro-azul-marino","status":"publish","type":"product","link":"https:\/\/emprowear.com\/es_es\/tienda\/mochila-tactica-empro-azul-marino\/","title":{"rendered":"MOCHILA TACTICA EMPRO AZUL MARINO"},"content":{"rendered":"<p>Mochila EMPRO TACTICAL con 45 litros de capacidad.<\/p>\n<p>Perfecta para llevar en los entrenos, de senderismo, escalada, de viaje ya que tiene las medidas oficiales de cabina de avi\u00f3n. Confeccionada con un poli\u00e9ster resistente al agua y a las rasgaduras.<\/p>\n<p>Especificaciones T\u00e9cnicas:<\/p>\n<ul>\n<li>Mochila fabricada con poli\u00e9ster 100% y recubierta con PVC.<\/li>\n<li>Capacidad total de la mochila 36 litros.<\/li>\n<li>Dimensiones aproximadas son de 47 cm (alto) x 30 cm (largo) x 28 cm (ancho) y un peso de 1600 g.<\/li>\n<\/ul>\n<p>Caracter\u00edsticas:<\/p>\n<ul>\n<li>Se divide en 2 bolsillos grandes con cremallera y otros 2 bolsillos uno mediano y otro m\u00e1s peque\u00f1o en la parte frontal. Todos con cremallera y organizadores adicionales.<\/li>\n<li>Dise\u00f1ada ergon\u00f3micamente con correas acolchadas para el ajuste de los hombros<\/li>\n<li>Parte trasera acolchada.<\/li>\n<li>Dispone de cintas externas de compresi\u00f3n para reducir el volumen de la mochila y para fijaci\u00f3n de equipaje adicional.<\/li>\n<li>M\u00faltiples puntos de anclaje adaptables a sistema MOLLE.<\/li>\n<li>Correa de sujeci\u00f3n ajustable a la altura del estern\u00f3n.<\/li>\n<li>Correa regulable para ajustar a la cintura.<\/li>\n<\/ul>\n<p>Accesorios:<\/p>\n<ul>\n<li>La mochila viene con el parche de la bandera de Espa\u00f1a y la americana.<\/li>\n<li>Puedes optar a comprar diversos parches en nuestra web.<\/li>\n<\/ul>\n<p>&nbsp;<\/p>\n<p>C\u00f3mo cuidar tu mochila:<\/p>\n<p><strong>Introduce la mochila en una bolsa de lavado<\/strong>, de esta manera evitar\u00e1s posibles enganchones con las cinchas. Puedes usar una funda de almohada, o tambi\u00e9n puedes darle la vuelta a la mochila (de dentro para afuera).<\/p>\n<p>A\u00f1ade\u00a0<strong>detergente neutro<\/strong>\u00a0(o espec\u00edfico para mochilas), no uses detergentes comunes ni suavizantes especialmente si la mochila es impermeable.<\/p>\n<p>agua fr\u00eda, sin centrifugado y de unos 30min. Una vez lavado, s\u00e1calo de la funda y\u00a0<strong>deja que se seque tendido boca abajo<\/strong>. Aseg\u00farate de que se seca al 100% antes de guardarla.<\/p>\n<p><strong>\u00a0 \u00a0 No deber\u00edas secarla en la secadora<\/strong>, esto puede provocar da\u00f1os en el tejido. Ni tampoco exponerla al sol. Te aconsejamos que una vez que est\u00e9 seca, abras y cierres las cremalleras con suavidad.<\/p>\n<p>Para reforzar la impermeabilidad de la mochila puedes aplicarle Waterpro Spray, para que siga repeliendo el agua. Puedes conseguirla en las casas de motos en las que venden ropa de motociclista.<\/p>\n<p>&nbsp;<\/p>\n<p><strong>AHORA YA SOLO TE QUEDA LLENARLA DE BUENOS MOMENTOS<\/strong><\/p>\n<hr \/>\n<p>Recuerda que todas las <strong>devoluciones son gratuitas<\/strong>, haz tu pedido y si hay cualquier problema <strong>te devolvemos el dinero y mandaremos a alguien a que vaya a recoger el paquete.<\/strong><br \/>\n\u00a1100% Garantizado!<\/p>\n<p><strong>\u00bfTienes dudas?<\/strong><br \/>\nCons\u00faltalas todas desde nuestra p\u00e1gina de preguntas frecuentes haciendo click <a href=\"https:\/\/emprowear.com\/preguntas-frecuentes\">aqu\u00ed<\/a>. O bien cons\u00faltanos directamente a nuestro tel\u00e9fono de contacto haciendo click en el icono de WhatsApp.<\/p>\n","protected":false},"excerpt":{"rendered":"<p>Mochila EMPRO TACTICAL con 45 litros de capacidad. Perfecta para llevar en los entrenos, de senderismo, escalada, de viaje ya que tiene las medidas oficiales de cabina de avi\u00f3n. Confeccionada con un poli\u00e9ster resistente al agua y a las rasgaduras. Especificaciones T\u00e9cnicas: Mochila fabricada con poli\u00e9ster 100% y recubierta con PVC. Capacidad total de la [&hellip;]<\/p>\n","protected":false},"featured_media":16716,"template":"","meta":[],"product_brand":[],"product_cat":[51,224],"product_tag":[95,97,96,223,98],"class_list":{"0":"post-16715","1":"product","2":"type-product","3":"status-publish","4":"has-post-thumbnail","6":"product_cat-complementos-outfit","7":"product_cat-mochilas-y-parches","8":"product_tag-camiseta","9":"product_tag-empro","10":"product_tag-emprowear","11":"product_tag-mochila","12":"product_tag-olympia","14":"first","15":"instock","16":"taxable","17":"shipping-taxable","18":"purchasable","19":"product-type-simple"},"_links":{"self":[{"href":"https:\/\/emprowear.com\/es_es\/wp-json\/wp\/v2\/product\/16715","targetHints":{"allow":["GET"]}}],"collection":[{"href":"https:\/\/emprowear.com\/es_es\/wp-json\/wp\/v2\/product"}],"about":[{"href":"https:\/\/emprowear.com\/es_es\/wp-json\/wp\/v2\/types\/product"}],"wp:featuredmedia":[{"embeddable":true,"href":"https:\/\/emprowear.com\/es_es\/wp-json\/wp\/v2\/media\/16716"}],"wp:attachment":[{"href":"https:\/\/emprowear.com\/es_es\/wp-json\/wp\/v2\/media?parent=16715"}],"wp:term":[{"taxonomy":"product_brand","embeddable":true,"href":"https:\/\/emprowear.com\/es_es\/wp-json\/wp\/v2\/product_brand?post=16715"},{"taxonomy":"product_cat","embeddable":true,"href":"https:\/\/emprowear.com\/es_es\/wp-json\/wp\/v2\/product_cat?post=16715"},{"taxonomy":"product_tag","embeddable":true,"href":"https:\/\/emprowear.com\/es_es\/wp-json\/wp\/v2\/product_tag?post=16715"}],"curies":[{"name":"wp","href":"https:\/\/api.w.org\/{rel}","templated":true}]}}