{"id":16617,"date":"2023-11-21T11:49:15","date_gmt":"2023-11-21T10:49:15","guid":{"rendered":"https:\/\/emprowear.com\/?post_type=product&#038;p=16617"},"modified":"2026-04-19T01:57:20","modified_gmt":"2026-04-18T23:57:20","slug":"sudadera-sixnine-calavera-roja","status":"publish","type":"product","link":"https:\/\/emprowear.com\/es_es\/tienda\/sudadera-sixnine-calavera-roja\/","title":{"rendered":"Sudadera Sixnine Calavera Roja"},"content":{"rendered":"<p>Sudadera Sixnine Calavera Roja.<\/p>\n<p>Cada marca tiene su sello distintivo y, en nuestro caso, es la colecci\u00f3n Sixnine. Pero, oye, que no lo hemos decidido nosotros\u2026 Si en nuestro mundo todos quieren una Classic hoodie Sixnine, es por algo: 100% algod\u00f3n, Calavera en espalda y 69 en el pecho. Y un dise\u00f1o \u00fanico que lo hace reconocible en todo el mundo.<\/p>\n<p>\u00bfPreparado para llevarte a casa tu pr\u00f3xima sudadera favorita?<\/p>\n<hr \/>\n<p>Recuerda que todas las <strong>devoluciones son gratuitas<\/strong>, haz tu pedido y si hay cualquier problema <strong>te devolvemos el dinero y mandaremos a alguien a que vaya a recoger el paquete.<\/strong><br \/>\n\u00a1100% Garantizado!<\/p>\n<p><strong>\u00bfTienes dudas?<\/strong><br \/>\nCons\u00faltalas todas desde nuestra p\u00e1gina de preguntas frecuentes haciendo click <a href=\"https:\/\/emprowear.com\/preguntas-frecuentes\">aqu\u00ed<\/a>. O bien cons\u00faltanos directamente a nuestro tel\u00e9fono de contacto haciendo click en el icono de WhatsApp.<\/p>\n<p><strong>\u00a0<\/strong><\/p>\n","protected":false},"excerpt":{"rendered":"<p>Sudadera Sixnine Calavera Roja.<\/p>\n<p><strong>\u00a0<\/strong><\/p>\n","protected":false},"featured_media":16612,"template":"","meta":[],"product_brand":[],"product_cat":[154,210,80],"product_tag":[149,109,96,148,145,144,110,136,151,98,150,146,147],"class_list":{"0":"post-16617","1":"product","2":"type-product","3":"status-publish","4":"has-post-thumbnail","6":"product_cat-top-sellers","7":"product_cat-sixnine","8":"product_cat-sudaderas","9":"product_tag-149","10":"product_tag-chaqueta","11":"product_tag-emprowear","12":"product_tag-emprowear69","13":"product_tag-hoodie-olympia","14":"product_tag-hoodies","15":"product_tag-jacket","16":"product_tag-jacket-olympia","17":"product_tag-mrolympia","18":"product_tag-olympia","19":"product_tag-sixnine","20":"product_tag-sudadera","21":"product_tag-sudadera-olympia","23":"first","24":"instock","25":"taxable","26":"shipping-taxable","27":"purchasable","28":"product-type-variable","29":"has-default-attributes"},"_links":{"self":[{"href":"https:\/\/emprowear.com\/es_es\/wp-json\/wp\/v2\/product\/16617","targetHints":{"allow":["GET"]}}],"collection":[{"href":"https:\/\/emprowear.com\/es_es\/wp-json\/wp\/v2\/product"}],"about":[{"href":"https:\/\/emprowear.com\/es_es\/wp-json\/wp\/v2\/types\/product"}],"wp:featuredmedia":[{"embeddable":true,"href":"https:\/\/emprowear.com\/es_es\/wp-json\/wp\/v2\/media\/16612"}],"wp:attachment":[{"href":"https:\/\/emprowear.com\/es_es\/wp-json\/wp\/v2\/media?parent=16617"}],"wp:term":[{"taxonomy":"product_brand","embeddable":true,"href":"https:\/\/emprowear.com\/es_es\/wp-json\/wp\/v2\/product_brand?post=16617"},{"taxonomy":"product_cat","embeddable":true,"href":"https:\/\/emprowear.com\/es_es\/wp-json\/wp\/v2\/product_cat?post=16617"},{"taxonomy":"product_tag","embeddable":true,"href":"https:\/\/emprowear.com\/es_es\/wp-json\/wp\/v2\/product_tag?post=16617"}],"curies":[{"name":"wp","href":"https:\/\/api.w.org\/{rel}","templated":true}]}}