{"id":16216,"date":"2023-07-06T11:34:46","date_gmt":"2023-07-06T09:34:46","guid":{"rendered":"https:\/\/emprowear.com\/?post_type=product&#038;p=16216"},"modified":"2026-04-18T01:55:50","modified_gmt":"2026-04-17T23:55:50","slug":"chaqueta-bomber-o-1965-red","status":"publish","type":"product","link":"https:\/\/emprowear.com\/es_es\/tienda\/chaqueta-bomber-o-1965-red\/","title":{"rendered":"Chaqueta Bomber O 1965 Red"},"content":{"rendered":"<p>Chaqueta Bomber Olympia<\/p>\n<h3><strong>Historia de la chaqueta bomber<\/strong><\/h3>\n<p>Su creador, Leslie Lorey Irvin, patent\u00f3 el dise\u00f1o de la primera chaqueta bomber en 1926 con la finalidad de proteger y de abrigar a los\u00a0<strong>aviadores\u00a0<\/strong>a altas cotas de vuelo y a muy bajas temperaturas. La\u00a0<strong>popularidad\u00a0<\/strong>de la chaqueta bomber fue en aumento y se identific\u00f3 tambi\u00e9n a sus portadores con los h\u00e9roes de guerra, por lo que su uso se extendi\u00f3 progresivamente al \u00e1mbito civil de forma natural. Los primeros modelos de chaquetas bomber estaban confeccionados con piel en la parte exterior y con borreguillo en el interior, pero estos materiales se fueron sustituyendo por otros m\u00e1s modernos y ligeros hasta llegar al nylon y al poli\u00e9ster actuales.<\/p>\n<hr \/>\n<p>Recuerda que todas las <strong>devoluciones son gratuitas<\/strong>, haz tu pedido y si hay cualquier problema <strong>te devolvemos el dinero y mandaremos a alguien a que vaya a recoger el paquete.<\/strong><br \/>\n\u00a1100% Garantizado!<\/p>\n<p><strong>\u00bfTienes dudas?<\/strong><br \/>\nCons\u00faltalas todas desde nuestra p\u00e1gina de preguntas frecuentes haciendo click <a href=\"https:\/\/emprowear.com\/preguntas-frecuentes\">aqu\u00ed<\/a>. O bien cons\u00faltanos directamente a nuestro tel\u00e9fono de contacto haciendo click en el icono de WhatsApp.<\/p>\n","protected":false},"excerpt":{"rendered":"<p><strong>NEW MODEL<\/strong><\/p>\n<p>La Chaqueta Bomber Oficial Olympia negra 2022, es una chaqueta perfecta para cualquier ocasi\u00f3n. Ligera y c\u00f3moda.<\/p>\n<p>Disponemos de varios colores, dise\u00f1ados a conciencia para poder seleccionar en la colecci\u00f3n una amplia posibilidades de combinar con tus propios gustos y preferencias.<\/p>\n<p>Cada ocasi\u00f3n se requiere una bomber diferente, as\u00ed poder tener las mejores combinaciones para tener el mejor \u00ablook\u00bb.<\/p>\n<p>100% Poliester<\/p>\n","protected":false},"featured_media":16193,"template":"","meta":[],"product_brand":[],"product_cat":[111,244,288],"product_tag":[108,133,132,135,142,140,134,137,109,138,139,141,110,136],"class_list":{"0":"post-16216","1":"product","2":"type-product","3":"status-publish","4":"has-post-thumbnail","6":"product_cat-bomber","7":"product_cat-merchandasing-competiciones","8":"product_cat-serie-olympia-1965","9":"product_tag-bomber","10":"product_tag-bomber-jacket-girl","11":"product_tag-bomber-jacket-men","12":"product_tag-bomber-jacket-olympia","13":"product_tag-bomber-jacket-original","14":"product_tag-bomber-jacket-orlando","15":"product_tag-bomber-jacket-women","16":"product_tag-bomber-olympia","17":"product_tag-chaqueta","18":"product_tag-chaqueta-bomber-hombre","19":"product_tag-chaqueta-bomber-mujer","20":"product_tag-chaqueta-bomber-olympia-las-vegas","21":"product_tag-jacket","22":"product_tag-jacket-olympia","24":"first","25":"instock","26":"taxable","27":"shipping-taxable","28":"purchasable","29":"product-type-variable"},"_links":{"self":[{"href":"https:\/\/emprowear.com\/es_es\/wp-json\/wp\/v2\/product\/16216","targetHints":{"allow":["GET"]}}],"collection":[{"href":"https:\/\/emprowear.com\/es_es\/wp-json\/wp\/v2\/product"}],"about":[{"href":"https:\/\/emprowear.com\/es_es\/wp-json\/wp\/v2\/types\/product"}],"wp:featuredmedia":[{"embeddable":true,"href":"https:\/\/emprowear.com\/es_es\/wp-json\/wp\/v2\/media\/16193"}],"wp:attachment":[{"href":"https:\/\/emprowear.com\/es_es\/wp-json\/wp\/v2\/media?parent=16216"}],"wp:term":[{"taxonomy":"product_brand","embeddable":true,"href":"https:\/\/emprowear.com\/es_es\/wp-json\/wp\/v2\/product_brand?post=16216"},{"taxonomy":"product_cat","embeddable":true,"href":"https:\/\/emprowear.com\/es_es\/wp-json\/wp\/v2\/product_cat?post=16216"},{"taxonomy":"product_tag","embeddable":true,"href":"https:\/\/emprowear.com\/es_es\/wp-json\/wp\/v2\/product_tag?post=16216"}],"curies":[{"name":"wp","href":"https:\/\/api.w.org\/{rel}","templated":true}]}}