{"id":16162,"date":"2023-07-05T17:36:13","date_gmt":"2023-07-05T15:36:13","guid":{"rendered":"https:\/\/emprowear.com\/?post_type=product&#038;p=16162"},"modified":"2026-04-18T01:55:51","modified_gmt":"2026-04-17T23:55:51","slug":"sudadera-empro-classic-serie-sixnine-con-capucha-red","status":"publish","type":"product","link":"https:\/\/emprowear.com\/es_es\/tienda\/sudadera-empro-classic-serie-sixnine-con-capucha-red\/","title":{"rendered":"Sudadera Empro Classic Serie Sixnine con Capucha Red"},"content":{"rendered":"<p>Sudadera de la Serie Sixnine.<\/p>\n<p>Cada marca tiene su sello distintivo y, en nuestro caso, es la colecci\u00f3n Sixnine. Pero, oye, que no lo hemos decidido nosotros\u2026 Si en nuestro mundo todos quieren una Classic hoodie Empro Classic, es por algo: 65% algod\u00f3n y 35% Poli\u00e9ster, bordados en espalda y manga. Y un dise\u00f1o \u00fanico que lo hace reconocible en todo el mundo.<\/p>\n<p>\u00bfPreparado para llevarte a casa tu pr\u00f3xima sudadera favorita?<\/p>\n<hr \/>\n<p>Recuerda que todas las <strong>devoluciones son gratuitas<\/strong>, haz tu pedido y si hay cualquier problema <strong>te devolvemos el dinero y mandaremos a alguien a que vaya a recoger el paquete.<\/strong><br \/>\n\u00a1100% Garantizado!<\/p>\n<p><strong>\u00bfTienes dudas?<\/strong><br \/>\nCons\u00faltalas todas desde nuestra p\u00e1gina de preguntas frecuentes haciendo click <a href=\"https:\/\/emprowear.com\/preguntas-frecuentes\">aqu\u00ed<\/a>. O bien cons\u00faltanos directamente a nuestro tel\u00e9fono de contacto haciendo click en el icono de WhatsApp.<\/p>\n","protected":false},"excerpt":{"rendered":"<p>Sudadera Empro Classic fabricada en la mejor combinaci\u00f3n de tejidos,\u00a0 65% algod\u00f3n y 35% Poli\u00e9ster de alta calidad.<\/p>\n","protected":false},"featured_media":16200,"template":"","meta":[],"product_brand":[],"product_cat":[159,244,210,80],"product_tag":[149,109,96,148,145,144,110,136,151,98,150,146,147],"class_list":{"0":"post-16162","1":"product","2":"type-product","3":"status-publish","4":"has-post-thumbnail","6":"product_cat-empro-pro-classic","7":"product_cat-merchandasing-competiciones","8":"product_cat-sixnine","9":"product_cat-sudaderas","10":"product_tag-149","11":"product_tag-chaqueta","12":"product_tag-emprowear","13":"product_tag-emprowear69","14":"product_tag-hoodie-olympia","15":"product_tag-hoodies","16":"product_tag-jacket","17":"product_tag-jacket-olympia","18":"product_tag-mrolympia","19":"product_tag-olympia","20":"product_tag-sixnine","21":"product_tag-sudadera","22":"product_tag-sudadera-olympia","24":"first","25":"instock","26":"taxable","27":"shipping-taxable","28":"purchasable","29":"product-type-variable"},"_links":{"self":[{"href":"https:\/\/emprowear.com\/es_es\/wp-json\/wp\/v2\/product\/16162","targetHints":{"allow":["GET"]}}],"collection":[{"href":"https:\/\/emprowear.com\/es_es\/wp-json\/wp\/v2\/product"}],"about":[{"href":"https:\/\/emprowear.com\/es_es\/wp-json\/wp\/v2\/types\/product"}],"wp:featuredmedia":[{"embeddable":true,"href":"https:\/\/emprowear.com\/es_es\/wp-json\/wp\/v2\/media\/16200"}],"wp:attachment":[{"href":"https:\/\/emprowear.com\/es_es\/wp-json\/wp\/v2\/media?parent=16162"}],"wp:term":[{"taxonomy":"product_brand","embeddable":true,"href":"https:\/\/emprowear.com\/es_es\/wp-json\/wp\/v2\/product_brand?post=16162"},{"taxonomy":"product_cat","embeddable":true,"href":"https:\/\/emprowear.com\/es_es\/wp-json\/wp\/v2\/product_cat?post=16162"},{"taxonomy":"product_tag","embeddable":true,"href":"https:\/\/emprowear.com\/es_es\/wp-json\/wp\/v2\/product_tag?post=16162"}],"curies":[{"name":"wp","href":"https:\/\/api.w.org\/{rel}","templated":true}]}}