{"id":15891,"date":"2023-02-27T12:42:52","date_gmt":"2023-02-27T11:42:52","guid":{"rendered":"https:\/\/emprowear.com\/?post_type=product&#038;p=15891"},"modified":"2024-03-12T16:52:47","modified_gmt":"2024-03-12T15:52:47","slug":"pack-tinte-competicion-toptan","status":"publish","type":"product","link":"https:\/\/emprowear.com\/es_es\/tienda\/pack-tinte-competicion-toptan\/","title":{"rendered":"Pack tinte competicion Toptan"},"content":{"rendered":"<p>Combinando estos dos\u00a0<strong>Toptan<\/strong>\u00a0obtendr\u00e1s un color a\u00fan m\u00e1s duradero y bonito.<\/p>\n<p>Recuerda que\u00a0<strong>Toptan<\/strong>\u00a0se aplica el mismo d\u00eda de competici\u00f3n. Olv\u00eddate de manchar s\u00e1banas la noche de antes.\u00a0<strong>Toptan<\/strong>\u00a0tiene un secado r\u00e1pido y gracias a eso puede ser usado el mismo d\u00eda que vayas a competir.<\/p>\n<p>Primero aplicar una capa de<strong>\u00a0Toptan Classic<\/strong>\u00a0y tras su secado aplicar una segunda o tercera capa de\u00a0<strong>Toptan G\u00e9nesis<\/strong>. De esta manera el color resultante es espectacular.<\/p>\n<p>Debes aplicar\u00a0\u00a0<strong>Toptan<\/strong>\u00a0con un rodillo de espuma. El n\u00famero de capas depender\u00e1 del color de tu piel y de la categor\u00eda en la que compitas. El tiempo de secado entre capas oscila entre 1 y 5 minutos haciendo que el tiempo de pintado dependa de la experiencia de quien lo aplica. En menos de una hora estar\u00e1s completamente pintado y seco para ponerte ropa holgada y marchar a tu campeonato donde podr\u00e1s retocar si fuera necesario.<\/p>\n<p>Para completar el bronceado ultiliza el<strong>\u00a0Gloss Gel<\/strong>\u00a0que debes aplicarlo poco antes de salir al escenario. Hay que extenderlo bien y sin miedo de llevarte tinte. Recomendamos aplicarlo con el mismo rodillo de espuma con el que se ha puesto el tinte.<\/p>\n<p><img decoding=\"async\" class=\"emoji\" role=\"img\" draggable=\"false\" src=\"https:\/\/s.w.org\/images\/core\/emoji\/14.0.0\/svg\/2705.svg\" alt=\"&#x2705;\" \/>\u00a0<strong>TOPTAN\u00a0<\/strong>\u00a0es la f\u00f3rmula m\u00e1s efectiva que existe y<strong>\u00a0no tiene ACETONA.<\/strong><\/p>\n<p>Si tienes dudas de la tonalidad que debes llevar en tu categor\u00eda no dudes en ponerte en contacto con nosotros y te ayudamos<\/p>\n<p><strong>INGREDIENTES \u00a0TINTE TOPTAN GENESIS:<\/strong> Agua, Alcoho Denat, Dihydroxyacetone, PEG-40 Cator oil, CL15985, CL42051, Phenoxyethanol, Parfum, Ethybexylglycerin, CL 1470, Courmatin, Geraniol, Citronellol, Linalool, Hexyl Cinnamal.<\/p>\n<p><strong>INGREDIENTES GLOSS GENESIS:<\/strong> Petrolatum, Tocopheryl Acetate, Parfum, Coumar\u00edn, Geraniol, Citronellol, Linalool, Hexyl Cinnamal<\/p>\n<p>&nbsp;<\/p>\n<p>&nbsp;<\/p>\n<hr \/>\n<p><strong>No se admiten devoluciones de los tintes o glossy.<\/strong><\/p>\n<p><strong>Returns of dyes or glossy are not accepted.<\/strong><\/p>\n<p><strong>\u00bfTienes dudas?<\/strong><br \/>\nCons\u00faltalas todas desde nuestra p\u00e1gina de preguntas frecuentes haciendo click <a href=\"https:\/\/emprowear.com\/preguntas-frecuentes\">aqu\u00ed<\/a>. O bien cons\u00faltanos directamente a nuestro tel\u00e9fono de contacto haciendo click en el icono de WhatsApp.<\/p>\n","protected":false},"excerpt":{"rendered":"<p>Este pack incluye:<\/p>\n<ul>\n<li>1 Tinte Toptan Classic x 200ml.<\/li>\n<li>1 Tinte Toptan G\u00e9nesis x 200ml<\/li>\n<li>Gloss Gel G\u00e9nesis x 100ml.<\/li>\n<\/ul>\n","protected":false},"featured_media":15890,"template":"","meta":[],"product_brand":[],"product_cat":[78,242],"product_tag":[227,166,173,236,239,240,241,163,170,165,235],"class_list":{"0":"post-15891","1":"product","2":"type-product","3":"status-publish","4":"has-post-thumbnail","6":"product_cat-especial-competicion","7":"product_cat-tintes-de-competicion","8":"product_tag-brillo","9":"product_tag-bronceado","10":"product_tag-competicion","11":"product_tag-genesis","12":"product_tag-gloss","13":"product_tag-glossy","14":"product_tag-tan","15":"product_tag-tanning","16":"product_tag-tinte","17":"product_tag-toptan","18":"product_tag-toptan-genesis","20":"first","21":"instock","22":"sale","23":"taxable","24":"shipping-taxable","25":"purchasable","26":"product-type-simple"},"_links":{"self":[{"href":"https:\/\/emprowear.com\/es_es\/wp-json\/wp\/v2\/product\/15891","targetHints":{"allow":["GET"]}}],"collection":[{"href":"https:\/\/emprowear.com\/es_es\/wp-json\/wp\/v2\/product"}],"about":[{"href":"https:\/\/emprowear.com\/es_es\/wp-json\/wp\/v2\/types\/product"}],"wp:featuredmedia":[{"embeddable":true,"href":"https:\/\/emprowear.com\/es_es\/wp-json\/wp\/v2\/media\/15890"}],"wp:attachment":[{"href":"https:\/\/emprowear.com\/es_es\/wp-json\/wp\/v2\/media?parent=15891"}],"wp:term":[{"taxonomy":"product_brand","embeddable":true,"href":"https:\/\/emprowear.com\/es_es\/wp-json\/wp\/v2\/product_brand?post=15891"},{"taxonomy":"product_cat","embeddable":true,"href":"https:\/\/emprowear.com\/es_es\/wp-json\/wp\/v2\/product_cat?post=15891"},{"taxonomy":"product_tag","embeddable":true,"href":"https:\/\/emprowear.com\/es_es\/wp-json\/wp\/v2\/product_tag?post=15891"}],"curies":[{"name":"wp","href":"https:\/\/api.w.org\/{rel}","templated":true}]}}