{"id":14958,"date":"2022-06-17T10:36:06","date_gmt":"2022-06-17T08:36:06","guid":{"rendered":"https:\/\/emprowear.com\/?post_type=product&#038;p=14958"},"modified":"2025-06-25T13:32:55","modified_gmt":"2025-06-25T11:32:55","slug":"gafas-sixnine-69-purple-blue","status":"publish","type":"product","link":"https:\/\/emprowear.com\/es_es\/tienda\/gafas-sixnine-69-purple-blue\/","title":{"rendered":"Gafas Sixnine 69 Purple-Blue"},"content":{"rendered":"<p>\u00a1Nueva gama de productos en EMPROWEAR!<\/p>\n<p>Esta vez traemos las nuevas gafas SixNine by Emilio Martinez.<br \/>\nCon las nuevas gafas Emprowear Y Emilio Martinez busca, acercar el mundo del culturismo y fitness al estilo casual del d\u00eda a d\u00eda sin dejar la t\u00f3nica llamativa que representa nuestro deporte.<\/p>\n<p>M\u00f3delos\u00a0en terminaciones doradas y cristales polarizados.<\/p>\n<h4>\u00bfQue incluye el producto?<\/h4>\n<p>Las gafas vienen con:<\/p>\n<ol>\n<li>Estuche para transporte.<\/li>\n<li>Tela limpieza gafas.<\/li>\n<li>Packaging Gafas.<\/li>\n<\/ol>\n<p>&nbsp;<\/p>\n<h4 style=\"text-align: center;\">\u00bfQu\u00e9 te detiene a marcar tendencia?<\/h4>\n<hr \/>\n<p>Recuerda que todas las\u00a0<strong>devoluciones son gratuitas<\/strong>, haz tu pedido y si hay cualquier problema\u00a0<strong>te devolvemos el dinero y mandaremos a alguien a que vaya a recoger el paquete.<\/strong><br \/>\n\u00a1100% Garantizado!<\/p>\n<p><strong>\u00bfTienes dudas?<\/strong><br \/>\nCons\u00faltalas todas desde nuestra p\u00e1gina de preguntas frecuentes haciendo click\u00a0<a href=\"https:\/\/emprowear.com\/preguntas-frecuentes\">aqu\u00ed<\/a>. O bien cons\u00faltanos directamente a nuestro tel\u00e9fono de contacto haciendo click en el icono de WhatsApp.<\/p>\n","protected":false},"excerpt":{"rendered":"<p>\u00a1Modelo Exclusivo!<\/p>\n<p>Gafas con cristales polarizados<\/p>\n","protected":false},"featured_media":14673,"template":"","meta":[],"product_brand":[],"product_cat":[56,51,245],"product_tag":[97,96,189,186,190,191,167,172],"class_list":{"0":"post-14958","1":"product","2":"type-product","3":"status-publish","4":"has-post-thumbnail","6":"product_cat-accessories","7":"product_cat-complementos-outfit","8":"product_cat-gafas-de-sol-y-colgantes","9":"product_tag-empro","10":"product_tag-emprowear","11":"product_tag-fashion","12":"product_tag-gafas","13":"product_tag-gafas-de-sol","14":"product_tag-outfit","15":"product_tag-sol","16":"product_tag-verano","18":"first","19":"instock","20":"taxable","21":"shipping-taxable","22":"purchasable","23":"product-type-simple"},"_links":{"self":[{"href":"https:\/\/emprowear.com\/es_es\/wp-json\/wp\/v2\/product\/14958","targetHints":{"allow":["GET"]}}],"collection":[{"href":"https:\/\/emprowear.com\/es_es\/wp-json\/wp\/v2\/product"}],"about":[{"href":"https:\/\/emprowear.com\/es_es\/wp-json\/wp\/v2\/types\/product"}],"wp:featuredmedia":[{"embeddable":true,"href":"https:\/\/emprowear.com\/es_es\/wp-json\/wp\/v2\/media\/14673"}],"wp:attachment":[{"href":"https:\/\/emprowear.com\/es_es\/wp-json\/wp\/v2\/media?parent=14958"}],"wp:term":[{"taxonomy":"product_brand","embeddable":true,"href":"https:\/\/emprowear.com\/es_es\/wp-json\/wp\/v2\/product_brand?post=14958"},{"taxonomy":"product_cat","embeddable":true,"href":"https:\/\/emprowear.com\/es_es\/wp-json\/wp\/v2\/product_cat?post=14958"},{"taxonomy":"product_tag","embeddable":true,"href":"https:\/\/emprowear.com\/es_es\/wp-json\/wp\/v2\/product_tag?post=14958"}],"curies":[{"name":"wp","href":"https:\/\/api.w.org\/{rel}","templated":true}]}}