{"id":14626,"date":"2022-05-13T11:13:41","date_gmt":"2022-05-13T09:13:41","guid":{"rendered":"https:\/\/emprowear.com\/?post_type=product&#038;p=14626"},"modified":"2024-02-27T22:53:21","modified_gmt":"2024-02-27T21:53:21","slug":"colgante-sixnine","status":"publish","type":"product","link":"https:\/\/emprowear.com\/es_es\/tienda\/colgante-sixnine\/","title":{"rendered":"Colgante Sixnine"},"content":{"rendered":"<p>Un toque diferente que podr\u00e1s a\u00f1adir a tu outfit. Lo puedes comprar para completar tu look o bien para hacer un regalo ya que lo recibes empaquetado en una bolsa delicada. Haz un regalo especial.<\/p>\n<p>Est\u00e1 fabricado con un material de primera calidad como es el acero inoxidable al que se le ha a\u00f1adido color mediante galvanoplastia al vacio de manera que no se estropear\u00e1 y lo lucir\u00e1s reluciente por mucho tiempo.<\/p>\n<p>Tienes dos colores a elegir, Oro que es un cl\u00e1sico y Oro rosado para los m\u00e1s atrevidos.<\/p>\n<p>Sixnine es una gama exclusiva de accesorios que podr\u00e1s adquirir solo en nuestra web. No te quedes sin ella.<\/p>\n<hr \/>\n<p>Recuerda que todas las <strong>devoluciones son gratuitas<\/strong>, haz tu pedido y si hay cualquier problema <strong>te devolvemos el dinero y mandaremos a alguien a que vaya a recoger el paquete.<\/strong><br \/>\n\u00a1100% Garantizado!<\/p>\n<p><strong>\u00bfTienes dudas?<\/strong><br \/>\nCons\u00faltalas todas desde nuestra p\u00e1gina de preguntas frecuentes haciendo click <a href=\"https:\/\/emprowear.com\/preguntas-frecuentes\">aqu\u00ed<\/a>. O bien cons\u00faltanos directamente a nuestro tel\u00e9fono de contacto haciendo click en el icono de WhatsApp.<\/p>\n","protected":false},"excerpt":{"rendered":"<p>Precioso colgante de Acero Inoxidable en dos colores, Oro y Oro Rosado<\/p>\n<p>&nbsp;<\/p>\n","protected":false},"featured_media":14642,"template":"","meta":[],"product_brand":[],"product_cat":[56,51,245],"product_tag":[149,178,175,176,174,177,183,179,180,98,182,181],"class_list":{"0":"post-14626","1":"product","2":"type-product","3":"status-publish","4":"has-post-thumbnail","6":"product_cat-accessories","7":"product_cat-complementos-outfit","8":"product_cat-gafas-de-sol-y-colgantes","9":"product_tag-149","10":"product_tag-accesorios","11":"product_tag-acero-inox","12":"product_tag-acero-inoxidable","13":"product_tag-colgante","14":"product_tag-collar","15":"product_tag-exclusivos","16":"product_tag-ifbb","17":"product_tag-ifbbpro","18":"product_tag-olympia","19":"product_tag-oro","20":"product_tag-spain","22":"first","23":"instock","24":"sale","25":"taxable","26":"shipping-taxable","27":"purchasable","28":"product-type-variable"},"_links":{"self":[{"href":"https:\/\/emprowear.com\/es_es\/wp-json\/wp\/v2\/product\/14626","targetHints":{"allow":["GET"]}}],"collection":[{"href":"https:\/\/emprowear.com\/es_es\/wp-json\/wp\/v2\/product"}],"about":[{"href":"https:\/\/emprowear.com\/es_es\/wp-json\/wp\/v2\/types\/product"}],"wp:featuredmedia":[{"embeddable":true,"href":"https:\/\/emprowear.com\/es_es\/wp-json\/wp\/v2\/media\/14642"}],"wp:attachment":[{"href":"https:\/\/emprowear.com\/es_es\/wp-json\/wp\/v2\/media?parent=14626"}],"wp:term":[{"taxonomy":"product_brand","embeddable":true,"href":"https:\/\/emprowear.com\/es_es\/wp-json\/wp\/v2\/product_brand?post=14626"},{"taxonomy":"product_cat","embeddable":true,"href":"https:\/\/emprowear.com\/es_es\/wp-json\/wp\/v2\/product_cat?post=14626"},{"taxonomy":"product_tag","embeddable":true,"href":"https:\/\/emprowear.com\/es_es\/wp-json\/wp\/v2\/product_tag?post=14626"}],"curies":[{"name":"wp","href":"https:\/\/api.w.org\/{rel}","templated":true}]}}