{"id":14586,"date":"2022-05-11T15:57:36","date_gmt":"2022-05-11T13:57:36","guid":{"rendered":"https:\/\/emprowear.com\/?post_type=product&#038;p=14586"},"modified":"2024-09-16T09:56:13","modified_gmt":"2024-09-16T07:56:13","slug":"sandow-escultura-trofeo","status":"publish","type":"product","link":"https:\/\/emprowear.com\/es_es\/tienda\/sandow-escultura-trofeo\/","title":{"rendered":"Sandow Escultura Trofeo"},"content":{"rendered":"<p>Si te gusta la competici\u00f3n y el culturismo no puedes dejar pasar la oportunidad de tener tu propio trofeo Sandow. Realizado en pol\u00edmero org\u00e1nico y con unos acabados perfectos. Mide 45cm de altura. Nada de una estatuilla m\u00e1s.<\/p>\n<p>Eugen Sandow (1867-1925), considerado el padre del culturismo moderno fue el primer deportista que hizo exhibici\u00f3n de su musculatura y el primer organizador de competiciones f\u00edsico culturistas a principios del siglo XX en el Royal Albert Hall con \u00e9l mismo, Sir Arthur Conan Doyle y Sir Charles Lawes como jueces.<\/p>\n<p>Era un hombre realmente fuerte, incluso comparado con los cuerpos de hoy en d\u00eda. Pod\u00eda levantar una pesa de 110 kg con un brazo en el movimiento de bench press. Su desarrollo f\u00edsico era tan espectacular que fue exhibido en la exposici\u00f3n Mundial Colombiana en 1894 como un artista de la construcci\u00f3n muscular que suger\u00eda la gracia y la forma de las antiguas estatuas de la Grecia Cl\u00e1sica.<\/p>\n<p><img decoding=\"async\" src=\"https:\/\/fitnessvolt.com\/wp-content\/uploads\/2020\/07\/eugen-sandow-workout.jpg\" alt=\"Try This Legendary Eugen Sandow Workout Inspired By The Father Of Modern Bodybuilding \u2013 Fitness Volt\" \/><\/p>\n<p>Sandow naci\u00f3 en la ciudad prusiana de K\u00f6nigsberg en 1867 de padres jud\u00edos y se interes\u00f3 en la forma f\u00edsica cuando visit\u00f3 Italia cuando era ni\u00f1o. Dej\u00f3 Prusia, ir\u00f3nicamente para evitar el servicio militar, y viaj\u00f3 mucho, llegando finalmente a Bruselas, donde fue asesorado por el hombre fuerte Ludwig Durlacher, quien actu\u00f3 bajo el seud\u00f3nimo de Profesor Atilla. Sandow finalmente lleg\u00f3 a Inglaterra y se cas\u00f3 con una inglesa. En 1889, apareci\u00f3 en el escenario del music-hall brit\u00e1nico cuando derrot\u00f3 a otro extravagante hombre fuerte en un concurso de levantamiento de pesas y rompimiento de cadenas. Su fama se aceler\u00f3 y recorri\u00f3 el mundo, pero finalmente se instal\u00f3 en Inglaterra, donde los grandes y los buenos siguieron sus reg\u00edmenes de acondicionamiento f\u00edsico. Incluso se convirti\u00f3 en instructor f\u00edsico del rey Jorge V. Curiosamente, Sandow midi\u00f3 las proporciones de las estatuas antiguas y formul\u00f3 su propio \u00abideal griego\u00bb que intent\u00f3 aplicar a su propio f\u00edsico.<\/p>\n<p>Frederick William Pomeroy fue un miembro clave del Movimiento de la Nueva Escultura que revolucion\u00f3 la escultura brit\u00e1nica a finales del siglo XIX. La escultura brit\u00e1nica cambi\u00f3 fundamentalmente con la llegada del artista franc\u00e9s Jules Dalou en 1871, quien ense\u00f1\u00f3 el arte de la escultura figurativa a sus alumnos. Esto tuvo un profundo impacto en Lord Leighton quien, en 1877, dio a conocer su Athlete Wrestling with a Python, en el que un joven musculoso est\u00e1 congelado en un combate a muerte con una serpiente mortal. Escultores como Alfred Gilbert, Harry Bates y, por supuesto, Pomeroy buscaron capturar representaciones naturalistas de la anatom\u00eda humana, en contraste con el estilo impresionista de sus contempor\u00e1neos parisinos.<\/p>\n<p>&nbsp;<\/p>\n<p>La elecci\u00f3n de Sandow como modelo por parte de Pomeroy debe verse como algo que encaja en esta narrativa. Sin embargo, difiere de muchos de los desnudos idealizados de Gilbert, Leighton y Bates, en que es un retrato contempor\u00e1neo de un fen\u00f3meno claramente de fin de siglo: el hombre fuerte con sus pesas. Apropiadamente, los moldes &#8216;mejorados&#8217; de Sandow de Pomeroy todav\u00eda se otorgan a los ganadores de la competencia Mr Olympia (Federaci\u00f3n Internacional de Fisicoculturismo y Fitness) hasta el d\u00eda de hoy. El modelo actual es un ejemplo de \u00e9poca particularmente hermoso con una rica p\u00e1tina marr\u00f3n en muy buenas condiciones.<\/p>\n<p>&nbsp;<\/p>\n<p>Pomeroy ingres\u00f3 a las Escuelas de la Royal Academy en 1880 y en 1885 gan\u00f3 la beca de viaje Medalla de Oro. Despu\u00e9s de estudiar con Marius-Jean-Antonin Merci\u00e9 en Par\u00eds y viajar por Italia, regres\u00f3 a Londres y comenz\u00f3 a exponer con la Arts and Crafts Exhibition Society (1888). Pomeroy fue un exponente de la Nueva Escultura y, como muchos de sus contempor\u00e1neos, ejecut\u00f3 figuras ideales extra\u00eddas de la mitolog\u00eda y la literatura que muestran las influencias gemelas de la Italia renacentista y la Francia contempor\u00e1nea. Las obras t\u00edpicas incluyen el bronce Dionysius (1890; Londres, Tate) y Love the Conqueror (1893; Liverpool, Walker A.G.). Numerosas obras monumentales fuertemente modeladas en bronce incluyen Robert Burns (1894; Paisley), Dean Hook (1901; Leeds) y cuatro figuras colosales (1905) para Vauxhall Bridge, Londres. Pomeroy se convirti\u00f3 en ARA en 1907, Master of the Art Workers&#8217; Guild en 1908, miembro del consejo de la Royal Society of British Sculptors en 1914 y RA en 1917.<\/p>\n<hr \/>\n<p>Recuerda que todas las <strong>devoluciones son gratuitas<\/strong>, haz tu pedido y si hay cualquier problema <strong>te devolvemos el dinero y mandaremos a alguien a que vaya a recoger el paquete.<\/strong><br \/>\n\u00a1100% Garantizado!<\/p>\n<p><strong>\u00bfTienes dudas?<\/strong><br \/>\nCons\u00faltalas todas desde nuestra p\u00e1gina de preguntas frecuentes haciendo click <a href=\"https:\/\/emprowear.com\/preguntas-frecuentes\">aqu\u00ed<\/a>. O bien cons\u00faltanos directamente a nuestro tel\u00e9fono de contacto haciendo click en el icono de WhatsApp.<\/p>\n","protected":false},"excerpt":{"rendered":"<p>Pieza de colecci\u00f3n 45&#215;14,5&#215;13 (cm)<\/p>\n<p>El trofeo m\u00e1s codiciado en el mundo del Fisicoculturismo y con unos acabados \u00fanicos<\/p>\n","protected":false},"featured_media":14635,"template":"","meta":[],"product_brand":[],"product_cat":[56,51,244,156],"product_tag":[169,166,173,168,171,167,163,170,164,165,172],"class_list":{"0":"post-14586","1":"product","2":"type-product","3":"status-publish","4":"has-post-thumbnail","6":"product_cat-accessories","7":"product_cat-complementos-outfit","8":"product_cat-merchandasing-competiciones","9":"product_cat-olympia","10":"product_tag-autobronceador","11":"product_tag-bronceado","12":"product_tag-competicion","13":"product_tag-morenito","14":"product_tag-pintura","15":"product_tag-sol","16":"product_tag-tanning","17":"product_tag-tinte","18":"product_tag-top-tan","19":"product_tag-toptan","20":"product_tag-verano","22":"first","23":"outofstock","24":"taxable","25":"shipping-taxable","26":"purchasable","27":"product-type-simple"},"_links":{"self":[{"href":"https:\/\/emprowear.com\/es_es\/wp-json\/wp\/v2\/product\/14586","targetHints":{"allow":["GET"]}}],"collection":[{"href":"https:\/\/emprowear.com\/es_es\/wp-json\/wp\/v2\/product"}],"about":[{"href":"https:\/\/emprowear.com\/es_es\/wp-json\/wp\/v2\/types\/product"}],"wp:featuredmedia":[{"embeddable":true,"href":"https:\/\/emprowear.com\/es_es\/wp-json\/wp\/v2\/media\/14635"}],"wp:attachment":[{"href":"https:\/\/emprowear.com\/es_es\/wp-json\/wp\/v2\/media?parent=14586"}],"wp:term":[{"taxonomy":"product_brand","embeddable":true,"href":"https:\/\/emprowear.com\/es_es\/wp-json\/wp\/v2\/product_brand?post=14586"},{"taxonomy":"product_cat","embeddable":true,"href":"https:\/\/emprowear.com\/es_es\/wp-json\/wp\/v2\/product_cat?post=14586"},{"taxonomy":"product_tag","embeddable":true,"href":"https:\/\/emprowear.com\/es_es\/wp-json\/wp\/v2\/product_tag?post=14586"}],"curies":[{"name":"wp","href":"https:\/\/api.w.org\/{rel}","templated":true}]}}