{"id":14257,"date":"2022-01-22T14:05:13","date_gmt":"2022-01-22T13:05:13","guid":{"rendered":"https:\/\/emprowear.com\/?post_type=product&#038;p=14257"},"modified":"2026-04-06T22:14:50","modified_gmt":"2026-04-06T20:14:50","slug":"plch-vg-crema-prolift-con-colageno-hidrolizado","status":"publish","type":"product","link":"https:\/\/emprowear.com\/es_es\/tienda\/plch-vg-crema-prolift-con-colageno-hidrolizado\/","title":{"rendered":"PLCH VG &#8211; Crema PROLIFT con Col\u00e1geno Hidrolizado"},"content":{"rendered":"<h2>Crema reductora anticelulitis<\/h2>\n<p>Es una crema reductora que te ayudara a quemar la grasa localizada pero la hemos mejorado potenciando su acci\u00f3n a\u00f1adi\u00e9ndole\u00a0<strong>Silicio org\u00e1nico (METHYLSILANOL MANNURONATE)<\/strong>\u00a0que promueve la producci\u00f3n de col\u00e1geno y elastina y tiene acci\u00f3n citoestimulante, es decir, estimula el funcionamiento de las c\u00e9lulas de la dermis y el fol\u00edculo piloso, esto hace que reafirme la piel y act\u00fae suavizando la estr\u00edas.<\/p>\n<h2>Crema con col\u00e1geno hidrolizado<\/h2>\n<p>Tambi\u00e9n la hemos enriquecido con\u00a0<strong>col\u00e1geno hidrolizado<\/strong>\u00a0que ayudara a\u00a0 regenerar los tejidos y refuerza la capacidad de hidrataci\u00f3n, ayuda a que la piel se vea mas joven y evitara el envejecimiento de esta adem\u00e1s de reafirmarla.<\/p>\n<p>Por supuesto sigue llevando los agentes reductores que tan bien han funcionado con la crema LIPOXSLIM.<\/p>\n<h2>L\u00ednea completa Ver\u00f3nica Gallego<\/h2>\n<p><strong>Veronica Gallego VG<\/strong>, lanza al mercado su\u00a0<strong>\u00abLINEA PERSONAL\u00bb<\/strong>\u00a0especial woman.<\/p>\n<p>Hemos trabajado mucho para poder ofreceros una gama de productos tanto para los profesionales del deporte , compitan o no, para los aficionados y para todas la personas que le gusten cuidarse tanto por dentro como por fuera.<\/p>\n<p>Es cierto que mi intenci\u00f3n ha sido creas una l\u00ednea pensada un poco mas en la mujer, pero claro, es tambi\u00e9n apta para hombres.<\/p>\n<p>El primer producto que hemos sacado al mercado se llama\u00a0<em><strong>PROLIFT.<\/strong><\/em><\/p>\n<hr \/>\n<p>Recuerda que todas las <strong>devoluciones son gratuitas<\/strong>, haz tu pedido y si hay cualquier problema <strong>te devolvemos el dinero y mandaremos a alguien a que vaya a recoger el paquete.<\/strong><br \/>\n\u00a1100% Garantizado!<\/p>\n<p><strong>\u00bfTienes dudas?<\/strong><br \/>\nCons\u00faltalas todas desde nuestra p\u00e1gina de preguntas frecuentes haciendo click <a href=\"https:\/\/emprowear.com\/preguntas-frecuentes\">aqu\u00ed<\/a>. O bien cons\u00faltanos directamente a nuestro tel\u00e9fono de contacto haciendo click en el icono de WhatsApp.<\/p>\n","protected":false},"excerpt":{"rendered":"<p>Crema reductora\u00a0que te ayudara a\u00a0quemar la grasa localizada.\u00a0Di adi\u00f3s a la\u00a0flacidez\u00a0y la\u00a0celulitis. Perfecta para\u00a0hombres\u00a0y\u00a0mujeres.<\/p>\n<p>&nbsp;<\/p>\n","protected":false},"featured_media":14258,"template":"","meta":[],"product_brand":[],"product_cat":[184],"product_tag":[117,116,122,97,120,119,118,121],"class_list":{"0":"post-14257","1":"product","2":"type-product","3":"status-publish","4":"has-post-thumbnail","6":"product_cat-nutricion-deportiva","7":"product_tag-anti-grasa","8":"product_tag-anticelulitico","9":"product_tag-crema","10":"product_tag-empro","11":"product_tag-empronutrition","12":"product_tag-emprowerar","13":"product_tag-quema-grasa","14":"product_tag-slim","16":"first","17":"instock","18":"sale","19":"taxable","20":"shipping-taxable","21":"purchasable","22":"product-type-simple"},"_links":{"self":[{"href":"https:\/\/emprowear.com\/es_es\/wp-json\/wp\/v2\/product\/14257","targetHints":{"allow":["GET"]}}],"collection":[{"href":"https:\/\/emprowear.com\/es_es\/wp-json\/wp\/v2\/product"}],"about":[{"href":"https:\/\/emprowear.com\/es_es\/wp-json\/wp\/v2\/types\/product"}],"wp:featuredmedia":[{"embeddable":true,"href":"https:\/\/emprowear.com\/es_es\/wp-json\/wp\/v2\/media\/14258"}],"wp:attachment":[{"href":"https:\/\/emprowear.com\/es_es\/wp-json\/wp\/v2\/media?parent=14257"}],"wp:term":[{"taxonomy":"product_brand","embeddable":true,"href":"https:\/\/emprowear.com\/es_es\/wp-json\/wp\/v2\/product_brand?post=14257"},{"taxonomy":"product_cat","embeddable":true,"href":"https:\/\/emprowear.com\/es_es\/wp-json\/wp\/v2\/product_cat?post=14257"},{"taxonomy":"product_tag","embeddable":true,"href":"https:\/\/emprowear.com\/es_es\/wp-json\/wp\/v2\/product_tag?post=14257"}],"curies":[{"name":"wp","href":"https:\/\/api.w.org\/{rel}","templated":true}]}}