{"id":12901,"date":"2021-06-08T14:27:34","date_gmt":"2021-06-08T12:27:34","guid":{"rendered":"https:\/\/emprowear.com\/?post_type=product&#038;p=12901"},"modified":"2026-04-14T21:24:39","modified_gmt":"2026-04-14T19:24:39","slug":"top-oficial-o-1965","status":"publish","type":"product","link":"https:\/\/emprowear.com\/es_es\/tienda\/top-oficial-o-1965\/","title":{"rendered":"Top Oficial O 1965"},"content":{"rendered":"<p>La funci\u00f3n del top o sujetador deportivo es darte una\u00a0<strong>sensaci\u00f3n de comodidad\u00a0<\/strong>durante el ejercicio. Ofrecerte una mayor sujeci\u00f3n a tu pecho a la hora de practicar deporte.<\/p>\n<p>Es un error utilizar el sujetador convencional para hacer deporte ya que este no cumple la funci\u00f3n de mantener el pecho firme a la hora de realizar nuestros ejercicios.<\/p>\n<p>Un sujetador deportivo adecuado te evitara lesiones Es muy importante que elijas la talla adecuada ya que evitaras lesiones. El ponerte un sujetador m\u00e1s peque\u00f1o a tu talla habitual te puede conllevar a la\u00a0<strong>disminuci\u00f3n del riego sangu\u00edneo<\/strong>\u00a0en algunas partes de tu cuerpo de manera transitoria o permanente, creando hipertrofia mamaria, problemas cervicales, lumbares o en el pez\u00f3n. Piensa que la funci\u00f3n del top o sujetador deportivo no es el levantarte o unirte mas los senos para que salgas mas sexy en un selfie. La sujeci\u00f3n natural del pecho se basa en la propia piel y en los\u00a0<strong>ligamentos de Cooper<\/strong>, y si no se usa el sujetador deportivo adecuado, estos tienen un trabajo extra para el que no est\u00e1n preparados y pueden llegar a romperse. \u00c9ste no es un problema temporal, ya que estos ligamentos no se regeneran. Adem\u00e1s, aunque no se produzca una ruptura, pierden eficacia cuando tienen un trabajo excesivo, lo que hace que se adelante la ca\u00edda natural del pecho\u00a0que se da con el paso del tiempo. Decimos no a los aros, trabillas o cualquier fornitura que pueda causar molestias a la hora de practicar deporte. Para nosotros es b\u00e1sico que un bra deportivo est\u00e9 libre de complementos que puedan dejar roces o heridas. Tambi\u00e9n preferimos que el asa sea ancha y sin hebilla ajustable, asegurando una mejor sujeci\u00f3n del pecho y evitamos as\u00ed marcas indeseadas.<\/p>\n<p>La composici\u00f3n de nuestros tops es de lycra por lo que podr\u00e1s sentirte bastante c\u00f3moda a la hora de hacer tus ejercicios.<\/p>\n<p><strong>CUIDADOS<\/strong><\/p>\n<p>Cuidar de tus prendas es cuidar el medioambiente.<\/p>\n<p>Lavar las prendas a bajas temperaturas y con programas de centrifugado suaves que son m\u00e1s delicados con las prendas, te ayudan a mantener el color, la forma y la estructura del tejido, al mismo tiempo que reduce el consumo de energ\u00eda.<\/p>\n<p>-Lavar a m\u00e1quina m\u00e1x. 30\u00bac. centrifugado corto.<\/p>\n<p>-No usar suavizante<\/p>\n<p>-No usar lej\u00eda\/blanqueador<\/p>\n<p>-No limpiar en seco<\/p>\n<p>-No utilizar secadora<\/p>\n<p>-No planchar<\/p>\n<p>El color de la prenda puede tener una peque\u00f1a diferencia respecto a la imagen debido al formato y la iluminaci\u00f3n.<\/p>\n<p>The color of the garment may have a small difference from the image due to the format and lighting<\/p>\n<hr \/>\n<p>Recuerda que todas las <strong>devoluciones son gratuitas<\/strong>, haz tu pedido y si hay cualquier problema <strong>te devolvemos el dinero y mandaremos a alguien a que vaya a recoger el paquete.<\/strong><br \/>\n\u00a1100% Garantizado!<\/p>\n<p><strong>\u00bfTienes dudas?<\/strong><br \/>\nCons\u00faltalas todas desde nuestra p\u00e1gina de preguntas frecuentes haciendo click <a href=\"https:\/\/emprowear.com\/preguntas-frecuentes\">aqu\u00ed<\/a>. O bien cons\u00faltanos directamente a nuestro tel\u00e9fono de contacto haciendo click en el icono de WhatsApp.<\/p>\n","protected":false},"excerpt":{"rendered":"<p>Top Olympia 1965<\/p>\n<p>Top de Lycra. M\u00e1xima comodidad y m\u00ednimas costuras<\/p>\n","protected":false},"featured_media":12919,"template":"","meta":[],"product_brand":[],"product_cat":[154,244,288,102],"product_tag":[101,95,97,96,98,94,100,103],"class_list":{"0":"post-12901","1":"product","2":"type-product","3":"status-publish","4":"has-post-thumbnail","6":"product_cat-top-sellers","7":"product_cat-merchandasing-competiciones","8":"product_cat-serie-olympia-1965","9":"product_cat-top","10":"product_tag-basket","11":"product_tag-camiseta","12":"product_tag-empro","13":"product_tag-emprowear","14":"product_tag-olympia","15":"product_tag-oversize","16":"product_tag-panth","17":"product_tag-top","19":"first","20":"instock","21":"taxable","22":"shipping-taxable","23":"purchasable","24":"product-type-variable","25":"has-default-attributes"},"_links":{"self":[{"href":"https:\/\/emprowear.com\/es_es\/wp-json\/wp\/v2\/product\/12901","targetHints":{"allow":["GET"]}}],"collection":[{"href":"https:\/\/emprowear.com\/es_es\/wp-json\/wp\/v2\/product"}],"about":[{"href":"https:\/\/emprowear.com\/es_es\/wp-json\/wp\/v2\/types\/product"}],"wp:featuredmedia":[{"embeddable":true,"href":"https:\/\/emprowear.com\/es_es\/wp-json\/wp\/v2\/media\/12919"}],"wp:attachment":[{"href":"https:\/\/emprowear.com\/es_es\/wp-json\/wp\/v2\/media?parent=12901"}],"wp:term":[{"taxonomy":"product_brand","embeddable":true,"href":"https:\/\/emprowear.com\/es_es\/wp-json\/wp\/v2\/product_brand?post=12901"},{"taxonomy":"product_cat","embeddable":true,"href":"https:\/\/emprowear.com\/es_es\/wp-json\/wp\/v2\/product_cat?post=12901"},{"taxonomy":"product_tag","embeddable":true,"href":"https:\/\/emprowear.com\/es_es\/wp-json\/wp\/v2\/product_tag?post=12901"}],"curies":[{"name":"wp","href":"https:\/\/api.w.org\/{rel}","templated":true}]}}