{"id":12837,"date":"2021-06-08T14:01:09","date_gmt":"2021-06-08T12:01:09","guid":{"rendered":"https:\/\/emprowear.com\/?post_type=product&#038;p=12837"},"modified":"2026-03-30T19:55:55","modified_gmt":"2026-03-30T17:55:55","slug":"pantalon-oficial-o-1965","status":"publish","type":"product","link":"https:\/\/emprowear.com\/es_es\/tienda\/pantalon-oficial-o-1965\/","title":{"rendered":"Pantal\u00f3n Oficial O 1965"},"content":{"rendered":"<p>Pantal\u00f3n de ch\u00e1ndal de la serie Olympia 1965. Puedes completar su look con la sudadera, camiseta oversize, camiseta Nfl o la camiseta basket.<\/p>\n<p>Perfecto para un look relajado pero elegante. Combinable tanto con abrigo, bomber o chaqueta.<\/p>\n<p>Confeccionado con 50% Algod\u00f3n y 50% Poli\u00e9ster. d\u00e1ndole ese toque de comodidad y confort.<\/p>\n<p>El color de la prenda puede tener una peque\u00f1a diferencia respecto a la imagen debido al formato y la iluminaci\u00f3n.<\/p>\n<p>The color of the garment may have a small difference from the image due to the format and lighting.<\/p>\n<p><strong>CUIDADOS<\/strong><\/p>\n<p>Cuidar de tus prendas es cuidar el medioambiente.<\/p>\n<p>Lavar las prendas a bajas temperaturas y con programas de centrifugado suaves que son m\u00e1s delicados con las prendas, te ayudan a mantener el color, la forma y la estructura del tejido, al mismo tiempo que reduce el consumo de energ\u00eda.<\/p>\n<p>-Lavar a m\u00e1quina m\u00e1x. 30\u00bac. centrifugado corto.<\/p>\n<p>-No usar lej\u00eda\/blanqueador<\/p>\n<p>-Planchar m\u00e1ximo 110\u00baC<\/p>\n<p>-No limpiar en seco<\/p>\n<p>-No utilizar secadora<\/p>\n<p>&nbsp;<\/p>\n<hr \/>\n<p>Recuerda que todas las <strong>devoluciones son gratuitas<\/strong>, haz tu pedido y si hay cualquier problema <strong>te devolvemos el dinero y mandaremos a alguien a que vaya a recoger el paquete.<\/strong><br \/>\n\u00a1100% Garantizado!<\/p>\n<p><strong>\u00bfTienes dudas?<\/strong><br \/>\nCons\u00faltalas todas desde nuestra p\u00e1gina de preguntas frecuentes haciendo click <a href=\"https:\/\/emprowear.com\/preguntas-frecuentes\">aqu\u00ed<\/a>. O bien cons\u00faltanos directamente a nuestro tel\u00e9fono de contacto haciendo click en el icono de WhatsApp.<\/p>\n","protected":false},"excerpt":{"rendered":"<p>Pantal\u00f3n Olympia 1965<\/p>\n<p>50% algod\u00f3n 50% poli\u00e9ster<\/p>\n","protected":false},"featured_media":12855,"template":"","meta":[],"product_brand":[],"product_cat":[244,99,288],"product_tag":[95,97,96,98,94,100],"class_list":{"0":"post-12837","1":"product","2":"type-product","3":"status-publish","4":"has-post-thumbnail","6":"product_cat-merchandasing-competiciones","7":"product_cat-pantalones-y-bermuda","8":"product_cat-serie-olympia-1965","9":"product_tag-camiseta","10":"product_tag-empro","11":"product_tag-emprowear","12":"product_tag-olympia","13":"product_tag-oversize","14":"product_tag-panth","16":"first","17":"instock","18":"taxable","19":"shipping-taxable","20":"purchasable","21":"product-type-variable"},"_links":{"self":[{"href":"https:\/\/emprowear.com\/es_es\/wp-json\/wp\/v2\/product\/12837","targetHints":{"allow":["GET"]}}],"collection":[{"href":"https:\/\/emprowear.com\/es_es\/wp-json\/wp\/v2\/product"}],"about":[{"href":"https:\/\/emprowear.com\/es_es\/wp-json\/wp\/v2\/types\/product"}],"wp:featuredmedia":[{"embeddable":true,"href":"https:\/\/emprowear.com\/es_es\/wp-json\/wp\/v2\/media\/12855"}],"wp:attachment":[{"href":"https:\/\/emprowear.com\/es_es\/wp-json\/wp\/v2\/media?parent=12837"}],"wp:term":[{"taxonomy":"product_brand","embeddable":true,"href":"https:\/\/emprowear.com\/es_es\/wp-json\/wp\/v2\/product_brand?post=12837"},{"taxonomy":"product_cat","embeddable":true,"href":"https:\/\/emprowear.com\/es_es\/wp-json\/wp\/v2\/product_cat?post=12837"},{"taxonomy":"product_tag","embeddable":true,"href":"https:\/\/emprowear.com\/es_es\/wp-json\/wp\/v2\/product_tag?post=12837"}],"curies":[{"name":"wp","href":"https:\/\/api.w.org\/{rel}","templated":true}]}}