{"id":16788,"date":"2024-01-04T17:23:42","date_gmt":"2024-01-04T16:23:42","guid":{"rendered":"https:\/\/emprowear.com\/?page_id=16788"},"modified":"2024-01-04T17:23:43","modified_gmt":"2024-01-04T16:23:43","slug":"clausula-para-el-formulario-de-la-web","status":"publish","type":"page","link":"https:\/\/emprowear.com\/es_es\/clausula-para-el-formulario-de-la-web\/","title":{"rendered":"Cl\u00e1usula para el formulario de la web"},"content":{"rendered":"\n<p>Responsable: UNIVERSAL FITNESS COMPANY, S.L. NIF B54359609, C\/ METALURGIA, 9, 03008-ALICANTE<\/p>\n\n\n\n<p><br>La finalidad del tratamiento de los datos para la que usted da su consentimiento ser\u00e1 la de gestionar los datos de los clientes\/usuarios que accedan al formulario de contacto de la p\u00e1gina web de la entidad, contestar sus consultas y\/o enviar publicidad de productos o servicios que puedan ser de su inter\u00e9s. Los datos  proporcionados se conservar\u00e1n mientras no solicite el cese de la actividad y no se ceder\u00e1n a terceros, salvo obligaci\u00f3n legal. Ud. tiene derecho al acceso, rectificaci\u00f3n o a solicitar su supresi\u00f3n cuando los datos ya no sean necesarios para los fines que fueron recogidos en los t\u00e9rminos previstos en la Ley, que podr\u00e1 ejercitar mediante escrito dirigido al responsable de los mismos en la direcci\u00f3n de e-Mail ADMIN@EMPRONUTRITION.COM. <\/p>\n\n\n\n<p>Puede consultar informaci\u00f3n adicional en https:\/\/www.aemol.com\/clausulas.php?B54359609.<\/p>\n","protected":false},"excerpt":{"rendered":"<p>Responsable: UNIVERSAL FITNESS COMPANY, S.L. NIF B54359609, C\/ METALURGIA, 9, 03008-ALICANTE La finalidad del tratamiento de los datos para la que usted da su consentimiento ser\u00e1 la de gestionar los datos de los clientes\/usuarios que accedan al formulario de contacto de la p\u00e1gina web de la entidad, contestar sus consultas y\/o enviar publicidad de productos [&hellip;]<\/p>\n","protected":false},"author":3,"featured_media":0,"parent":0,"menu_order":0,"comment_status":"closed","ping_status":"closed","template":"","meta":{"footnotes":""},"class_list":["post-16788","page","type-page","status-publish","hentry"],"_links":{"self":[{"href":"https:\/\/emprowear.com\/es_es\/wp-json\/wp\/v2\/pages\/16788","targetHints":{"allow":["GET"]}}],"collection":[{"href":"https:\/\/emprowear.com\/es_es\/wp-json\/wp\/v2\/pages"}],"about":[{"href":"https:\/\/emprowear.com\/es_es\/wp-json\/wp\/v2\/types\/page"}],"author":[{"embeddable":true,"href":"https:\/\/emprowear.com\/es_es\/wp-json\/wp\/v2\/users\/3"}],"replies":[{"embeddable":true,"href":"https:\/\/emprowear.com\/es_es\/wp-json\/wp\/v2\/comments?post=16788"}],"version-history":[{"count":1,"href":"https:\/\/emprowear.com\/es_es\/wp-json\/wp\/v2\/pages\/16788\/revisions"}],"predecessor-version":[{"id":16789,"href":"https:\/\/emprowear.com\/es_es\/wp-json\/wp\/v2\/pages\/16788\/revisions\/16789"}],"wp:attachment":[{"href":"https:\/\/emprowear.com\/es_es\/wp-json\/wp\/v2\/media?parent=16788"}],"curies":[{"name":"wp","href":"https:\/\/api.w.org\/{rel}","templated":true}]}}