{"id":20241,"date":"2025-08-19T13:50:56","date_gmt":"2025-08-19T11:50:56","guid":{"rendered":"https:\/\/emprowear.com\/?post_type=product&#038;p=20241"},"modified":"2026-02-02T16:11:07","modified_gmt":"2026-02-02T15:11:07","slug":"bermuda-oficial-fit-olympia-1965-white","status":"publish","type":"product","link":"https:\/\/emprowear.com\/en_us\/tienda\/bermuda-oficial-fit-olympia-1965-white\/","title":{"rendered":"Bermuda Oficial FIT OLYMPIA 1965 White"},"content":{"rendered":"<p>Domina tu sala de entreno,la cancha y el d\u00eda a d\u00eda con nuestro pantal\u00f3n corto de baloncesto para mujer.<br \/>\nDise\u00f1ado para darte comodidad, frescura y libertad de movimiento, tanto en tus entrenamientos como en tus paseos.<br \/>\nSu estilo deportivo con corte femenino refleja la esencia de fuerza y actitud, mientras que la tela ligera asegura que te sientas siempre fresca y segura.<br \/>\nPodr\u00e1s tener toda la confianza de que nuestros tejidos no absorben el olor a sudor una vez lo hayas lavado.<br \/>\n\u2728 Dise\u00f1o vers\u00e1til: cancha + calle + sala de entrenamiento<br \/>\n\u2728 Comodidad y ligereza en cada movimiento<br \/>\n\u2728 Toque femenino con esencia competitiva<\/p>\n<p>Con <strong>Emprowear<\/strong>, no solo juegas\u2026 impones tu estilo.<\/p>\n<p><strong>CARE<\/strong><\/p>\n<p>Taking care of your clothes is taking care of the environment.<\/p>\n<p>Washing the garments at low temperatures and with gentle spin programs that are more delicate with the garments, help you to maintain the color, shape and structure of the fabric, while reducing energy consumption.<\/p>\n<p>-Machine wash max. 30\u00bac. short spin.<\/p>\n<p>-Do not bleach\/bleach<\/p>\n<p>-Iron maximum 110\u00baC<\/p>\n<p>-Do not dry clean<\/p>\n<p>-Do not use a dryer<\/p>\n<p>&nbsp;<\/p>\n<p>&nbsp;<\/p>\n<p>&nbsp;<\/p>\n<p>&nbsp;<\/p>\n<hr \/>\n<p class=\"translation-block\">Remember that all <strong>returns are free<\/strong>, place your order and if there is any problem <strong>we will refund your money and we will send someone to pick up the package.<\/strong><br>\n100% Guaranteed!<\/p>\n<p><strong>You have doubts?<\/strong><br \/>\nConsult them all from our frequently asked questions page by clicking <a href=\"https:\/\/emprowear.com\/en_us\/preguntas-frecuentes\/\">here<\/a>. Or contact us directly at our contact telephone number by clicking on the WhatsApp icon.<\/p>","protected":false},"excerpt":{"rendered":"<p>\u00abFUERZA FEMENINA CON ACTITUD IMPARABLE\u201d<\/p>\n<p>Bermuda FIT Oficial Serie Empro Classic<\/p>","protected":false},"featured_media":20161,"template":"","meta":[],"product_brand":[],"product_cat":[244,153,99,288],"product_tag":[258,97,96,199,98,317,316,259],"class_list":{"0":"post-20241","1":"product","2":"type-product","3":"status-publish","4":"has-post-thumbnail","6":"product_cat-merchandasing-competiciones","7":"product_cat-nuevos-productos","8":"product_cat-pantalones-y-bermuda","9":"product_cat-serie-olympia-1965","10":"product_tag-bermuda","11":"product_tag-empro","12":"product_tag-emprowear","13":"product_tag-nfl","14":"product_tag-olympia","15":"product_tag-ropa-deportiva-mujer","16":"product_tag-ropa-deportiva-para-mujer","17":"product_tag-short","19":"first","20":"instock","21":"taxable","22":"shipping-taxable","23":"purchasable","24":"product-type-variable"},"_links":{"self":[{"href":"https:\/\/emprowear.com\/en_us\/wp-json\/wp\/v2\/product\/20241","targetHints":{"allow":["GET"]}}],"collection":[{"href":"https:\/\/emprowear.com\/en_us\/wp-json\/wp\/v2\/product"}],"about":[{"href":"https:\/\/emprowear.com\/en_us\/wp-json\/wp\/v2\/types\/product"}],"wp:featuredmedia":[{"embeddable":true,"href":"https:\/\/emprowear.com\/en_us\/wp-json\/wp\/v2\/media\/20161"}],"wp:attachment":[{"href":"https:\/\/emprowear.com\/en_us\/wp-json\/wp\/v2\/media?parent=20241"}],"wp:term":[{"taxonomy":"product_brand","embeddable":true,"href":"https:\/\/emprowear.com\/en_us\/wp-json\/wp\/v2\/product_brand?post=20241"},{"taxonomy":"product_cat","embeddable":true,"href":"https:\/\/emprowear.com\/en_us\/wp-json\/wp\/v2\/product_cat?post=20241"},{"taxonomy":"product_tag","embeddable":true,"href":"https:\/\/emprowear.com\/en_us\/wp-json\/wp\/v2\/product_tag?post=20241"}],"curies":[{"name":"wp","href":"https:\/\/api.w.org\/{rel}","templated":true}]}}