{"id":19684,"date":"2025-04-14T13:20:34","date_gmt":"2025-04-14T11:20:34","guid":{"rendered":"https:\/\/emprowear.com\/?post_type=product&#038;p=19684"},"modified":"2026-01-29T12:15:28","modified_gmt":"2026-01-29T11:15:28","slug":"short-mens-monaco","status":"publish","type":"product","link":"https:\/\/emprowear.com\/en_us\/tienda\/short-mens-monaco\/","title":{"rendered":"SHORT MEN\u00b4S MONACO"},"content":{"rendered":"<p>Los short de Men\u00b4s Physique SIXNINE est\u00e1n confeccionados con tela de primera calidad para una forma y comodidad optimas.<\/p>\n<p>Nuestros dise\u00f1os se crean con la m\u00e1xima atenci\u00f3n al detalle para realzar la figura en el escenario<\/p>\n<p>Fabricados con materiales de primera calidad, el\u00e1sticos.<\/p>\n<p>90% Poli\u00e9ster, 10% Spandex.<\/p>\n<p>&nbsp;<\/p>","protected":false},"excerpt":{"rendered":"<p>Short Men\u00b4s Physique SIXNINE<\/p>","protected":false},"featured_media":20779,"template":"","meta":[],"product_brand":[],"product_cat":[56,303,51,78,153,210],"product_tag":[311,173,309,310,259,150],"class_list":{"0":"post-19684","1":"product","2":"type-product","3":"status-publish","4":"has-post-thumbnail","6":"product_cat-accessories","7":"product_cat-banador-competicion","8":"product_cat-complementos-outfit","9":"product_cat-especial-competicion","10":"product_cat-nuevos-productos","11":"product_cat-sixnine","12":"product_tag-banador-mens-physique","13":"product_tag-competicion","14":"product_tag-mens","15":"product_tag-physique","16":"product_tag-short","17":"product_tag-sixnine","19":"first","20":"instock","21":"taxable","22":"shipping-taxable","23":"purchasable","24":"product-type-variable"},"_links":{"self":[{"href":"https:\/\/emprowear.com\/en_us\/wp-json\/wp\/v2\/product\/19684","targetHints":{"allow":["GET"]}}],"collection":[{"href":"https:\/\/emprowear.com\/en_us\/wp-json\/wp\/v2\/product"}],"about":[{"href":"https:\/\/emprowear.com\/en_us\/wp-json\/wp\/v2\/types\/product"}],"wp:featuredmedia":[{"embeddable":true,"href":"https:\/\/emprowear.com\/en_us\/wp-json\/wp\/v2\/media\/20779"}],"wp:attachment":[{"href":"https:\/\/emprowear.com\/en_us\/wp-json\/wp\/v2\/media?parent=19684"}],"wp:term":[{"taxonomy":"product_brand","embeddable":true,"href":"https:\/\/emprowear.com\/en_us\/wp-json\/wp\/v2\/product_brand?post=19684"},{"taxonomy":"product_cat","embeddable":true,"href":"https:\/\/emprowear.com\/en_us\/wp-json\/wp\/v2\/product_cat?post=19684"},{"taxonomy":"product_tag","embeddable":true,"href":"https:\/\/emprowear.com\/en_us\/wp-json\/wp\/v2\/product_tag?post=19684"}],"curies":[{"name":"wp","href":"https:\/\/api.w.org\/{rel}","templated":true}]}}