{"id":19370,"date":"2025-01-09T13:58:00","date_gmt":"2025-01-09T12:58:00","guid":{"rendered":"https:\/\/emprowear.com\/?post_type=product&#038;p=19370"},"modified":"2025-02-05T18:16:19","modified_gmt":"2025-02-05T17:16:19","slug":"legging-ifbb-pro-gris-privado","status":"publish","type":"product","link":"https:\/\/emprowear.com\/en_us\/tienda\/legging-ifbb-pro-gris-privado\/","title":{"rendered":"LEGGING IFBB PRO GRIS PRIVADA"},"content":{"rendered":"<div class=\"product__description rte quick-add-hidden\">\n<p><strong>Caracter\u00edsticas<\/strong><\/p>\n<p style=\"padding-left: 40px;\">Banda extendida de cintura para un entrenamiento sin resbalismo<\/p>\n<p style=\"padding-left: 40px;\">V cortada de vuelta<\/p>\n<p style=\"padding-left: 40px;\">IFBB PRO Texto de texto en la cadera izquierda, exclusivo logotipo de la insignia IFBB en la espalda<\/p>\n<p><strong>FIT &amp; MATERIALES<\/strong><\/p>\n<p style=\"padding-left: 40px;\">Ajuste c\u00f3modamente apretado<\/p>\n<p style=\"padding-left: 40px;\">81% Nylon, 19% Elastane<\/p>\n<p style=\"padding-left: 40px;\"><strong>ADOCION<\/strong><\/p>\n<p style=\"padding-left: 40px;\">Maureen lleva x-peque\u00f1o y Francielle y Etila est\u00e1n viste de peque\u00f1o.<\/p>\n<\/div>","protected":false},"excerpt":{"rendered":"<p><span style=\"color: #000000;\">Una necesidad de entrenamiento de marca, con un corte halagador.<\/span><\/p>","protected":false},"featured_media":17958,"template":"","meta":[],"product_brand":[],"product_cat":[289],"product_tag":[180,284],"class_list":{"0":"post-19370","1":"product","2":"type-product","3":"status-publish","4":"has-post-thumbnail","6":"product_cat-venta-privada","7":"product_tag-ifbbpro","8":"product_tag-legging","10":"first","11":"instock","12":"taxable","13":"shipping-taxable","14":"purchasable","15":"product-type-variable"},"_links":{"self":[{"href":"https:\/\/emprowear.com\/en_us\/wp-json\/wp\/v2\/product\/19370","targetHints":{"allow":["GET"]}}],"collection":[{"href":"https:\/\/emprowear.com\/en_us\/wp-json\/wp\/v2\/product"}],"about":[{"href":"https:\/\/emprowear.com\/en_us\/wp-json\/wp\/v2\/types\/product"}],"wp:featuredmedia":[{"embeddable":true,"href":"https:\/\/emprowear.com\/en_us\/wp-json\/wp\/v2\/media\/17958"}],"wp:attachment":[{"href":"https:\/\/emprowear.com\/en_us\/wp-json\/wp\/v2\/media?parent=19370"}],"wp:term":[{"taxonomy":"product_brand","embeddable":true,"href":"https:\/\/emprowear.com\/en_us\/wp-json\/wp\/v2\/product_brand?post=19370"},{"taxonomy":"product_cat","embeddable":true,"href":"https:\/\/emprowear.com\/en_us\/wp-json\/wp\/v2\/product_cat?post=19370"},{"taxonomy":"product_tag","embeddable":true,"href":"https:\/\/emprowear.com\/en_us\/wp-json\/wp\/v2\/product_tag?post=19370"}],"curies":[{"name":"wp","href":"https:\/\/api.w.org\/{rel}","templated":true}]}}