{"id":16729,"date":"2023-12-11T11:29:59","date_gmt":"2023-12-11T10:29:59","guid":{"rendered":"https:\/\/emprowear.com\/?post_type=product&#038;p=16729"},"modified":"2025-03-21T12:17:42","modified_gmt":"2025-03-21T11:17:42","slug":"norvell-oasis-airbrush-spray-tan-system","status":"publish","type":"product","link":"https:\/\/emprowear.com\/en_us\/tienda\/norvell-oasis-airbrush-spray-tan-system\/","title":{"rendered":"Norvell Oasis Airbrush Spray Tan System"},"content":{"rendered":"<h3>Norvell Oasis Portable Tanning Machine<\/h3>\n<p><strong>Norvell Oasis<\/strong>Norvell Oasis, a professional-inspired spray tanning gun integrated with a powerful mini turbine, it is a spray tanning device like no other. No bulky floor turbines, no cumbersome hoses, or an adapted paint sprayer.<\/p>\n<p><strong> Oasis<\/strong> Oasis, It is a powerful and compact cosmetic tool, as easy to use as a hair dryer. Its elegant spa appearance and elegant design lines fit into the home or a sophisticated salon. Best of all, the Oasis offers performance that rivals dedicated stand-up spray tanning machines.<\/p>\n<p>The <strong>Oasis<\/strong> Oasis, Features the removable FlexiMyst spray head for easy cleaning and flexibility. This modular tanning system allows you to organize multiple solutions for your daily tanning sessions or simply have a backup if needed. Simply release the latch, remove one head, and swap it for another.<\/p>\n<p>El cabezal rociador <strong>FlexiMyst<\/strong> It is manufactured to a demanding professional standard with all the features you would demand. A fine stainless steel needle and nozzle is used for precise atomization, durability and resistance to corrosive influences. Horizontal and vertical fan spray patterns are available for maximum coverage in a short application time. No, you won't find cheap plastic needles and nozzles here. Yes, this spray mechanism will deliver results comparable to professional floor units, but with unprecedented freedom and flexibility.<\/p>\n<p>Thoughtful engineering, from the backflow prevention valve in the spray head to the dual center-flow air channels and enclosed electric motor, helps isolate the spray mechanism from the electronics, a central goal of the design.<br \/>\nThe base of the unit and the base of the solution bottle form a solid and stable base for the unit to rest on. Just sit it on a flat surface without worrying about it falling. The solution bottle comes with a lid to store unused product. Be sure to buy some extras for additional solution or cleaning fluid!<\/p>\n<p>The unit's trigger controls fluid flow and atomization for fine mist application. A knob on the trigger allows you to set your stop position \u2013 the position you think will give you the best result. This allows you to spray with repeatable and consistent results.<br \/>\nThere is a push-button power switch on the base. As a safety feature, the power cord has a GFCI (ground fault circuit interrupter) plug. When used with a suitable outlet, this plug protects against electrical shock and circuit overheating.<\/p>\n<h4>Characteristic:<\/h4>\n<ul>\n<li>Lightweight, compact and mobile - take it wherever you go!<\/li>\n<li>The turbo fan's powerful airflow rivals full-size spray tanning units.<\/li>\n<li>The micro misting nozzle delivers a flawless, streak-free bronzed glow.<\/li>\n<li>Silent lounge, sound suppression construction.<\/li>\n<li>Removable spray head with corrosion-resistant stainless steel needle\/nozzle<\/li>\n<li>Adjustable spray patterns: horizontal fan, vertical fan and round fan.<\/li>\n<li>No hoses, no bulky cabinets, no paint sprayer<\/li>\n<li>Ground Fault Circuit Interrupt Plug!<\/li>\n<\/ul>\n<h4>Specifications:<\/h4>\n<p>Power: 200 watts<br \/>\nNeedle\/Nozzle Size: 0.5mm<br \/>\nWeight: 2 pounds<br \/>\nVoltage: 110V<br \/>\nNozzle: 0.5mm<br \/>\nCup: 320ml<\/p>\n<p>Obtenga un hermoso bronce tropical, aplicado impecablemente con el instrumento de bronceado en aerosol extraordinariamente compacto Oasis. R\u00edndete a la experiencia. D\u00e9jate transportar a las islas: la suave brisa tropical, la m\u00fasica isle\u00f1a, un ritmo m\u00e1s lento: \u00a1tiempo de isla! Rod\u00e9ate de paisajes ba\u00f1ados por el sol y costas acu\u00e1ticas. Ve a las islas o tr\u00e1elas a casa con el Oasis. Su hermoso bronceado, imbuido de los bronces del sol tropical, le dar\u00e1 ese aspecto de \u00abreci\u00e9n regresado de vacaciones\u00bb durante todo el a\u00f1o.<\/p>\n<p>&nbsp;<\/p>\n<hr \/>\n<p class=\"translation-block\">Remember that all <strong>returns are free<\/strong>, place your order and if there is any problem <strong>we will refund your money and we will send someone to pick up the package.<\/strong><br>\n100% Guaranteed!<\/p>\n<p><strong>You have doubts?<\/strong><br \/>\nConsult them all from our frequently asked questions page by clicking <a href=\"https:\/\/emprowear.com\/en_us\/preguntas-frecuentes\/\">here<\/a>. Or contact us directly at our contact telephone number by clicking on the WhatsApp icon.<\/p>\n<p>&nbsp;<\/p>\n<p>&nbsp;<\/p>","protected":false},"excerpt":{"rendered":"<p>You can now have your own tanning machine at home and avoid the suffering of long hours in the sun to show off a perfect tan.<\/p>","protected":false},"featured_media":16731,"template":"","meta":[],"product_brand":[],"product_cat":[243,56,78],"product_tag":[169,166,173,168,171,167,163,170,164,165,172],"class_list":{"0":"post-16729","1":"product","2":"type-product","3":"status-publish","4":"has-post-thumbnail","6":"product_cat-accesorios-para-bronceado","7":"product_cat-accessories","8":"product_cat-especial-competicion","9":"product_tag-autobronceador","10":"product_tag-bronceado","11":"product_tag-competicion","12":"product_tag-morenito","13":"product_tag-pintura","14":"product_tag-sol","15":"product_tag-tanning","16":"product_tag-tinte","17":"product_tag-top-tan","18":"product_tag-toptan","19":"product_tag-verano","21":"first","22":"instock","23":"taxable","24":"shipping-taxable","25":"purchasable","26":"product-type-simple"},"_links":{"self":[{"href":"https:\/\/emprowear.com\/en_us\/wp-json\/wp\/v2\/product\/16729","targetHints":{"allow":["GET"]}}],"collection":[{"href":"https:\/\/emprowear.com\/en_us\/wp-json\/wp\/v2\/product"}],"about":[{"href":"https:\/\/emprowear.com\/en_us\/wp-json\/wp\/v2\/types\/product"}],"wp:featuredmedia":[{"embeddable":true,"href":"https:\/\/emprowear.com\/en_us\/wp-json\/wp\/v2\/media\/16731"}],"wp:attachment":[{"href":"https:\/\/emprowear.com\/en_us\/wp-json\/wp\/v2\/media?parent=16729"}],"wp:term":[{"taxonomy":"product_brand","embeddable":true,"href":"https:\/\/emprowear.com\/en_us\/wp-json\/wp\/v2\/product_brand?post=16729"},{"taxonomy":"product_cat","embeddable":true,"href":"https:\/\/emprowear.com\/en_us\/wp-json\/wp\/v2\/product_cat?post=16729"},{"taxonomy":"product_tag","embeddable":true,"href":"https:\/\/emprowear.com\/en_us\/wp-json\/wp\/v2\/product_tag?post=16729"}],"curies":[{"name":"wp","href":"https:\/\/api.w.org\/{rel}","templated":true}]}}