{"id":15346,"date":"2022-09-07T13:13:32","date_gmt":"2022-09-07T11:13:32","guid":{"rendered":"https:\/\/emprowear.com\/?post_type=product&#038;p=15346"},"modified":"2025-06-14T10:46:34","modified_gmt":"2025-06-14T08:46:34","slug":"camiseta-69-escote-de-pico-brillante-serie-sixnine","status":"publish","type":"product","link":"https:\/\/emprowear.com\/en_us\/tienda\/camiseta-69-escote-de-pico-brillante-serie-sixnine\/","title":{"rendered":"Sixnine Series Shiny V Neck 69 T-Shirt"},"content":{"rendered":"<p class=\"selectable-text copyable-text\"><span class=\"selectable-text copyable-text\">Si eres un fan de los<strong> brillos<\/strong>, esta camiseta seguramente te va a gustar.\u00a0<\/span><\/p>\n<p class=\"selectable-text copyable-text\">Con ella tendr\u00e1s libertad de movimiento, es c\u00f3moda y confortable. Seguro que llamas la atenci\u00f3n con ella.<\/p>\n<p class=\"selectable-text copyable-text\"><span class=\"selectable-text copyable-text\">Encontrar tu propio estilo no es f\u00e1cil, pero una vez que lo encuentras, te genera felicidad. Y apostamos a que es lo que vas a sentir con la nueva gama de <strong>sixnine<\/strong> con brillantes. Son prendas c\u00f3modas que muy dif\u00edcilmente pasar\u00e0n de moda.<\/span><\/p>\n<p class=\"selectable-text copyable-text\">Made 50% Cotton and 50% Polyester<\/p>\n<p>&nbsp;<\/p>\n<hr \/>\n<p class=\"translation-block\">Remember that all <strong>returns are free<\/strong>, place your order and if there is any problem <strong>we will refund your money and we will send someone to pick up the package.<\/strong><br>\n100% Guaranteed!<\/p>\n<p><strong>You have doubts?<\/strong><br \/>\nConsult them all from our frequently asked questions page by clicking <a href=\"https:\/\/emprowear.com\/en_us\/preguntas-frecuentes\/\">here<\/a>. Or contact us directly at our contact telephone number by clicking on the WhatsApp icon.<\/p>","protected":false},"excerpt":{"rendered":"<p>Llamativa Camiseta de la Serie Sixnine<\/p>\n<p>Decorada con brillantes<\/p>\n<p>Modelo exclusivo!!<\/p>\n<p>&nbsp;<\/p>","protected":false},"featured_media":15345,"template":"","meta":[],"product_brand":[],"product_cat":[77,210],"product_tag":[219,95,217,97,96,94,150],"class_list":{"0":"post-15346","1":"product","2":"type-product","3":"status-publish","4":"has-post-thumbnail","6":"product_cat-camisetas","7":"product_cat-sixnine","8":"product_tag-brillante","9":"product_tag-camiseta","10":"product_tag-capucha","11":"product_tag-empro","12":"product_tag-emprowear","13":"product_tag-oversize","14":"product_tag-sixnine","16":"first","17":"instock","18":"taxable","19":"shipping-taxable","20":"purchasable","21":"product-type-variable"},"_links":{"self":[{"href":"https:\/\/emprowear.com\/en_us\/wp-json\/wp\/v2\/product\/15346","targetHints":{"allow":["GET"]}}],"collection":[{"href":"https:\/\/emprowear.com\/en_us\/wp-json\/wp\/v2\/product"}],"about":[{"href":"https:\/\/emprowear.com\/en_us\/wp-json\/wp\/v2\/types\/product"}],"wp:featuredmedia":[{"embeddable":true,"href":"https:\/\/emprowear.com\/en_us\/wp-json\/wp\/v2\/media\/15345"}],"wp:attachment":[{"href":"https:\/\/emprowear.com\/en_us\/wp-json\/wp\/v2\/media?parent=15346"}],"wp:term":[{"taxonomy":"product_brand","embeddable":true,"href":"https:\/\/emprowear.com\/en_us\/wp-json\/wp\/v2\/product_brand?post=15346"},{"taxonomy":"product_cat","embeddable":true,"href":"https:\/\/emprowear.com\/en_us\/wp-json\/wp\/v2\/product_cat?post=15346"},{"taxonomy":"product_tag","embeddable":true,"href":"https:\/\/emprowear.com\/en_us\/wp-json\/wp\/v2\/product_tag?post=15346"}],"curies":[{"name":"wp","href":"https:\/\/api.w.org\/{rel}","templated":true}]}}