{"id":15320,"date":"2022-09-02T12:17:07","date_gmt":"2022-09-02T10:17:07","guid":{"rendered":"https:\/\/emprowear.com\/?post_type=product&#038;p=15320"},"modified":"2025-01-20T18:58:29","modified_gmt":"2025-01-20T17:58:29","slug":"exclusiva-camiseta-oversize-69-brillante-serie-sixnine-2","status":"publish","type":"product","link":"https:\/\/emprowear.com\/en_us\/tienda\/exclusiva-camiseta-oversize-69-brillante-serie-sixnine-2\/","title":{"rendered":"Exclusive! Oversize T-shirt 69 Brilliant Sixnine Series"},"content":{"rendered":"<p class=\"selectable-text\"><span class=\"selectable-text1\"><span style=\"font-size: 8.5pt; font-family: 'Verdana',sans-serif; color: black;\">Si eres un fan de los brillos, esta camiseta seguramente te va a gustar.\u00a0<\/span><\/span><\/p>\n<p class=\"selectable-text\" style=\"font-variant-ligatures: normal; font-variant-caps: normal; orphans: 2; text-align: start; widows: 2; -webkit-text-stroke-width: 0px; text-decoration-thickness: initial; text-decoration-style: initial; text-decoration-color: initial; word-spacing: 0px;\"><span style=\"font-size: 8.5pt; font-family: 'Verdana',sans-serif; color: black;\">Con ella tendr\u00e1s libertad de movimiento, es c\u00f3moda y confortable. Seguro que llamas la atenci\u00f3n con ella.<\/span><\/p>\n<p class=\"selectable-text\" style=\"font-variant-ligatures: normal; font-variant-caps: normal; orphans: 2; text-align: start; widows: 2; -webkit-text-stroke-width: 0px; text-decoration-thickness: initial; text-decoration-style: initial; text-decoration-color: initial; word-spacing: 0px;\"><span class=\"selectable-text1\"><span style=\"font-size: 8.5pt; font-family: 'Verdana',sans-serif; color: black;\">Encontrar tu propio estilo no es f\u00e1cil, pero una vez que lo encuentras, te genera felicidad. Y apostamos a que es lo que vas a sentir con la nueva gama de\u00a0<\/span><\/span><strong><span style=\"font-size: 8.5pt; font-family: 'Verdana',sans-serif; color: black;\">sixnine<\/span><\/strong><span class=\"selectable-text1\"><span style=\"font-size: 8.5pt; font-family: 'Verdana',sans-serif; color: black;\">\u00a0con brillantes. Son prendas c\u00f3modas que muy dif\u00edcilmente pasaran de moda.<\/span><\/span><\/p>\n<p class=\"selectable-text\" style=\"font-variant-ligatures: normal; font-variant-caps: normal; orphans: 2; text-align: start; widows: 2; -webkit-text-stroke-width: 0px; text-decoration-thickness: initial; text-decoration-style: initial; text-decoration-color: initial; word-spacing: 0px;\"><span class=\"selectable-text1\"><span style=\"font-size: 8.5pt; font-family: 'Verdana',sans-serif; color: black;\">Le\u00a0<\/span><\/span><span style=\"font-size: 8.5pt; font-family: 'Verdana',sans-serif; color: black;\">Made 50% Cotton and 50% Polyester<\/span><\/p>\n<p>&nbsp;<\/p>\n<hr \/>\n<p class=\"translation-block\">Remember that all <strong>returns are free<\/strong>, place your order and if there is any problem <strong>we will refund your money and we will send someone to pick up the package.<\/strong><br>\n100% Guaranteed!<\/p>\n<p><strong>You have doubts?<\/strong><br \/>\nConsult them all from our frequently asked questions page by clicking <a href=\"https:\/\/emprowear.com\/en_us\/preguntas-frecuentes\/\">here<\/a>. Or contact us directly at our contact telephone number by clicking on the WhatsApp icon.<\/p>","protected":false},"excerpt":{"rendered":"<p>Camiseta <strong>Unisex<\/strong>\u00a0 <strong>oversize <\/strong>Sixnine Serie<\/p>\n<p>Decorada con brillantes<\/p>\n<p>Modelo exclusivo!!<\/p>\n<p>&nbsp;<\/p>\n<p class=\"selectable-text copyable-text\"><span class=\"selectable-text copyable-text\">Si eres un fan de los<strong> brillos<\/strong>, esta camiseta seguramente te va a gustar.\u00a0<\/span><\/p>\n<p class=\"selectable-text copyable-text\">Con ella tendr\u00e1s libertad de movimiento, es c\u00f3moda y confortable. Seguro que llamas la atenci\u00f3n con ella.<\/p>\n<p class=\"selectable-text copyable-text\"><span class=\"selectable-text copyable-text\">Encontrar tu propio estilo no es f\u00e1cil, pero una vez que lo encuentras, te genera felicidad. Y apostamos a que es lo que vas a sentir con la nueva gama de <strong>sixnine<\/strong> con brillantes. Son prendas c\u00f3modas que muy dif\u00edcilmente pasaran de moda.<\/span><\/p>\n<p class=\"selectable-text copyable-text\"><span class=\"selectable-text copyable-text\"> Le\u00a0<\/span>Made 50% Cotton and 50% Polyester<\/p>\n<p>&nbsp;<\/p>","protected":false},"featured_media":15328,"template":"","meta":[],"product_brand":[],"product_cat":[77,210],"product_tag":[219,95,217,97,96,94,150],"class_list":{"0":"post-15320","1":"product","2":"type-product","3":"status-publish","4":"has-post-thumbnail","6":"product_cat-camisetas","7":"product_cat-sixnine","8":"product_tag-brillante","9":"product_tag-camiseta","10":"product_tag-capucha","11":"product_tag-empro","12":"product_tag-emprowear","13":"product_tag-oversize","14":"product_tag-sixnine","16":"first","17":"instock","18":"taxable","19":"shipping-taxable","20":"purchasable","21":"product-type-variable"},"_links":{"self":[{"href":"https:\/\/emprowear.com\/en_us\/wp-json\/wp\/v2\/product\/15320","targetHints":{"allow":["GET"]}}],"collection":[{"href":"https:\/\/emprowear.com\/en_us\/wp-json\/wp\/v2\/product"}],"about":[{"href":"https:\/\/emprowear.com\/en_us\/wp-json\/wp\/v2\/types\/product"}],"wp:featuredmedia":[{"embeddable":true,"href":"https:\/\/emprowear.com\/en_us\/wp-json\/wp\/v2\/media\/15328"}],"wp:attachment":[{"href":"https:\/\/emprowear.com\/en_us\/wp-json\/wp\/v2\/media?parent=15320"}],"wp:term":[{"taxonomy":"product_brand","embeddable":true,"href":"https:\/\/emprowear.com\/en_us\/wp-json\/wp\/v2\/product_brand?post=15320"},{"taxonomy":"product_cat","embeddable":true,"href":"https:\/\/emprowear.com\/en_us\/wp-json\/wp\/v2\/product_cat?post=15320"},{"taxonomy":"product_tag","embeddable":true,"href":"https:\/\/emprowear.com\/en_us\/wp-json\/wp\/v2\/product_tag?post=15320"}],"curies":[{"name":"wp","href":"https:\/\/api.w.org\/{rel}","templated":true}]}}