{"id":15099,"date":"2022-07-15T12:57:08","date_gmt":"2022-07-15T10:57:08","guid":{"rendered":"https:\/\/emprowear.com\/?post_type=product&#038;p=15099"},"modified":"2025-01-20T19:07:20","modified_gmt":"2025-01-20T18:07:20","slug":"leggins-polipiel-sixnine","status":"publish","type":"product","link":"https:\/\/emprowear.com\/en_us\/tienda\/leggins-polipiel-sixnine\/","title":{"rendered":"Sixnine Leatherette Leggins"},"content":{"rendered":"<p>\u00bfEst\u00e1s aburrida de lo que tienes en tu vestidor?<\/p>\n<p>Es hora de que le agregues brillo y picard\u00eda con pantalones ultra ajustados que imitan la textura del cuero y se adaptan c\u00f3modamente a tu silueta.<\/p>\n<p>El complemento perfecto para un look casual y moderno, ya sea nocturno, de tardeo o porque no para ir a trabajar. Te sentir\u00e1s c\u00f3moda y muy <strong>sexy<\/strong> con este estilizado legging. Este modelo de cintura alta te ayudar\u00e1 a moldear tu figura. Se adhiere a tu cuerpo para darte una silueta s\u00faper natural.<\/p>\n<p>A toda mujer le gusta sentirse sexy en determinadas ocasiones o en un diario. Nos sentimos m\u00e1s segura de nosotras mismas. Este legging se adapta perfectamente al cuerpo ya que el tejido tiene un componente de elastano que da flexibilidad a la polipiel haciendo que sea c\u00f3modo llevarlo y tener libertad de movimiento.<\/p>\n<p>La Serie<strong> Sixnine<\/strong> est\u00e1 creando una l\u00ednea de ropa con un look casual y atrevido. \u00bfA\u00fan no la conoces? Vis\u00edtala y nos cuentas.<\/p>\n<p>Emprowear siempre utiliza el mejor material para sus creaciones y con esta serie no escatima en detalles. Sus acabados han sido muy estudiados para que hagan de la prenda un art\u00edculo exclusivo.<\/p>\n<p>En la Serie Sixnine podr\u00e1s encontrar vestidos y camisetas con pedrer\u00eda y estampaciones realmente impresionantes. As\u00ed como complementos para rellenar tu outfit.<\/p>\n<p>&nbsp;<\/p>\n<hr \/>\n<p class=\"translation-block\">Remember that all <strong>returns are free<\/strong>, place your order and if there is any problem <strong>we will refund your money and we will send someone to pick up the package.<\/strong><br>\n100% Guaranteed!<\/p>\n<p><strong>You have doubts?<\/strong><br \/>\nConsult them all from our frequently asked questions page by clicking <a href=\"https:\/\/emprowear.com\/en_us\/preguntas-frecuentes\/\">here<\/a>. Or contact us directly at our contact telephone number by clicking on the WhatsApp icon.<\/p>","protected":false},"excerpt":{"rendered":"<p>NEW!! nuevo legging\u00a0 efecto piel.<\/p>\n<p>&nbsp;<\/p>\n<p>&nbsp;<\/p>","protected":false},"featured_media":15106,"template":"","meta":[],"product_brand":[],"product_cat":[104,210],"product_tag":[220,97,105,98,221],"class_list":{"0":"post-15099","1":"product","2":"type-product","3":"status-publish","4":"has-post-thumbnail","6":"product_cat-leggins","7":"product_cat-sixnine","8":"product_tag-cuero","9":"product_tag-empro","10":"product_tag-leggins","11":"product_tag-olympia","12":"product_tag-piel","14":"first","15":"outofstock","16":"taxable","17":"shipping-taxable","18":"purchasable","19":"product-type-variable"},"_links":{"self":[{"href":"https:\/\/emprowear.com\/en_us\/wp-json\/wp\/v2\/product\/15099","targetHints":{"allow":["GET"]}}],"collection":[{"href":"https:\/\/emprowear.com\/en_us\/wp-json\/wp\/v2\/product"}],"about":[{"href":"https:\/\/emprowear.com\/en_us\/wp-json\/wp\/v2\/types\/product"}],"wp:featuredmedia":[{"embeddable":true,"href":"https:\/\/emprowear.com\/en_us\/wp-json\/wp\/v2\/media\/15106"}],"wp:attachment":[{"href":"https:\/\/emprowear.com\/en_us\/wp-json\/wp\/v2\/media?parent=15099"}],"wp:term":[{"taxonomy":"product_brand","embeddable":true,"href":"https:\/\/emprowear.com\/en_us\/wp-json\/wp\/v2\/product_brand?post=15099"},{"taxonomy":"product_cat","embeddable":true,"href":"https:\/\/emprowear.com\/en_us\/wp-json\/wp\/v2\/product_cat?post=15099"},{"taxonomy":"product_tag","embeddable":true,"href":"https:\/\/emprowear.com\/en_us\/wp-json\/wp\/v2\/product_tag?post=15099"}],"curies":[{"name":"wp","href":"https:\/\/api.w.org\/{rel}","templated":true}]}}