{"id":12284,"date":"2021-06-26T15:51:44","date_gmt":"2021-06-26T13:51:44","guid":{"rendered":"https:\/\/emprowear.com\/?page_id=12284"},"modified":"2021-06-26T15:52:50","modified_gmt":"2021-06-26T13:52:50","slug":"thanks","status":"publish","type":"page","link":"https:\/\/emprowear.com\/en_us\/thanks\/","title":{"rendered":"P\u00e1gina de Agradecimiento"},"content":{"rendered":"<hr>\n<h1><center>Gracias por la compra<\/center><\/h1>\n<div>Hemos recibido tu pago v\u00eda Paypal y estamos procesando el pedido en breves tendr\u00e1s informaci\u00f3n. <\/p>\n<p>Para cualquier incidencia comunicate con Silvia de 10-16:00, mediante WhatsApp con el bot\u00f3n de la esquina derecha.<\/p><\/div>\n<div>Puedes revisar tu pago, accediento a tu cuenta Paypal de nuevo. <\/p>\n<p>Un saludo y GRACIAS DE NUEVO POR LA COMPRA<\/p><\/div>\n<hr>\n<p>\n    <a href=\"https:\/\/emprowear.com\/\">VOLVER A TIENDA<\/a>\n<\/p>\n<p><!-- {\"type\":\"layout\",\"children\":[{\"type\":\"section\",\"props\":{\"style\":\"default\",\"width\":\"default\",\"vertical_align\":\"middle\",\"title_position\":\"top-left\",\"title_rotation\":\"left\",\"title_breakpoint\":\"xl\",\"image_position\":\"center-center\"},\"children\":[{\"type\":\"row\",\"children\":[{\"type\":\"column\",\"props\":{\"image_position\":\"center-center\",\"media_overlay_gradient\":\"\"},\"children\":[{\"type\":\"divider\",\"props\":{\"divider_element\":\"hr\"}},{\"type\":\"headline\",\"props\":{\"title_element\":\"h1\",\"content\":\"<center>Gracias por la compra<\\\/center>\"}},{\"type\":\"text\",\"props\":{\"margin\":\"default\",\"column_breakpoint\":\"m\",\"content\":\"Hemos recibido tu pago v\\u00eda Paypal y estamos procesando el pedido en breves tendr\\u00e1s informaci\\u00f3n. \\n\\nPara cualquier incidencia comunicate con Silvia de 10-16:00, mediante WhatsApp con el bot\\u00f3n de la esquina derecha.\"}},{\"type\":\"text\",\"props\":{\"margin\":\"default\",\"column_breakpoint\":\"m\",\"content\":\"Puedes revisar tu pago, accediento a tu cuenta Paypal de nuevo. \\n\\nUn saludo y GRACIAS DE NUEVO POR LA COMPRA\"}},{\"type\":\"divider\",\"props\":{\"divider_element\":\"hr\"}},{\"type\":\"button\",\"props\":{\"grid_column_gap\":\"small\",\"grid_row_gap\":\"small\",\"margin\":\"default\",\"text_align\":\"center\"},\"children\":[{\"type\":\"button_item\",\"props\":{\"button_style\":\"default\",\"icon_align\":\"left\",\"content\":\"VOLVER A TIENDA\",\"link\":\"https:\\\/\\\/emprowear.com\\\/\",\"link_title\":\"Inicio\"}}]}]}]}]},{\"type\":\"section\",\"props\":{\"style\":\"default\",\"width\":\"default\",\"vertical_align\":\"middle\",\"title_position\":\"top-left\",\"title_rotation\":\"left\",\"title_breakpoint\":\"xl\",\"image_position\":\"center-center\"},\"children\":[{\"type\":\"row\",\"children\":[{\"type\":\"column\",\"props\":{\"image_position\":\"center-center\",\"media_overlay_gradient\":\"\"},\"children\":[]}]}]}],\"version\":\"2.3.18\"} --><\/p>\n","protected":false},"excerpt":{"rendered":"<p>Gracias por la compra Hemos recibido tu pago v\u00eda Paypal y estamos procesando el pedido en breves tendr\u00e1s informaci\u00f3n. Para cualquier incidencia comunicate con Silvia de 10-16:00, mediante WhatsApp con el bot\u00f3n de la esquina derecha. Puedes revisar tu pago, accediento a tu cuenta Paypal de nuevo. Un saludo y GRACIAS DE NUEVO POR LA [&hellip;]<\/p>\n","protected":false},"author":6,"featured_media":0,"parent":0,"menu_order":0,"comment_status":"closed","ping_status":"closed","template":"","meta":{"footnotes":""},"class_list":["post-12284","page","type-page","status-publish","hentry"],"_links":{"self":[{"href":"https:\/\/emprowear.com\/en_us\/wp-json\/wp\/v2\/pages\/12284","targetHints":{"allow":["GET"]}}],"collection":[{"href":"https:\/\/emprowear.com\/en_us\/wp-json\/wp\/v2\/pages"}],"about":[{"href":"https:\/\/emprowear.com\/en_us\/wp-json\/wp\/v2\/types\/page"}],"author":[{"embeddable":true,"href":"https:\/\/emprowear.com\/en_us\/wp-json\/wp\/v2\/users\/6"}],"replies":[{"embeddable":true,"href":"https:\/\/emprowear.com\/en_us\/wp-json\/wp\/v2\/comments?post=12284"}],"version-history":[{"count":4,"href":"https:\/\/emprowear.com\/en_us\/wp-json\/wp\/v2\/pages\/12284\/revisions"}],"predecessor-version":[{"id":13166,"href":"https:\/\/emprowear.com\/en_us\/wp-json\/wp\/v2\/pages\/12284\/revisions\/13166"}],"wp:attachment":[{"href":"https:\/\/emprowear.com\/en_us\/wp-json\/wp\/v2\/media?parent=12284"}],"curies":[{"name":"wp","href":"https:\/\/api.w.org\/{rel}","templated":true}]}}