{"id":16913,"date":"2024-03-21T11:08:05","date_gmt":"2024-03-21T10:08:05","guid":{"rendered":"https:\/\/emprowear.com\/?post_type=product&#038;p=16913"},"modified":"2026-04-23T02:05:10","modified_gmt":"2026-04-23T00:05:10","slug":"chaqueta-bomber-empro-tiger-69","status":"publish","type":"product","link":"http:\/\/emprowear.com\/es_es\/tienda\/chaqueta-bomber-empro-tiger-69\/","title":{"rendered":"Chaqueta Bomber Empro Tiger 69"},"content":{"rendered":"<p>Esta pieza \u00fanica fusiona la elegancia del cuero con detalles artesanales exquisitamente bordados, creando una prenda que no pasar\u00e1 desapercibida.<\/p>\n<p>Las mangas de cuero proporcionan un ajuste c\u00f3modo y favorecedor, mientras que los intrincados bordados agregan un toque de distinci\u00f3n y originalidad. El forro interior dorado a\u00f1ade un toque de lujo que te envuelve en confort y estilo en cada uso.<\/p>\n<p>No solo es una prenda de vestir, es una declaraci\u00f3n de estilo. Haz una impresi\u00f3n duradera con nuestra bomber de cuero bordada, una verdadera obra maestra de la moda contempor\u00e1nea. \u00a1Atr\u00e9vete a destacar!<\/p>\n<p><strong>Historia de la chaqueta bomber<\/strong><\/p>\n<p>Su creador, Leslie Lorey Irvin, patent\u00f3 el dise\u00f1o de la primera chaqueta bomber en 1926 con la finalidad de proteger y de abrigar a los\u00a0<strong>aviadores\u00a0<\/strong>a altas cotas de vuelo y a muy bajas temperaturas. La\u00a0<strong>popularidad\u00a0<\/strong>de la chaqueta bomber fue en aumento y se identific\u00f3 tambi\u00e9n a sus portadores con los h\u00e9roes de guerra, por lo que su uso se extendi\u00f3 progresivamente al \u00e1mbito civil de forma natural. Los primeros modelos de chaquetas bomber estaban confeccionados con piel en la parte exterior y con borreguillo en el interior, pero estos materiales se fueron sustituyendo por otros m\u00e1s modernos y ligeros hasta llegar al nylon y al poli\u00e9ster actuales.<\/p>\n<p>El color de la prenda puede tener una peque\u00f1a diferencia respecto a la imagen debido al formato y la iluminaci\u00f3n.<\/p>\n<p>The color of the garment may have a small difference from the image due to the format and lighting.<\/p>\n<hr \/>\n<p>Recuerda que todas las <strong>devoluciones son gratuitas<\/strong>, haz tu pedido y si hay cualquier problema <strong>te devolvemos el dinero y mandaremos a alguien a que vaya a recoger el paquete.<\/strong><br \/>\n\u00a1100% Garantizado!<\/p>\n<p><strong>\u00bfTienes dudas?<\/strong><br \/>\nCons\u00faltalas todas desde nuestra p\u00e1gina de preguntas frecuentes haciendo click <a href=\"https:\/\/emprowear.com\/preguntas-frecuentes\">aqu\u00ed<\/a>. O bien cons\u00faltanos directamente a nuestro tel\u00e9fono de contacto haciendo click en el icono de WhatsApp.<\/p>\n","protected":false},"excerpt":{"rendered":"<p>Chaqueta Bomber Empro Tiger, una chaqueta perfecta para cualquier ocasi\u00f3n. Ligera y c\u00f3moda.<\/p>\n","protected":false},"featured_media":16920,"template":"","meta":[],"product_brand":[],"product_cat":[111,154,210],"product_tag":[108,226,225,133,132,135,142,140,143,134,109,138,139,141,110],"class_list":{"0":"post-16913","1":"product","2":"type-product","3":"status-publish","4":"has-post-thumbnail","6":"product_cat-bomber","7":"product_cat-top-sellers","8":"product_cat-sixnine","9":"product_tag-bomber","10":"product_tag-bomber-blue","11":"product_tag-bomber-emproshow","12":"product_tag-bomber-jacket-girl","13":"product_tag-bomber-jacket-men","14":"product_tag-bomber-jacket-olympia","15":"product_tag-bomber-jacket-original","16":"product_tag-bomber-jacket-orlando","17":"product_tag-bomber-jacket-red","18":"product_tag-bomber-jacket-women","19":"product_tag-chaqueta","20":"product_tag-chaqueta-bomber-hombre","21":"product_tag-chaqueta-bomber-mujer","22":"product_tag-chaqueta-bomber-olympia-las-vegas","23":"product_tag-jacket","25":"first","26":"instock","27":"taxable","28":"shipping-taxable","29":"purchasable","30":"product-type-variable"},"_links":{"self":[{"href":"http:\/\/emprowear.com\/es_es\/wp-json\/wp\/v2\/product\/16913","targetHints":{"allow":["GET"]}}],"collection":[{"href":"http:\/\/emprowear.com\/es_es\/wp-json\/wp\/v2\/product"}],"about":[{"href":"http:\/\/emprowear.com\/es_es\/wp-json\/wp\/v2\/types\/product"}],"wp:featuredmedia":[{"embeddable":true,"href":"http:\/\/emprowear.com\/es_es\/wp-json\/wp\/v2\/media\/16920"}],"wp:attachment":[{"href":"http:\/\/emprowear.com\/es_es\/wp-json\/wp\/v2\/media?parent=16913"}],"wp:term":[{"taxonomy":"product_brand","embeddable":true,"href":"http:\/\/emprowear.com\/es_es\/wp-json\/wp\/v2\/product_brand?post=16913"},{"taxonomy":"product_cat","embeddable":true,"href":"http:\/\/emprowear.com\/es_es\/wp-json\/wp\/v2\/product_cat?post=16913"},{"taxonomy":"product_tag","embeddable":true,"href":"http:\/\/emprowear.com\/es_es\/wp-json\/wp\/v2\/product_tag?post=16913"}],"curies":[{"name":"wp","href":"https:\/\/api.w.org\/{rel}","templated":true}]}}