{"id":17094,"date":"2024-04-26T12:12:37","date_gmt":"2024-04-26T10:12:37","guid":{"rendered":"https:\/\/emprowear.com\/?post_type=product&#038;p=17094"},"modified":"2025-11-20T09:55:46","modified_gmt":"2025-11-20T08:55:46","slug":"bermuda-empro-classic-serie-sixnine-black-white","status":"publish","type":"product","link":"http:\/\/emprowear.com\/en_us\/tienda\/bermuda-empro-classic-serie-sixnine-black-white\/","title":{"rendered":"Bermuda Empro Classic Serie Sixnine Black-White"},"content":{"rendered":"<p>Bermuda de la Serie Sixnine para Empro Classic<\/p>\n<p>Cada marca tiene su sello distintivo y, en nuestro caso, es la colecci\u00f3n Sixnine. Pero, oye, que no lo hemos decidido nosotros\u2026<\/p>\n<p>100% algod\u00f3n. Con el\u00e1sticos en los laterales y bolsillos con cremalleras. Todos los acabados estudiados hasta el \u00faltimo detalle y un dise\u00f1o \u00fanico que lo hace reconocible en todo el mundo.<\/p>\n<p>\u00bfPreparado para llevarte a casa nuestra prenda m\u00e1s elaborada?<\/p>\n<hr \/>\n<p class=\"translation-block\">Remember that all <strong>returns are free<\/strong>, place your order and if there is any problem <strong>we will refund your money and we will send someone to pick up the package.<\/strong><br>\n100% Guaranteed!<\/p>\n<p><strong>You have doubts?<\/strong><br \/>\nConsult them all from our frequently asked questions page by clicking <a href=\"https:\/\/emprowear.com\/en_us\/preguntas-frecuentes\/\">here<\/a>. Or contact us directly at our contact telephone number by clicking on the WhatsApp icon.<\/p>","protected":false},"excerpt":{"rendered":"<p>Bermuda Empro Classic fabricada 100% algod\u00f3n de alta calidad.<\/p>","protected":false},"featured_media":17362,"template":"","meta":[],"product_brand":[],"product_cat":[159,244,112,210],"product_tag":[149,258,257,209,96,148,259,150],"class_list":{"0":"post-17094","1":"product","2":"type-product","3":"status-publish","4":"has-post-thumbnail","6":"product_cat-empro-pro-classic","7":"product_cat-merchandasing-competiciones","8":"product_cat-shorts","9":"product_cat-sixnine","10":"product_tag-149","11":"product_tag-bermuda","12":"product_tag-chandal","13":"product_tag-empro-classic","14":"product_tag-emprowear","15":"product_tag-emprowear69","16":"product_tag-short","17":"product_tag-sixnine","19":"first","20":"instock","21":"taxable","22":"shipping-taxable","23":"purchasable","24":"product-type-variable"},"_links":{"self":[{"href":"http:\/\/emprowear.com\/en_us\/wp-json\/wp\/v2\/product\/17094","targetHints":{"allow":["GET"]}}],"collection":[{"href":"http:\/\/emprowear.com\/en_us\/wp-json\/wp\/v2\/product"}],"about":[{"href":"http:\/\/emprowear.com\/en_us\/wp-json\/wp\/v2\/types\/product"}],"wp:featuredmedia":[{"embeddable":true,"href":"http:\/\/emprowear.com\/en_us\/wp-json\/wp\/v2\/media\/17362"}],"wp:attachment":[{"href":"http:\/\/emprowear.com\/en_us\/wp-json\/wp\/v2\/media?parent=17094"}],"wp:term":[{"taxonomy":"product_brand","embeddable":true,"href":"http:\/\/emprowear.com\/en_us\/wp-json\/wp\/v2\/product_brand?post=17094"},{"taxonomy":"product_cat","embeddable":true,"href":"http:\/\/emprowear.com\/en_us\/wp-json\/wp\/v2\/product_cat?post=17094"},{"taxonomy":"product_tag","embeddable":true,"href":"http:\/\/emprowear.com\/en_us\/wp-json\/wp\/v2\/product_tag?post=17094"}],"curies":[{"name":"wp","href":"https:\/\/api.w.org\/{rel}","templated":true}]}}