{"id":17073,"date":"2024-04-26T11:54:30","date_gmt":"2024-04-26T09:54:30","guid":{"rendered":"https:\/\/emprowear.com\/?post_type=product&#038;p=17073"},"modified":"2025-11-21T16:11:10","modified_gmt":"2025-11-21T15:11:10","slug":"chandal-empro-classic-serie-sixnine-con-capucha-black-red","status":"publish","type":"product","link":"http:\/\/emprowear.com\/en_us\/tienda\/chandal-empro-classic-serie-sixnine-con-capucha-black-red\/","title":{"rendered":"Chandal Empro Classic Serie Sixnine con Capucha Black-Red"},"content":{"rendered":"<p>Chandal de la Serie Sixnine para Empro Classic<\/p>\n<p>Cada marca tiene su sello distintivo y, en nuestro caso, es la colecci\u00f3n Sixnine. Pero, oye, que no lo hemos decidido nosotros\u2026<\/p>\n<p>100% algod\u00f3n, bordados en espalda y manga. Con el\u00e1sticos en los laterales y bolsillos con cremalleras. Todos los acabados estudiados hasta el \u00faltimo detalle y un dise\u00f1o \u00fanico que lo hace reconocible en todo el mundo.<\/p>\n<p>\u00bfPreparado para llevarte a casa nuestra prenda m\u00e1s elaborada?<\/p>\n<hr \/>\n<p class=\"translation-block\">Remember that all <strong>returns are free<\/strong>, place your order and if there is any problem <strong>we will refund your money and we will send someone to pick up the package.<\/strong><br>\n100% Guaranteed!<\/p>\n<p><strong>You have doubts?<\/strong><br \/>\nConsult them all from our frequently asked questions page by clicking <a href=\"https:\/\/emprowear.com\/en_us\/preguntas-frecuentes\/\">here<\/a>. Or contact us directly at our contact telephone number by clicking on the WhatsApp icon.<\/p>","protected":false},"excerpt":{"rendered":"<p>Chanda Empro Classic fabricada 100% algod\u00f3n de alta calidad.<\/p>","protected":false},"featured_media":17227,"template":"","meta":[],"product_brand":[],"product_cat":[93,159,244,210,80],"product_tag":[149,257,109,209,96,148,145,144,110,136,151,98,150,146,147],"class_list":{"0":"post-17073","1":"product","2":"type-product","3":"status-publish","4":"has-post-thumbnail","6":"product_cat-chandal","7":"product_cat-empro-pro-classic","8":"product_cat-merchandasing-competiciones","9":"product_cat-sixnine","10":"product_cat-sudaderas","11":"product_tag-149","12":"product_tag-chandal","13":"product_tag-chaqueta","14":"product_tag-empro-classic","15":"product_tag-emprowear","16":"product_tag-emprowear69","17":"product_tag-hoodie-olympia","18":"product_tag-hoodies","19":"product_tag-jacket","20":"product_tag-jacket-olympia","21":"product_tag-mrolympia","22":"product_tag-olympia","23":"product_tag-sixnine","24":"product_tag-sudadera","25":"product_tag-sudadera-olympia","27":"first","28":"instock","29":"taxable","30":"shipping-taxable","31":"purchasable","32":"product-type-variable"},"_links":{"self":[{"href":"http:\/\/emprowear.com\/en_us\/wp-json\/wp\/v2\/product\/17073","targetHints":{"allow":["GET"]}}],"collection":[{"href":"http:\/\/emprowear.com\/en_us\/wp-json\/wp\/v2\/product"}],"about":[{"href":"http:\/\/emprowear.com\/en_us\/wp-json\/wp\/v2\/types\/product"}],"wp:featuredmedia":[{"embeddable":true,"href":"http:\/\/emprowear.com\/en_us\/wp-json\/wp\/v2\/media\/17227"}],"wp:attachment":[{"href":"http:\/\/emprowear.com\/en_us\/wp-json\/wp\/v2\/media?parent=17073"}],"wp:term":[{"taxonomy":"product_brand","embeddable":true,"href":"http:\/\/emprowear.com\/en_us\/wp-json\/wp\/v2\/product_brand?post=17073"},{"taxonomy":"product_cat","embeddable":true,"href":"http:\/\/emprowear.com\/en_us\/wp-json\/wp\/v2\/product_cat?post=17073"},{"taxonomy":"product_tag","embeddable":true,"href":"http:\/\/emprowear.com\/en_us\/wp-json\/wp\/v2\/product_tag?post=17073"}],"curies":[{"name":"wp","href":"https:\/\/api.w.org\/{rel}","templated":true}]}}