{"id":16749,"date":"2023-12-24T12:43:01","date_gmt":"2023-12-24T11:43:01","guid":{"rendered":"https:\/\/emprowear.com\/?post_type=product&#038;p=16749"},"modified":"2026-04-17T01:54:14","modified_gmt":"2026-04-16T23:54:14","slug":"chaqueta-bomber-empro-sixnine","status":"publish","type":"product","link":"http:\/\/emprowear.com\/en_us\/tienda\/chaqueta-bomber-empro-sixnine\/","title":{"rendered":"Chaqueta Bomber Empro Sixnine"},"content":{"rendered":"<p>NUEVO LANZAMIENTO EN PRIMICIA!!!<\/p>\n<p>Chaqueta Bomber Empro<br \/>\nLa Chaqueta Bomber Empro una chaqueta perfecta para cualquier ocasi\u00f3n. Ligera y c\u00f3moda.<\/p>\n<p>Solo un modelo exclusivo en Negro por fuera y Rojo por dentro, dise\u00f1ada con el logotipo del campeonato empro y en la espalda el logotipo en grande. Nuestra colecci\u00f3n sigue ampli\u00e1ndose. Podr\u00e1s combinarlas seg\u00fan tu gusto para obtener el mejor look<\/p>\n<p><strong>History of Jacket Bomber<\/strong><\/p>\n<p class=\"translation-block\">Its creator, Leslie Lorey Irvin, patented the design of the first bomber jacket in 1926 in order to protect and keep <strong>aviators<\/strong> warm at high altitudes and at very low temperatures. The <strong>popularity<\/strong> of the bomber jacket was increasing and its wearers were also identified with war heroes, so its use gradually spread to the civilian sphere in a natural way. The first models of bomber jackets were made with leather on the outside and shearling on the inside, but these materials were gradually replaced by more modern and lighter ones until reaching the current nylon and polyester.<\/p>\n<p>100% Polyester<\/p>\n<p><strong>Cuidado de la prenda:<\/strong><\/p>\n<p>introducir la prenda en una bolsa de tela para la lavadora y que est\u00e9 al rev\u00e9s. No lavar con agua caliente y no hacer un centrifugado largo.<\/p>\n<p><strong>Garment care:<\/strong><\/p>\n<p>Put the garment in a cloth bag for the washing machine and turn it inside out. Do not wash with hot water and do not do a long spin.<\/p>\n<hr \/>\n<p class=\"translation-block\">Remember that all <strong>returns are free<\/strong>, place your order and if there is any problem <strong>we will refund your money and we will send someone to pick up the package.<\/strong><br>\n100% Guaranteed!<\/p>\n<p><strong>You have doubts?<\/strong><br \/>\nConsult them all from our frequently asked questions page by clicking <a href=\"https:\/\/emprowear.com\/en_us\/preguntas-frecuentes\/\">here<\/a>. Or contact us directly at our contact telephone number by clicking on the WhatsApp icon.<\/p>","protected":false},"excerpt":{"rendered":"<p>La Chaqueta Bomber Empro Sixnine una chaqueta perfecta para cualquier ocasi\u00f3n. Ligera y c\u00f3moda.<\/p>","protected":false},"featured_media":16756,"template":"","meta":[],"product_brand":[],"product_cat":[111,159,153,210],"product_tag":[108,226,225,133,132,135,142,140,143,134,109,138,139,141,110],"class_list":{"0":"post-16749","1":"product","2":"type-product","3":"status-publish","4":"has-post-thumbnail","6":"product_cat-bomber","7":"product_cat-empro-pro-classic","8":"product_cat-nuevos-productos","9":"product_cat-sixnine","10":"product_tag-bomber","11":"product_tag-bomber-blue","12":"product_tag-bomber-emproshow","13":"product_tag-bomber-jacket-girl","14":"product_tag-bomber-jacket-men","15":"product_tag-bomber-jacket-olympia","16":"product_tag-bomber-jacket-original","17":"product_tag-bomber-jacket-orlando","18":"product_tag-bomber-jacket-red","19":"product_tag-bomber-jacket-women","20":"product_tag-chaqueta","21":"product_tag-chaqueta-bomber-hombre","22":"product_tag-chaqueta-bomber-mujer","23":"product_tag-chaqueta-bomber-olympia-las-vegas","24":"product_tag-jacket","26":"first","27":"instock","28":"taxable","29":"shipping-taxable","30":"purchasable","31":"product-type-variable"},"_links":{"self":[{"href":"http:\/\/emprowear.com\/en_us\/wp-json\/wp\/v2\/product\/16749","targetHints":{"allow":["GET"]}}],"collection":[{"href":"http:\/\/emprowear.com\/en_us\/wp-json\/wp\/v2\/product"}],"about":[{"href":"http:\/\/emprowear.com\/en_us\/wp-json\/wp\/v2\/types\/product"}],"wp:featuredmedia":[{"embeddable":true,"href":"http:\/\/emprowear.com\/en_us\/wp-json\/wp\/v2\/media\/16756"}],"wp:attachment":[{"href":"http:\/\/emprowear.com\/en_us\/wp-json\/wp\/v2\/media?parent=16749"}],"wp:term":[{"taxonomy":"product_brand","embeddable":true,"href":"http:\/\/emprowear.com\/en_us\/wp-json\/wp\/v2\/product_brand?post=16749"},{"taxonomy":"product_cat","embeddable":true,"href":"http:\/\/emprowear.com\/en_us\/wp-json\/wp\/v2\/product_cat?post=16749"},{"taxonomy":"product_tag","embeddable":true,"href":"http:\/\/emprowear.com\/en_us\/wp-json\/wp\/v2\/product_tag?post=16749"}],"curies":[{"name":"wp","href":"https:\/\/api.w.org\/{rel}","templated":true}]}}