{"id":14586,"date":"2022-05-11T15:57:36","date_gmt":"2022-05-11T13:57:36","guid":{"rendered":"https:\/\/emprowear.com\/?post_type=product&#038;p=14586"},"modified":"2024-09-16T09:56:13","modified_gmt":"2024-09-16T07:56:13","slug":"sandow-escultura-trofeo","status":"publish","type":"product","link":"http:\/\/emprowear.com\/en_us\/tienda\/sandow-escultura-trofeo\/","title":{"rendered":"Sandow Sculpture Trophy"},"content":{"rendered":"<p>If you like competition and bodybuilding, you cannot miss the opportunity to have your own Sandow trophy. Made of organic polymer and with perfect finishes. It measures 45cm tall. Nothing more than a statuette.<\/p>\n<p>Eugen Sandow (1867-1925), considerado el padre del culturismo moderno fue el primer deportista que hizo exhibici\u00f3n de su musculatura y el primer organizador de competiciones f\u00edsico culturistas a principios del siglo XX en el Royal Albert Hall con \u00e9l mismo, Sir Arthur Conan Doyle y Sir Charles Lawes como jueces.<\/p>\n<p>He was a really strong man, even compared to today's bodies. He could lift a 110kg dumbbell with one arm in the bench press movement. His physical development was so spectacular that he was exhibited at the World Columbian Exposition in 1894 as a muscular-building artist who suggested the grace and form of the ancient statues of Classical Greece.<\/p>\n<p><img decoding=\"async\" src=\"https:\/\/fitnessvolt.com\/wp-content\/uploads\/2020\/07\/eugen-sandow-workout.jpg\" alt=\"Try This Legendary Eugen Sandow Workout Inspired By The Father Of Modern Bodybuilding \u2013 Fitness Volt\" \/><\/p>\n<p>Sandow naci\u00f3 en la ciudad prusiana de K\u00f6nigsberg en 1867 de padres jud\u00edos y se interes\u00f3 en la forma f\u00edsica cuando visit\u00f3 Italia cuando era ni\u00f1o. Dej\u00f3 Prusia, ir\u00f3nicamente para evitar el servicio militar, y viaj\u00f3 mucho, llegando finalmente a Bruselas, donde fue asesorado por el hombre fuerte Ludwig Durlacher, quien actu\u00f3 bajo el seud\u00f3nimo de Profesor Atilla. Sandow finalmente lleg\u00f3 a Inglaterra y se cas\u00f3 con una inglesa. En 1889, apareci\u00f3 en el escenario del music-hall brit\u00e1nico cuando derrot\u00f3 a otro extravagante hombre fuerte en un concurso de levantamiento de pesas y rompimiento de cadenas. Su fama se aceler\u00f3 y recorri\u00f3 el mundo, pero finalmente se instal\u00f3 en Inglaterra, donde los grandes y los buenos siguieron sus reg\u00edmenes de acondicionamiento f\u00edsico. Incluso se convirti\u00f3 en instructor f\u00edsico del rey Jorge V. Curiosamente, Sandow midi\u00f3 las proporciones de las estatuas antiguas y formul\u00f3 su propio \u00abideal griego\u00bb que intent\u00f3 aplicar a su propio f\u00edsico.<\/p>\n<p>Frederick William Pomeroy was a key member of the New Sculpture Movement which revolutionised British sculpture towards the end of the 19th century. British sculpture was fundamentally changed with the arrival of the French artist Jules Dalou in 1871, who taught the art of figurative sculpture to his students. This had a profound impact on Lord Leighton who, in 1877, unveiled his Athlete Wresting with a Python, in which a muscled youth is frozen in a death match with a deadly snake. Sculptors such as Alfred Gilbert, Harry Bates, and of course, Pomeroy sought to capture naturalistic renderings of human anatomy, in contrast to the impressionistic style of their Parisian contemporaries.<\/p>\n<p>&nbsp;<\/p>\n<p>Pomeroy\u2019s choice of Sandow as a model should be seen as fitting into this narrative. However, it differs from many of the idealised nudes of Gilbert, Leighton and Bates, in being a contemporary portrait of a distinctly fin-de-si\u00e8cle phenomenon: the strongman with his barbells. Appropriately, \u2018enhanced\u2019 casts of Pomeroy\u2019s Sandow are still awarded to winners of the Mr Olympia competition (International Federation of Bodybuilding and Fitness) to this day. The present cast is a particularly beautiful period example with a rich brown patina in very good condition.<\/p>\n<p>&nbsp;<\/p>\n<p>Pomeroy entered the Royal Academy Schools in 1880 and in 1885 won the Gold Medal travelling scholarship. After studying with Marius-Jean-Antonin Merci\u00e9 in Paris and travelling in Italy, he returned to London and began to exhibit with the Arts and Crafts Exhibition Society (1888). Pomeroy was an exponent of the New Sculpture and like many of his contemporaries he executed ideal figures drawn from mythology and literature showing the twin influences of Renaissance Italy and contemporary France. Typical works include the bronze Dionysius (1890; London, Tate) and Love the Conqueror (1893; Liverpool, Walker A.G.). Numerous strongly modeled monumental works in bronze include Robert Burns (1894; Paisley), Dean Hook (1901; Leeds) and four colossal figures (1905) for Vauxhall Bridge, London. Pomeroy was made ARA in 1907, Master of the Art Workers\u2019 Guild in 1908, a council member of the Royal Society of British Sculptors in 1914 and RA in 1917.<\/p>\n<hr \/>\n<p class=\"translation-block\">Remember that all <strong>returns are free<\/strong>, place your order and if there is any problem <strong>we will refund your money and we will send someone to pick up the package.<\/strong><br>\n100% Guaranteed!<\/p>\n<p><strong>You have doubts?<\/strong><br \/>\nConsult them all from our frequently asked questions page by clicking <a href=\"https:\/\/emprowear.com\/en_us\/preguntas-frecuentes\/\">here<\/a>. Or contact us directly at our contact telephone number by clicking on the WhatsApp icon.<\/p>","protected":false},"excerpt":{"rendered":"<p>Collection piece 45\u00d714.5\u00d713 (cm)<\/p>\n<p>The most coveted trophy in the world of Bodybuilding and with unique finishes<\/p>","protected":false},"featured_media":14635,"template":"","meta":[],"product_brand":[],"product_cat":[56,51,244,156],"product_tag":[169,166,173,168,171,167,163,170,164,165,172],"class_list":{"0":"post-14586","1":"product","2":"type-product","3":"status-publish","4":"has-post-thumbnail","6":"product_cat-accessories","7":"product_cat-complementos-outfit","8":"product_cat-merchandasing-competiciones","9":"product_cat-olympia","10":"product_tag-autobronceador","11":"product_tag-bronceado","12":"product_tag-competicion","13":"product_tag-morenito","14":"product_tag-pintura","15":"product_tag-sol","16":"product_tag-tanning","17":"product_tag-tinte","18":"product_tag-top-tan","19":"product_tag-toptan","20":"product_tag-verano","22":"first","23":"outofstock","24":"taxable","25":"shipping-taxable","26":"purchasable","27":"product-type-simple"},"_links":{"self":[{"href":"http:\/\/emprowear.com\/en_us\/wp-json\/wp\/v2\/product\/14586","targetHints":{"allow":["GET"]}}],"collection":[{"href":"http:\/\/emprowear.com\/en_us\/wp-json\/wp\/v2\/product"}],"about":[{"href":"http:\/\/emprowear.com\/en_us\/wp-json\/wp\/v2\/types\/product"}],"wp:featuredmedia":[{"embeddable":true,"href":"http:\/\/emprowear.com\/en_us\/wp-json\/wp\/v2\/media\/14635"}],"wp:attachment":[{"href":"http:\/\/emprowear.com\/en_us\/wp-json\/wp\/v2\/media?parent=14586"}],"wp:term":[{"taxonomy":"product_brand","embeddable":true,"href":"http:\/\/emprowear.com\/en_us\/wp-json\/wp\/v2\/product_brand?post=14586"},{"taxonomy":"product_cat","embeddable":true,"href":"http:\/\/emprowear.com\/en_us\/wp-json\/wp\/v2\/product_cat?post=14586"},{"taxonomy":"product_tag","embeddable":true,"href":"http:\/\/emprowear.com\/en_us\/wp-json\/wp\/v2\/product_tag?post=14586"}],"curies":[{"name":"wp","href":"https:\/\/api.w.org\/{rel}","templated":true}]}}