{"id":12806,"date":"2021-06-08T13:51:26","date_gmt":"2021-06-08T11:51:26","guid":{"rendered":"https:\/\/emprowear.com\/?post_type=product&#038;p=12806"},"modified":"2026-04-23T02:05:12","modified_gmt":"2026-04-23T00:05:12","slug":"sudadera-oficial-o-1965","status":"publish","type":"product","link":"http:\/\/emprowear.com\/en_us\/tienda\/sudadera-oficial-o-1965\/","title":{"rendered":"Sudadera Oficial O 1965"},"content":{"rendered":"<p>La sudadera, como bien dice su nombre, fue confeccionada como ropa de trabajo para absorber el sudor. Con el tiempo se ha convertido en una prenda de moda en la que no solo se utiliza para hacer deporte, tambi\u00e9n para vestir. Aunque cierto es que el entrenar con ella aumenta la temperatura de tu cuerpo, aumenta la circulaci\u00f3n y la frecuencia card\u00edaca en un esfuerzo por mantener la temperatura corporal.<\/p>\n<p>Nuestra sudadera de la serie Olympia la puedes utilizar tanto para entrenar como para ir en plan casual.<\/p>\n<p>Su composici\u00f3n es de 50% de algod\u00f3n y 50% de poly\u00e9ster.<\/p>\n<p>Puedes completar tu look con toda la serie Olympia 1965 negra.<\/p>\n<p>The color of the garment may have a little difference from the image due to format and lighting.<\/p>\n<p>The color of the garment may have a small difference from the image due to the format and lighting<\/p>\n<p>&nbsp;<\/p>\n<p><strong>Consejos para lavar las prendas subliminadas<\/strong><\/p>\n<ul>\n<li>importante\u00a0<strong>separar los colores oscuros de los claros<\/strong>.<\/li>\n<li><strong>Lavar las camisetas del rev\u00e9s<\/strong>, as\u00ed el estampado no rozar\u00e1 con el tambor de la lavadora.<\/li>\n<li><strong>Lavar en agua fr\u00eda<\/strong>: no m\u00e1s de 30\u00baC.<\/li>\n<li><strong>No lavar en seco<\/strong>.<\/li>\n<li><strong>No usar lej\u00eda<\/strong>\u00a0ni jabones abrasivos y evitar el uso de suavizantes.<\/li>\n<\/ul>\n<ul>\n<li><strong>No utilizar secadora<\/strong>, preferiblemente.<\/li>\n<li><strong>No estrujar las prendas<\/strong>.<\/li>\n<li><strong>Planchar del rev\u00e9s<\/strong>, a m\u00e1ximo 110\u00baC y evitando utilizar vapor.<\/li>\n<li><strong>No dormir con camisetas personalizadas<\/strong>\u00a0para evitar el desgaste.<\/li>\n<\/ul>\n<p>&nbsp;<\/p>\n<p><strong>Tips for washing subliminated garments<\/strong><\/p>\n<p>&nbsp;<\/p>\n<ul>\n<li>Important to <strong>separate dark colors from light ones.<\/strong><\/li>\n<li><strong>Wash the t-shirts inside out<\/strong>, so the print will not rub against the washing machine drum.<\/li>\n<li><strong>Wash in cold water<\/strong>: no more than 30\u00baC.<\/li>\n<li><strong>Do not dry clean.<\/strong><\/li>\n<li><strong>Do not use bleach<\/strong> or abrasive soaps and avoid the use of fabric softeners.<\/li>\n<li><strong>Preferably do not use a dryer.<\/strong><\/li>\n<li><strong>Do not wring the clothes.<\/strong><\/li>\n<li><strong>Iron inside out<\/strong>, at a maximum of 110\u00baC and avoiding using steam.<\/li>\n<li><strong>Do not sleep with personalized<\/strong> t-shirts to avoid wear and tear.<\/li>\n<\/ul>\n<p>&nbsp;<\/p>\n<hr \/>\n<p class=\"translation-block\">Remember that all <strong>returns are free<\/strong>, place your order and if there is any problem <strong>we will refund your money and we will send someone to pick up the package.<\/strong><br>\n100% Guaranteed!<\/p>\n<p><strong>You have doubts?<\/strong><br \/>\nConsult them all from our frequently asked questions page by clicking <a href=\"https:\/\/emprowear.com\/en_us\/preguntas-frecuentes\/\">here<\/a>. Or contact us directly at our contact telephone number by clicking on the WhatsApp icon.<\/p>","protected":false},"excerpt":{"rendered":"<p>Olympia 1965 Sweatshirt<\/p>\n<p>50% cotton 50% polyester<\/p>","protected":false},"featured_media":12822,"template":"","meta":[],"product_brand":[],"product_cat":[244,288,80],"product_tag":[95,97,96,98,94],"class_list":{"0":"post-12806","1":"product","2":"type-product","3":"status-publish","4":"has-post-thumbnail","6":"product_cat-merchandasing-competiciones","7":"product_cat-serie-olympia-1965","8":"product_cat-sudaderas","9":"product_tag-camiseta","10":"product_tag-empro","11":"product_tag-emprowear","12":"product_tag-olympia","13":"product_tag-oversize","15":"first","16":"instock","17":"taxable","18":"shipping-taxable","19":"purchasable","20":"product-type-variable"},"_links":{"self":[{"href":"http:\/\/emprowear.com\/en_us\/wp-json\/wp\/v2\/product\/12806","targetHints":{"allow":["GET"]}}],"collection":[{"href":"http:\/\/emprowear.com\/en_us\/wp-json\/wp\/v2\/product"}],"about":[{"href":"http:\/\/emprowear.com\/en_us\/wp-json\/wp\/v2\/types\/product"}],"wp:featuredmedia":[{"embeddable":true,"href":"http:\/\/emprowear.com\/en_us\/wp-json\/wp\/v2\/media\/12822"}],"wp:attachment":[{"href":"http:\/\/emprowear.com\/en_us\/wp-json\/wp\/v2\/media?parent=12806"}],"wp:term":[{"taxonomy":"product_brand","embeddable":true,"href":"http:\/\/emprowear.com\/en_us\/wp-json\/wp\/v2\/product_brand?post=12806"},{"taxonomy":"product_cat","embeddable":true,"href":"http:\/\/emprowear.com\/en_us\/wp-json\/wp\/v2\/product_cat?post=12806"},{"taxonomy":"product_tag","embeddable":true,"href":"http:\/\/emprowear.com\/en_us\/wp-json\/wp\/v2\/product_tag?post=12806"}],"curies":[{"name":"wp","href":"https:\/\/api.w.org\/{rel}","templated":true}]}}