{"id":209,"date":"2019-04-01T14:09:08","date_gmt":"2019-04-01T12:09:08","guid":{"rendered":"http:\/\/emprowear.com\/sh0p\/carrito\/"},"modified":"2022-05-24T12:52:43","modified_gmt":"2022-05-24T10:52:43","slug":"carrito","status":"publish","type":"page","link":"http:\/\/emprowear.com\/en_us\/carrito\/","title":{"rendered":"Cart"},"content":{"rendered":"<h1>Carrito<\/h1>\n<div>\n\n<\/div>\n<div>\n<div class=\"jdgm-widget jdgm-verified-badge \"> <style>.jdgm-verified-badge{display: none}<\/style> <style><\/style> <div class=\"jdgm-verified-badge__wrapper\"> <div class=\"jdgm-verified-badge__image\" data-url=\"\/e-hSPrJ_Ak6jB1oNJ-x9gQ.png\"><\/div> <div class=\"jdgm-verified-badge__total\">175<\/div> <div class=\"jdgm-verified-badge__text\">Verified Reviews<\/div> <div class=\"jdgm-verified-badge__stars\"><span class='jdgm-star jdgm--on'><\/span><span class='jdgm-star jdgm--on'><\/span><span class='jdgm-star jdgm--on'><\/span><span class='jdgm-star jdgm--on'><\/span><span class='jdgm-star jdgm--on'><\/span><\/div> <\/div> <\/div><\/div>\n<div>\n<p>        <img decoding=\"async\" src=\"\/wp-content\/uploads\/money-back.svg\" alt=\"\"><\/p>\n<div>\n<p>60 D\u00cdAS <br \/>GARANT\u00cdA DE DEVOLUCI\u00d3N<\/p>\n<\/div>\n<\/div>\n<div>\n<p>        <img decoding=\"async\" src=\"\/wp-content\/uploads\/express-delivery.svg\" alt=\"\"><\/p>\n<div>\n<p>1 D\u00cdA PEN\u00cdNSULA<br \/>5-10 D\u00cdAS FUERA ESPA\u00d1A<\/p>\n<\/div>\n<\/div>\n<p><img decoding=\"async\" src=\"\/wp-content\/uploads\/carrusel-logos-de-pago.svg\" alt=\"\"><\/p>\n<p><!--more--><br \/>\n<!-- {\"type\":\"layout\",\"children\":[{\"type\":\"section\",\"props\":{\"style\":\"default\",\"width\":\"default\",\"vertical_align\":\"middle\",\"title_position\":\"top-left\",\"title_rotation\":\"left\",\"title_breakpoint\":\"xl\",\"image_position\":\"center-center\",\"padding_remove_bottom\":false,\"padding_remove_top\":false},\"children\":[{\"type\":\"row\",\"children\":[{\"type\":\"column\",\"props\":{\"position_sticky_breakpoint\":\"m\",\"image_position\":\"center-center\",\"media_overlay_gradient\":\"\"},\"children\":[{\"type\":\"headline\",\"props\":{\"title_element\":\"h1\",\"content\":\"Carrito\"}},{\"type\":\"html\",\"props\":{\"content\":\"[woocommerce_cart]\\n\"}}]}]}]},{\"type\":\"section\",\"props\":{\"style\":\"default\",\"width\":\"default\",\"vertical_align\":\"middle\",\"title_position\":\"top-left\",\"title_rotation\":\"left\",\"title_breakpoint\":\"xl\",\"image_position\":\"center-center\",\"padding_remove_top\":true,\"padding_remove_bottom\":true},\"children\":[{\"type\":\"row\",\"props\":{\"layout\":\"1-2,1-2\"},\"children\":[{\"type\":\"column\",\"props\":{\"position_sticky_breakpoint\":\"m\",\"image_position\":\"center-center\",\"media_overlay_gradient\":\"\",\"width_medium\":\"1-2\"},\"children\":[]},{\"type\":\"column\",\"props\":{\"position_sticky_breakpoint\":\"m\",\"image_position\":\"center-center\",\"media_overlay_gradient\":\"\",\"width_medium\":\"1-2\"},\"children\":[{\"type\":\"html\",\"props\":{\"content\":\"[jgm-verified-badge]\"}}]}]}]},{\"type\":\"section\",\"props\":{\"style\":\"default\",\"width\":\"default\",\"vertical_align\":\"middle\",\"title_position\":\"top-left\",\"title_rotation\":\"left\",\"title_breakpoint\":\"xl\",\"image_position\":\"center-center\",\"padding_remove_top\":true,\"padding_remove_bottom\":false},\"children\":[{\"type\":\"row\",\"props\":{\"layout\":\"1-4,1-4,1-4,1-4|1-2,1-2,1-2,1-2\"},\"children\":[{\"type\":\"column\",\"props\":{\"position_sticky_breakpoint\":\"m\",\"image_position\":\"center-center\",\"media_overlay_gradient\":\"\",\"width_medium\":\"1-4\",\"width_small\":\"1-2\"},\"children\":[]},{\"type\":\"column\",\"props\":{\"position_sticky_breakpoint\":\"m\",\"image_position\":\"center-center\",\"media_overlay_gradient\":\"\",\"width_medium\":\"1-4\",\"width_small\":\"1-2\"},\"children\":[]},{\"type\":\"column\",\"props\":{\"position_sticky_breakpoint\":\"m\",\"image_position\":\"center-center\",\"media_overlay_gradient\":\"\",\"width_medium\":\"1-4\",\"width_small\":\"1-2\"},\"children\":[{\"type\":\"panel\",\"props\":{\"link_text\":\"Read more\",\"title_hover_style\":\"reset\",\"title_element\":\"h3\",\"title_align\":\"top\",\"title_grid_width\":\"1-2\",\"title_grid_breakpoint\":\"m\",\"meta_style\":\"meta\",\"meta_align\":\"below-title\",\"meta_element\":\"div\",\"content_column_breakpoint\":\"m\",\"icon_width\":80,\"image_align\":\"top\",\"image_grid_width\":\"1-2\",\"image_grid_breakpoint\":\"m\",\"image_svg_color\":\"emphasis\",\"link_style\":\"default\",\"margin\":\"default\",\"content\":\"\n\n<p>60 D\\u00cdAS <br \\\/>GARANT\\u00cdA DE DEVOLUCI\\u00d3N<\\\/p>\",\"text_align\":\"center\",\"title\":\"\",\"image\":\"wp-content\\\/uploads\\\/money-back.svg\",\"image_width\":\"150\"}}]},{\"type\":\"column\",\"props\":{\"position_sticky_breakpoint\":\"m\",\"image_position\":\"center-center\",\"media_overlay_gradient\":\"\",\"width_medium\":\"1-4\",\"width_small\":\"1-2\"},\"children\":[{\"type\":\"panel\",\"props\":{\"link_text\":\"Read more\",\"title_hover_style\":\"reset\",\"title_element\":\"h3\",\"title_align\":\"top\",\"title_grid_width\":\"1-2\",\"title_grid_breakpoint\":\"m\",\"meta_style\":\"meta\",\"meta_align\":\"below-title\",\"meta_element\":\"div\",\"content_column_breakpoint\":\"m\",\"icon_width\":80,\"image_align\":\"top\",\"image_grid_width\":\"1-2\",\"image_grid_breakpoint\":\"m\",\"image_svg_color\":\"emphasis\",\"link_style\":\"default\",\"margin\":\"default\",\"content\":\"\n\n<p>1 D\\u00cdA PEN\\u00cdNSULA<br \\\/>5-10 D\\u00cdAS FUERA ESPA\\u00d1A<\\\/p>\",\"text_align\":\"center\",\"image\":\"wp-content\\\/uploads\\\/express-delivery.svg\",\"image_width\":\"150\"}}]}]}]},{\"type\":\"section\",\"props\":{\"style\":\"default\",\"width\":\"default\",\"vertical_align\":\"middle\",\"title_position\":\"top-left\",\"title_rotation\":\"left\",\"title_breakpoint\":\"xl\",\"image_position\":\"center-center\",\"padding_remove_top\":true,\"padding_remove_bottom\":false},\"children\":[{\"type\":\"row\",\"props\":{\"layout\":\"1-2,1-2\"},\"children\":[{\"type\":\"column\",\"props\":{\"position_sticky_breakpoint\":\"m\",\"image_position\":\"center-center\",\"media_overlay_gradient\":\"\",\"width_medium\":\"1-2\"},\"children\":[]},{\"type\":\"column\",\"props\":{\"position_sticky_breakpoint\":\"m\",\"image_position\":\"center-center\",\"media_overlay_gradient\":\"\",\"width_medium\":\"1-2\"},\"children\":[{\"type\":\"image\",\"props\":{\"margin\":\"default\",\"image_svg_color\":\"emphasis\",\"image\":\"wp-content\\\/uploads\\\/carrusel-logos-de-pago.svg\"}}]}]}]}],\"version\":\"2.7.22\"} --><\/p>\n","protected":false},"excerpt":{"rendered":"<p>Carrito 60 D\u00cdAS GARANT\u00cdA DE DEVOLUCI\u00d3N 1 D\u00cdA PEN\u00cdNSULA5-10 D\u00cdAS FUERA ESPA\u00d1A<\/p>","protected":false},"author":1,"featured_media":0,"parent":0,"menu_order":0,"comment_status":"closed","ping_status":"closed","template":"","meta":{"footnotes":""},"class_list":["post-209","page","type-page","status-publish","hentry"],"_links":{"self":[{"href":"http:\/\/emprowear.com\/en_us\/wp-json\/wp\/v2\/pages\/209","targetHints":{"allow":["GET"]}}],"collection":[{"href":"http:\/\/emprowear.com\/en_us\/wp-json\/wp\/v2\/pages"}],"about":[{"href":"http:\/\/emprowear.com\/en_us\/wp-json\/wp\/v2\/types\/page"}],"author":[{"embeddable":true,"href":"http:\/\/emprowear.com\/en_us\/wp-json\/wp\/v2\/users\/1"}],"replies":[{"embeddable":true,"href":"http:\/\/emprowear.com\/en_us\/wp-json\/wp\/v2\/comments?post=209"}],"version-history":[{"count":7,"href":"http:\/\/emprowear.com\/en_us\/wp-json\/wp\/v2\/pages\/209\/revisions"}],"predecessor-version":[{"id":14809,"href":"http:\/\/emprowear.com\/en_us\/wp-json\/wp\/v2\/pages\/209\/revisions\/14809"}],"wp:attachment":[{"href":"http:\/\/emprowear.com\/en_us\/wp-json\/wp\/v2\/media?parent=209"}],"curies":[{"name":"wp","href":"https:\/\/api.w.org\/{rel}","templated":true}]}}